{"id":8492,"date":"2016-07-13T19:02:17","date_gmt":"2016-07-13T17:02:17","guid":{"rendered":"https:\/\/plasticatijuana.com\/consulta\/"},"modified":"2024-02-06T21:20:09","modified_gmt":"2024-02-06T20:20:09","slug":"consulta","status":"publish","type":"page","link":"https:\/\/plasticatijuana.com\/es\/consulta\/","title":{"rendered":"Consulta"},"content":{"rendered":"\t\t<div data-elementor-type=\"wp-page\" data-elementor-id=\"8492\" class=\"elementor elementor-8492 elementor-1819\" data-elementor-settings=\"{&quot;element_pack_global_tooltip_width&quot;:{&quot;unit&quot;:&quot;px&quot;,&quot;size&quot;:&quot;&quot;,&quot;sizes&quot;:[]},&quot;element_pack_global_tooltip_width_tablet&quot;:{&quot;unit&quot;:&quot;px&quot;,&quot;size&quot;:&quot;&quot;,&quot;sizes&quot;:[]},&quot;element_pack_global_tooltip_width_mobile&quot;:{&quot;unit&quot;:&quot;px&quot;,&quot;size&quot;:&quot;&quot;,&quot;sizes&quot;:[]},&quot;element_pack_global_tooltip_padding&quot;:{&quot;unit&quot;:&quot;px&quot;,&quot;top&quot;:&quot;&quot;,&quot;right&quot;:&quot;&quot;,&quot;bottom&quot;:&quot;&quot;,&quot;left&quot;:&quot;&quot;,&quot;isLinked&quot;:true},&quot;element_pack_global_tooltip_padding_tablet&quot;:{&quot;unit&quot;:&quot;px&quot;,&quot;top&quot;:&quot;&quot;,&quot;right&quot;:&quot;&quot;,&quot;bottom&quot;:&quot;&quot;,&quot;left&quot;:&quot;&quot;,&quot;isLinked&quot;:true},&quot;element_pack_global_tooltip_padding_mobile&quot;:{&quot;unit&quot;:&quot;px&quot;,&quot;top&quot;:&quot;&quot;,&quot;right&quot;:&quot;&quot;,&quot;bottom&quot;:&quot;&quot;,&quot;left&quot;:&quot;&quot;,&quot;isLinked&quot;:true},&quot;element_pack_global_tooltip_border_radius&quot;:{&quot;unit&quot;:&quot;px&quot;,&quot;top&quot;:&quot;&quot;,&quot;right&quot;:&quot;&quot;,&quot;bottom&quot;:&quot;&quot;,&quot;left&quot;:&quot;&quot;,&quot;isLinked&quot;:true},&quot;element_pack_global_tooltip_border_radius_tablet&quot;:{&quot;unit&quot;:&quot;px&quot;,&quot;top&quot;:&quot;&quot;,&quot;right&quot;:&quot;&quot;,&quot;bottom&quot;:&quot;&quot;,&quot;left&quot;:&quot;&quot;,&quot;isLinked&quot;:true},&quot;element_pack_global_tooltip_border_radius_mobile&quot;:{&quot;unit&quot;:&quot;px&quot;,&quot;top&quot;:&quot;&quot;,&quot;right&quot;:&quot;&quot;,&quot;bottom&quot;:&quot;&quot;,&quot;left&quot;:&quot;&quot;,&quot;isLinked&quot;:true}}\" data-elementor-post-type=\"page\">\n\t\t\t\t<div class=\"elementor-element elementor-element-5c8e6984 e-flex e-con-boxed e-con e-parent\" data-id=\"5c8e6984\" data-element_type=\"container\" data-e-type=\"container\" data-settings=\"{&quot;background_background&quot;:&quot;classic&quot;,&quot;shape_divider_bottom&quot;:&quot;triangle&quot;}\">\n\t\t\t\t\t<div class=\"e-con-inner\">\n\t\t\t\t<div class=\"elementor-shape elementor-shape-bottom\" aria-hidden=\"true\" data-negative=\"false\">\n\t\t\t<svg xmlns=\"http:\/\/www.w3.org\/2000\/svg\" viewBox=\"0 0 1000 100\" preserveAspectRatio=\"none\">\n\t<path class=\"elementor-shape-fill\" d=\"M500,98.9L0,6.1V0h1000v6.1L500,98.9z\"\/>\n<\/svg>\t\t<\/div>\n\t\t<div class=\"elementor-element elementor-element-21a89710 e-con-full e-flex e-con e-child\" data-id=\"21a89710\" data-element_type=\"container\" data-e-type=\"container\">\n\t\t\t\t<div class=\"elementor-element elementor-element-e6b237a elementor-widget elementor-widget-text-editor\" data-id=\"e6b237a\" data-element_type=\"widget\" data-e-type=\"widget\" data-widget_type=\"text-editor.default\">\n\t\t\t\t<div class=\"elementor-widget-container\">\n\t\t\t\t\t\t\t\t\t<p>CONSULTA<\/p>\n\t\t\t\t\t\t\t\t<\/div>\n\t\t\t\t<\/div>\n\t\t\t\t<div class=\"elementor-element elementor-element-4703cb92 animated-slow elementor-invisible elementor-widget elementor-widget-heading\" data-id=\"4703cb92\" data-element_type=\"widget\" data-e-type=\"widget\" data-settings=\"{&quot;_animation&quot;:&quot;fadeInLeft&quot;}\" data-widget_type=\"heading.default\">\n\t\t\t\t<div class=\"elementor-widget-container\">\n\t\t\t\t\t<h5 class=\"elementor-heading-title elementor-size-default\">NUESTROS CIRUJANOS CERTIFICADOS <span>ADOPTAN UN ENFOQUE H\u00c1BIL Y ART\u00cdSTICO <br> DE LA CIRUG\u00cdA PL\u00c1STICA<\/span> <\/h5>\t\t\t\t<\/div>\n\t\t\t\t<\/div>\n\t\t\t\t<\/div>\n\t\t<div class=\"elementor-element elementor-element-5fa8a0c4 e-flex e-con-boxed e-con e-child\" data-id=\"5fa8a0c4\" data-element_type=\"container\" data-e-type=\"container\">\n\t\t\t\t\t<div class=\"e-con-inner\">\n\t\t\t\t\t<\/div>\n\t\t\t\t<\/div>\n\t\t\t\t\t<\/div>\n\t\t\t\t<\/div>\n\t\t<div class=\"elementor-element elementor-element-f6d9d99 e-flex e-con-boxed e-con e-parent\" data-id=\"f6d9d99\" data-element_type=\"container\" data-e-type=\"container\">\n\t\t\t\t\t<div class=\"e-con-inner\">\n\t\t\t\t<div class=\"elementor-element elementor-element-756c923 animated-slow elementor-invisible elementor-widget elementor-widget-heading\" data-id=\"756c923\" data-element_type=\"widget\" data-e-type=\"widget\" data-settings=\"{&quot;_animation&quot;:&quot;fadeInLeft&quot;}\" data-widget_type=\"heading.default\">\n\t\t\t\t<div class=\"elementor-widget-container\">\n\t\t\t\t\t<h5 class=\"elementor-heading-title elementor-size-default\">LA CONSULTA ES UNO DE LOS PASOS M\u00c1S IMPORTANTES EN LA SELECCI\u00d3N DE SU CIRUJANO PL\u00c1STICO. UNA CONSULTA EXITOSA DEBE SER EXHAUSTIVA Y GARANTIZAR QUE SE ABORDEN VARIOS PUNTOS CLAVE.\n<\/h5>\t\t\t\t<\/div>\n\t\t\t\t<\/div>\n\t\t\t\t\t<\/div>\n\t\t\t\t<\/div>\n\t\t\t\t<section class=\"elementor-section elementor-top-section elementor-element elementor-element-43bd7d9 elementor-section-content-middle elementor-section-boxed elementor-section-height-default elementor-section-height-default\" data-id=\"43bd7d9\" data-element_type=\"section\" data-e-type=\"section\" data-settings=\"{&quot;background_background&quot;:&quot;classic&quot;}\">\n\t\t\t\t\t\t<div class=\"elementor-container elementor-column-gap-default\">\n\t\t\t\t\t<div class=\"elementor-column elementor-col-50 elementor-top-column elementor-element elementor-element-ff43ea1\" data-id=\"ff43ea1\" data-element_type=\"column\" data-e-type=\"column\">\n\t\t\t<div class=\"elementor-widget-wrap elementor-element-populated\">\n\t\t\t\t\t\t<div class=\"elementor-element elementor-element-083d0e2 elementor-widget elementor-widget-heading\" data-id=\"083d0e2\" data-element_type=\"widget\" data-e-type=\"widget\" data-widget_type=\"heading.default\">\n\t\t\t\t<div class=\"elementor-widget-container\">\n\t\t\t\t\t<h2 class=\"elementor-heading-title elementor-size-default\"><b>Consulta de cirug\u00eda<\/b> pl\u00e1stica\n<\/h2>\t\t\t\t<\/div>\n\t\t\t\t<\/div>\n\t\t\t\t<div class=\"elementor-element elementor-element-a721421 elementor-widget elementor-widget-text-editor\" data-id=\"a721421\" data-element_type=\"widget\" data-e-type=\"widget\" data-widget_type=\"text-editor.default\">\n\t\t\t\t<div class=\"elementor-widget-container\">\n\t\t\t\t\t\t\t\t\t<div class=\"wpb_text_column wpb_content_element bs-vc-block\">\n<div class=\"wpb_wrapper\">\n<p>En Plastica Tijuana Surgery, nos enorgullecemos de ofrecer el m\u00e1s alto nivel de atenci\u00f3n al paciente. En el centro de esta filosof\u00eda est\u00e1 nuestra atenci\u00f3n al proceso de consulta.<\/p>\n<\/div>\n<\/div>\n<div class=\"wpb_text_column wpb_content_element bs-vc-block\">\n<div class=\"wpb_wrapper\">\n<p><strong>Proceso de consulta<\/strong><\/p>\n<p>En primer lugar, la conversaci\u00f3n con su posible cirujano debe definir claramente sus objetivos est\u00e9ticos. Al fin y al cabo, no se pueden discutir opciones de \u00e9xito si no se han definido bien los resultados deseados.<\/p>\n<p>El siguiente aspecto de la consulta, igualmente importante, es la exploraci\u00f3n f\u00edsica. Aqu\u00ed, su posible cirujano deber\u00e1 examinarle personalmente, centr\u00e1ndose en las zonas en cuesti\u00f3n.<\/p>\n<p>S\u00f3lo despu\u00e9s de su examen f\u00edsico podr\u00e1n discutirse las mejores opciones quir\u00fargicas y no quir\u00fargicas. Este debate sobre las opciones disponibles es el \u00faltimo aspecto importante de una consulta satisfactoria.<\/p>\n<\/div>\n<\/div>\n\t\t\t\t\t\t\t\t<\/div>\n\t\t\t\t<\/div>\n\t\t\t\t\t<\/div>\n\t\t<\/div>\n\t\t\t\t<div class=\"elementor-column elementor-col-50 elementor-top-column elementor-element elementor-element-8fab8ad\" data-id=\"8fab8ad\" data-element_type=\"column\" data-e-type=\"column\">\n\t\t\t<div class=\"elementor-widget-wrap elementor-element-populated\">\n\t\t\t\t\t\t<div class=\"elementor-element elementor-element-eb4c2ce elementor-widget elementor-widget-image\" data-id=\"eb4c2ce\" data-element_type=\"widget\" data-e-type=\"widget\" data-widget_type=\"image.default\">\n\t\t\t\t<div class=\"elementor-widget-container\">\n\t\t\t\t\t\t\t\t\t\t\t\t\t\t\t<img fetchpriority=\"high\" decoding=\"async\" width=\"422\" height=\"600\" src=\"https:\/\/plasticatijuana.com\/wp-content\/uploads\/2024\/01\/admin-ajax.png\" class=\"attachment-large size-large wp-image-8403\" alt=\"\" srcset=\"https:\/\/plasticatijuana.com\/wp-content\/uploads\/2024\/01\/admin-ajax.png 422w, https:\/\/plasticatijuana.com\/wp-content\/uploads\/2024\/01\/admin-ajax-211x300.png 211w\" sizes=\"(max-width: 422px) 100vw, 422px\" \/>\t\t\t\t\t\t\t\t\t\t\t\t\t\t\t<\/div>\n\t\t\t\t<\/div>\n\t\t\t\t\t<\/div>\n\t\t<\/div>\n\t\t\t\t\t<\/div>\n\t\t<\/section>\n\t\t\t\t<section class=\"elementor-section elementor-top-section elementor-element elementor-element-5d8f762 elementor-section-full_width elementor-section-height-default elementor-section-height-default\" data-id=\"5d8f762\" data-element_type=\"section\" data-e-type=\"section\" data-settings=\"{&quot;background_background&quot;:&quot;classic&quot;}\">\n\t\t\t\t\t\t<div class=\"elementor-container elementor-column-gap-no\">\n\t\t\t\t\t<div class=\"elementor-column elementor-col-50 elementor-top-column elementor-element elementor-element-d9fb65d\" data-id=\"d9fb65d\" data-element_type=\"column\" data-e-type=\"column\" data-settings=\"{&quot;background_background&quot;:&quot;classic&quot;}\">\n\t\t\t<div class=\"elementor-widget-wrap elementor-element-populated\">\n\t\t\t\t\t<div class=\"elementor-background-overlay\"><\/div>\n\t\t\t\t\t\t<div class=\"elementor-element elementor-element-7efcacb elementor-widget elementor-widget-image\" data-id=\"7efcacb\" data-element_type=\"widget\" data-e-type=\"widget\" data-widget_type=\"image.default\">\n\t\t\t\t<div class=\"elementor-widget-container\">\n\t\t\t\t\t\t\t\t\t\t\t\t\t\t\t<img decoding=\"async\" width=\"300\" height=\"397\" src=\"https:\/\/plasticatijuana.com\/wp-content\/uploads\/2016\/07\/doctor.jpg\" class=\"attachment-large size-large wp-image-7756\" alt=\"\" srcset=\"https:\/\/plasticatijuana.com\/wp-content\/uploads\/2016\/07\/doctor.jpg 300w, https:\/\/plasticatijuana.com\/wp-content\/uploads\/2016\/07\/doctor-227x300.jpg 227w\" sizes=\"(max-width: 300px) 100vw, 300px\" \/>\t\t\t\t\t\t\t\t\t\t\t\t\t\t\t<\/div>\n\t\t\t\t<\/div>\n\t\t\t\t\t<\/div>\n\t\t<\/div>\n\t\t\t\t<div class=\"elementor-column elementor-col-50 elementor-top-column elementor-element elementor-element-58f98cb\" data-id=\"58f98cb\" data-element_type=\"column\" data-e-type=\"column\" data-settings=\"{&quot;background_background&quot;:&quot;gradient&quot;}\">\n\t\t\t<div class=\"elementor-widget-wrap elementor-element-populated\">\n\t\t\t\t\t<div class=\"elementor-background-overlay\"><\/div>\n\t\t\t\t\t\t<div class=\"elementor-element elementor-element-2ac6c4a elementor-widget elementor-widget-heading\" data-id=\"2ac6c4a\" data-element_type=\"widget\" data-e-type=\"widget\" data-widget_type=\"heading.default\">\n\t\t\t\t<div class=\"elementor-widget-container\">\n\t\t\t\t\t<h2 class=\"elementor-heading-title elementor-size-default\">Proceso de consulta<\/h2>\t\t\t\t<\/div>\n\t\t\t\t<\/div>\n\t\t\t\t<div class=\"elementor-element elementor-element-669e8c9 elementor-widget elementor-widget-text-editor\" data-id=\"669e8c9\" data-element_type=\"widget\" data-e-type=\"widget\" data-widget_type=\"text-editor.default\">\n\t\t\t\t<div class=\"elementor-widget-container\">\n\t\t\t\t\t\t\t\t\t<p>El Dr. Juan Pablo Cervantes es un cirujano pl\u00e1stico y reconstructivo certificado que ha trabajado con algunos de los cirujanos pl\u00e1sticos cosm\u00e9ticos m\u00e1s respetados en M\u00e9xico.<\/p>\n<p>El Dr. Cervantes es conocido sobre todo por su destreza t\u00e9cnica, su ojo para la belleza y sus tratamientos est\u00e9ticos del rostro, los senos y el cuerpo.<\/p>\n<p>El Dr. Cervantes y su personal en Plastica Tijuana Surgery est\u00e1n comprometidos a ayudarle a alcanzar sus metas est\u00e9ticas.<\/p>\n<p>Entendiendo que cada paciente es diferente, su equipo espera conocerle y ofrecerle un plan de tratamiento personalizado para hacer realidad sus objetivos.<\/p>\n\t\t\t\t\t\t\t\t<\/div>\n\t\t\t\t<\/div>\n\t\t\t\t\t<\/div>\n\t\t<\/div>\n\t\t\t\t\t<\/div>\n\t\t<\/section>\n\t\t\t\t<section class=\"elementor-section elementor-top-section elementor-element elementor-element-4379204 elementor-section-content-middle elementor-section-boxed elementor-section-height-default elementor-section-height-default\" data-id=\"4379204\" data-element_type=\"section\" data-e-type=\"section\" data-settings=\"{&quot;background_background&quot;:&quot;classic&quot;}\">\n\t\t\t\t\t\t<div class=\"elementor-container elementor-column-gap-default\">\n\t\t\t\t\t<div class=\"elementor-column elementor-col-100 elementor-top-column elementor-element elementor-element-0014c8d\" data-id=\"0014c8d\" data-element_type=\"column\" data-e-type=\"column\">\n\t\t\t<div class=\"elementor-widget-wrap elementor-element-populated\">\n\t\t\t\t\t\t<div class=\"elementor-element elementor-element-f4d2007 elementor-widget elementor-widget-heading\" data-id=\"f4d2007\" data-element_type=\"widget\" data-e-type=\"widget\" data-widget_type=\"heading.default\">\n\t\t\t\t<div class=\"elementor-widget-container\">\n\t\t\t\t\t<h2 class=\"elementor-heading-title elementor-size-default\"><b>CONSULTA EN<\/b> PLASTICA TIJUANA<\/h2>\t\t\t\t<\/div>\n\t\t\t\t<\/div>\n\t\t\t\t<div class=\"elementor-element elementor-element-c598e9a elementor-widget elementor-widget-text-editor\" data-id=\"c598e9a\" data-element_type=\"widget\" data-e-type=\"widget\" data-widget_type=\"text-editor.default\">\n\t\t\t\t<div class=\"elementor-widget-container\">\n\t\t\t\t\t\t\t\t\t<div class=\"wpb_text_column wpb_content_element bs-vc-block\">\n<div class=\"wpb_wrapper\">\n<p>En Plastica Tijuana Surgery, nos aseguraremos de que su consulta con el Dr. Cervantes sea tan completa e informativa como se describe anteriormente. Nuestras salas de reconocimiento est\u00e1n dise\u00f1adas teniendo en cuenta este proceso de consulta.<\/p>\n<p>La participaci\u00f3n activa del Dr. Cervantes en su proceso de consulta se asegurar\u00e1 de que el plan de tratamiento seleccionado es el m\u00e1s adecuado para ayudarle a alcanzar sus objetivos. \u00c9l se asegurar\u00e1 de que usted se sienta c\u00f3modo y preparado para su procedimiento, haciendo de esta una experiencia muy gratificante.<\/p>\n<\/div>\n<\/div>\n\t\t\t\t\t\t\t\t<\/div>\n\t\t\t\t<\/div>\n\t\t\t\t<div class=\"elementor-element elementor-element-7872f86 elementor-widget elementor-widget-heading\" data-id=\"7872f86\" data-element_type=\"widget\" data-e-type=\"widget\" data-widget_type=\"heading.default\">\n\t\t\t\t<div class=\"elementor-widget-container\">\n\t\t\t\t\t<h2 class=\"elementor-heading-title elementor-size-default\"><b>PREVIA<\/b> CONSULTA\n<\/h2>\t\t\t\t<\/div>\n\t\t\t\t<\/div>\n\t\t\t\t<div class=\"elementor-element elementor-element-f5607de elementor-widget elementor-widget-text-editor\" data-id=\"f5607de\" data-element_type=\"widget\" data-e-type=\"widget\" data-widget_type=\"text-editor.default\">\n\t\t\t\t<div class=\"elementor-widget-container\">\n\t\t\t\t\t\t\t\t\t<div class=\"wpb_text_column wpb_content_element bs-vc-block\">\n<div class=\"wpb_wrapper\">\n<div class=\"wpb_text_column wpb_content_element bs-vc-block\">\n<div class=\"wpb_wrapper\">\n<p>Una vez discutidas todas las opciones y respondidas sus preguntas, un miembro de nuestro equipo le presentar\u00e1 un presupuesto por escrito de los procedimientos discutidos.<\/p>\n<p>Entendemos que la selecci\u00f3n de su cirujano pl\u00e1stico y seguir adelante con la cirug\u00eda es una decisi\u00f3n muy importante y queremos que salga de nuestra consulta sinti\u00e9ndose plenamente informado.<\/p>\n<p>Ll\u00e1menos al 888 259.9262 para concertar una cita hoy mismo&#8230; \u00a1y experimente los efectos de la cirug\u00eda pl\u00e1stica que le cambiar\u00e1n la vida!<\/p>\n<p><strong>\u00a1Le agradecemos por considerar Plastica Tijuana Surgery, y esperamos conocerlo en consulta!<\/strong><\/p>\n<\/div>\n<div class=\"wpb_wrapper\">\n<p>Por Juan Pablo Cervantes y Jacqueline Arag\u00f3n<\/p>\n<\/div>\n<\/div>\n<\/div>\n<\/div>\n\t\t\t\t\t\t\t\t<\/div>\n\t\t\t\t<\/div>\n\t\t\t\t\t<\/div>\n\t\t<\/div>\n\t\t\t\t\t<\/div>\n\t\t<\/section>\n\t\t\t\t<\/div>\n\t\t","protected":false},"excerpt":{"rendered":"<p>CONSULTA NUESTROS CIRUJANOS CERTIFICADOS ADOPTAN UN ENFOQUE H\u00c1BIL Y ART\u00cdSTICO DE LA CIRUG\u00cdA PL\u00c1STICA LA CONSULTA ES UNO DE LOS PASOS M\u00c1S IMPORTANTES EN LA SELECCI\u00d3N DE SU CIRUJANO PL\u00c1STICO. UNA CONSULTA EXITOSA DEBE SER EXHAUSTIVA Y GARANTIZAR QUE SE ABORDEN VARIOS PUNTOS CLAVE. Consulta de cirug\u00eda pl\u00e1stica En Plastica Tijuana Surgery, nos enorgullecemos de [&hellip;]<\/p>\n","protected":false},"author":1,"featured_media":0,"parent":0,"menu_order":0,"comment_status":"closed","ping_status":"closed","template":"","meta":{"footnotes":""},"class_list":["post-8492","page","type-page","status-publish","hentry"],"yoast_head":"<!-- This site is optimized with the Yoast SEO plugin v27.4 - https:\/\/yoast.com\/product\/yoast-seo-wordpress\/ -->\n<title>Consulta | Pl\u00e1stica Tijuana, Cirug\u00eda Pl\u00e1stica y Reconstructiva<\/title>\n<meta name=\"description\" content=\"La consulta es uno de los pasos m\u00e1s importantes en la selecci\u00f3n de su cirujano pl\u00e1stico. Una consulta satisfactoria debe ser exhaustiva.\" \/>\n<meta name=\"robots\" content=\"index, follow, max-snippet:-1, max-image-preview:large, max-video-preview:-1\" \/>\n<link rel=\"canonical\" href=\"https:\/\/plasticatijuana.com\/es\/consulta\/\" \/>\n<meta property=\"og:locale\" content=\"es_ES\" \/>\n<meta property=\"og:type\" content=\"article\" \/>\n<meta property=\"og:title\" content=\"Consulta | Pl\u00e1stica Tijuana, Cirug\u00eda Pl\u00e1stica y Reconstructiva\" \/>\n<meta property=\"og:description\" content=\"La consulta es uno de los pasos m\u00e1s importantes en la selecci\u00f3n de su cirujano pl\u00e1stico. Una consulta satisfactoria debe ser exhaustiva.\" \/>\n<meta property=\"og:url\" content=\"https:\/\/plasticatijuana.com\/es\/consulta\/\" \/>\n<meta property=\"og:site_name\" content=\"Plastica Tijuana\" \/>\n<meta property=\"article:publisher\" content=\"https:\/\/www.facebook.com\/cervantesaragonplasticsurgery\/\" \/>\n<meta property=\"article:modified_time\" content=\"2024-02-06T20:20:09+00:00\" \/>\n<meta property=\"og:image\" content=\"https:\/\/plasticatijuana.com\/wp-content\/uploads\/2024\/01\/admin-ajax.png\" \/>\n<meta name=\"twitter:card\" content=\"summary_large_image\" \/>\n<meta name=\"twitter:site\" content=\"@plasticatijuana\" \/>\n<meta name=\"twitter:label1\" content=\"Tiempo de lectura\" \/>\n\t<meta name=\"twitter:data1\" content=\"3 minutos\" \/>\n<script type=\"application\/ld+json\" class=\"yoast-schema-graph\">{\"@context\":\"https:\\\/\\\/schema.org\",\"@graph\":[{\"@type\":\"WebPage\",\"@id\":\"https:\\\/\\\/plasticatijuana.com\\\/es\\\/consulta\\\/\",\"url\":\"https:\\\/\\\/plasticatijuana.com\\\/es\\\/consulta\\\/\",\"name\":\"Consulta | Pl\u00e1stica Tijuana, Cirug\u00eda Pl\u00e1stica y Reconstructiva\",\"isPartOf\":{\"@id\":\"https:\\\/\\\/plasticatijuana.com\\\/es\\\/#website\"},\"primaryImageOfPage\":{\"@id\":\"https:\\\/\\\/plasticatijuana.com\\\/es\\\/consulta\\\/#primaryimage\"},\"image\":{\"@id\":\"https:\\\/\\\/plasticatijuana.com\\\/es\\\/consulta\\\/#primaryimage\"},\"thumbnailUrl\":\"https:\\\/\\\/plasticatijuana.com\\\/wp-content\\\/uploads\\\/2024\\\/01\\\/admin-ajax.png\",\"datePublished\":\"2016-07-13T17:02:17+00:00\",\"dateModified\":\"2024-02-06T20:20:09+00:00\",\"description\":\"La consulta es uno de los pasos m\u00e1s importantes en la selecci\u00f3n de su cirujano pl\u00e1stico. Una consulta satisfactoria debe ser exhaustiva.\",\"breadcrumb\":{\"@id\":\"https:\\\/\\\/plasticatijuana.com\\\/es\\\/consulta\\\/#breadcrumb\"},\"inLanguage\":\"es\",\"potentialAction\":[{\"@type\":\"ReadAction\",\"target\":[\"https:\\\/\\\/plasticatijuana.com\\\/es\\\/consulta\\\/\"]}]},{\"@type\":\"ImageObject\",\"inLanguage\":\"es\",\"@id\":\"https:\\\/\\\/plasticatijuana.com\\\/es\\\/consulta\\\/#primaryimage\",\"url\":\"https:\\\/\\\/plasticatijuana.com\\\/wp-content\\\/uploads\\\/2024\\\/01\\\/admin-ajax.png\",\"contentUrl\":\"https:\\\/\\\/plasticatijuana.com\\\/wp-content\\\/uploads\\\/2024\\\/01\\\/admin-ajax.png\"},{\"@type\":\"BreadcrumbList\",\"@id\":\"https:\\\/\\\/plasticatijuana.com\\\/es\\\/consulta\\\/#breadcrumb\",\"itemListElement\":[{\"@type\":\"ListItem\",\"position\":1,\"name\":\"Inicio\",\"item\":\"https:\\\/\\\/plasticatijuana.com\\\/es\\\/home-2024\\\/\"},{\"@type\":\"ListItem\",\"position\":2,\"name\":\"Consulta\"}]},{\"@type\":\"WebSite\",\"@id\":\"https:\\\/\\\/plasticatijuana.com\\\/es\\\/#website\",\"url\":\"https:\\\/\\\/plasticatijuana.com\\\/es\\\/\",\"name\":\"Plastica Tijuana\",\"description\":\"Because your beauty is unique\",\"potentialAction\":[{\"@type\":\"SearchAction\",\"target\":{\"@type\":\"EntryPoint\",\"urlTemplate\":\"https:\\\/\\\/plasticatijuana.com\\\/es\\\/?s={search_term_string}\"},\"query-input\":{\"@type\":\"PropertyValueSpecification\",\"valueRequired\":true,\"valueName\":\"search_term_string\"}}],\"inLanguage\":\"es\"}]}<\/script>\n<!-- \/ Yoast SEO plugin. -->","yoast_head_json":{"title":"Consulta | Pl\u00e1stica Tijuana, Cirug\u00eda Pl\u00e1stica y Reconstructiva","description":"La consulta es uno de los pasos m\u00e1s importantes en la selecci\u00f3n de su cirujano pl\u00e1stico. Una consulta satisfactoria debe ser exhaustiva.","robots":{"index":"index","follow":"follow","max-snippet":"max-snippet:-1","max-image-preview":"max-image-preview:large","max-video-preview":"max-video-preview:-1"},"canonical":"https:\/\/plasticatijuana.com\/es\/consulta\/","og_locale":"es_ES","og_type":"article","og_title":"Consulta | Pl\u00e1stica Tijuana, Cirug\u00eda Pl\u00e1stica y Reconstructiva","og_description":"La consulta es uno de los pasos m\u00e1s importantes en la selecci\u00f3n de su cirujano pl\u00e1stico. Una consulta satisfactoria debe ser exhaustiva.","og_url":"https:\/\/plasticatijuana.com\/es\/consulta\/","og_site_name":"Plastica Tijuana","article_publisher":"https:\/\/www.facebook.com\/cervantesaragonplasticsurgery\/","article_modified_time":"2024-02-06T20:20:09+00:00","og_image":[{"url":"https:\/\/plasticatijuana.com\/wp-content\/uploads\/2024\/01\/admin-ajax.png","type":"","width":"","height":""}],"twitter_card":"summary_large_image","twitter_site":"@plasticatijuana","twitter_misc":{"Tiempo de lectura":"3 minutos"},"schema":{"@context":"https:\/\/schema.org","@graph":[{"@type":"WebPage","@id":"https:\/\/plasticatijuana.com\/es\/consulta\/","url":"https:\/\/plasticatijuana.com\/es\/consulta\/","name":"Consulta | Pl\u00e1stica Tijuana, Cirug\u00eda Pl\u00e1stica y Reconstructiva","isPartOf":{"@id":"https:\/\/plasticatijuana.com\/es\/#website"},"primaryImageOfPage":{"@id":"https:\/\/plasticatijuana.com\/es\/consulta\/#primaryimage"},"image":{"@id":"https:\/\/plasticatijuana.com\/es\/consulta\/#primaryimage"},"thumbnailUrl":"https:\/\/plasticatijuana.com\/wp-content\/uploads\/2024\/01\/admin-ajax.png","datePublished":"2016-07-13T17:02:17+00:00","dateModified":"2024-02-06T20:20:09+00:00","description":"La consulta es uno de los pasos m\u00e1s importantes en la selecci\u00f3n de su cirujano pl\u00e1stico. Una consulta satisfactoria debe ser exhaustiva.","breadcrumb":{"@id":"https:\/\/plasticatijuana.com\/es\/consulta\/#breadcrumb"},"inLanguage":"es","potentialAction":[{"@type":"ReadAction","target":["https:\/\/plasticatijuana.com\/es\/consulta\/"]}]},{"@type":"ImageObject","inLanguage":"es","@id":"https:\/\/plasticatijuana.com\/es\/consulta\/#primaryimage","url":"https:\/\/plasticatijuana.com\/wp-content\/uploads\/2024\/01\/admin-ajax.png","contentUrl":"https:\/\/plasticatijuana.com\/wp-content\/uploads\/2024\/01\/admin-ajax.png"},{"@type":"BreadcrumbList","@id":"https:\/\/plasticatijuana.com\/es\/consulta\/#breadcrumb","itemListElement":[{"@type":"ListItem","position":1,"name":"Inicio","item":"https:\/\/plasticatijuana.com\/es\/home-2024\/"},{"@type":"ListItem","position":2,"name":"Consulta"}]},{"@type":"WebSite","@id":"https:\/\/plasticatijuana.com\/es\/#website","url":"https:\/\/plasticatijuana.com\/es\/","name":"Plastica Tijuana","description":"Because your beauty is unique","potentialAction":[{"@type":"SearchAction","target":{"@type":"EntryPoint","urlTemplate":"https:\/\/plasticatijuana.com\/es\/?s={search_term_string}"},"query-input":{"@type":"PropertyValueSpecification","valueRequired":true,"valueName":"search_term_string"}}],"inLanguage":"es"}]}},"_links":{"self":[{"href":"https:\/\/plasticatijuana.com\/es\/wp-json\/wp\/v2\/pages\/8492","targetHints":{"allow":["GET"]}}],"collection":[{"href":"https:\/\/plasticatijuana.com\/es\/wp-json\/wp\/v2\/pages"}],"about":[{"href":"https:\/\/plasticatijuana.com\/es\/wp-json\/wp\/v2\/types\/page"}],"author":[{"embeddable":true,"href":"https:\/\/plasticatijuana.com\/es\/wp-json\/wp\/v2\/users\/1"}],"replies":[{"embeddable":true,"href":"https:\/\/plasticatijuana.com\/es\/wp-json\/wp\/v2\/comments?post=8492"}],"version-history":[{"count":0,"href":"https:\/\/plasticatijuana.com\/es\/wp-json\/wp\/v2\/pages\/8492\/revisions"}],"wp:attachment":[{"href":"https:\/\/plasticatijuana.com\/es\/wp-json\/wp\/v2\/media?parent=8492"}],"curies":[{"name":"wp","href":"https:\/\/api.w.org\/{rel}","templated":true}]}}