{"id":8514,"date":"2021-05-19T10:47:32","date_gmt":"2021-05-19T08:47:32","guid":{"rendered":"https:\/\/plasticatijuana.com\/politica-de-privacidad\/"},"modified":"2024-01-25T17:58:31","modified_gmt":"2024-01-25T16:58:31","slug":"politica-de-privacidad","status":"publish","type":"page","link":"https:\/\/plasticatijuana.com\/es\/politica-de-privacidad\/","title":{"rendered":"Pol\u00edtica de privacidad"},"content":{"rendered":"<style>.elementor-8514 .elementor-element.elementor-element-99e6374{--display:flex;--flex-direction:column;--container-widget-width:100%;--container-widget-height:initial;--container-widget-flex-grow:0;--container-widget-align-self:initial;--flex-wrap-mobile:wrap;--padding-top:100px;--padding-bottom:100px;--padding-left:100px;--padding-right:100px;}.elementor-8514 .elementor-element.elementor-element-99e6374:not(.elementor-motion-effects-element-type-background), .elementor-8514 .elementor-element.elementor-element-99e6374 > .elementor-motion-effects-container > .elementor-motion-effects-layer{background-color:#000000;}.elementor-widget-text-editor{font-family:var( --e-global-typography-text-font-family ), Sans-serif;font-size:var( --e-global-typography-text-font-size );font-weight:var( --e-global-typography-text-font-weight );line-height:var( --e-global-typography-text-line-height );}.elementor-8514 .elementor-element.elementor-element-56fd84f{text-align:center;font-family:\"Josefin Sans\", Sans-serif;font-size:44px;font-weight:400;line-height:1.2em;color:var( --e-global-color-3eec7ca );}.elementor-widget-heading .elementor-heading-title{font-family:var( --e-global-typography-primary-font-family ), Sans-serif;font-size:var( --e-global-typography-primary-font-size );font-weight:var( --e-global-typography-primary-font-weight );line-height:var( --e-global-typography-primary-line-height );}.elementor-8514 .elementor-element.elementor-element-6014e55{text-align:center;}.elementor-8514 .elementor-element.elementor-element-6014e55 .elementor-heading-title{font-family:\"Josefin Sans\", Sans-serif;font-size:17px;font-weight:400;letter-spacing:3.5px;word-spacing:5px;color:var( --e-global-color-3eec7ca );}.elementor-8514 .elementor-element.elementor-element-6014e55 > .elementor-widget-container{margin:0px 0px 0px 0px;}.elementor-8514 .elementor-element.elementor-element-9df8c95 .elementor-blockquote__content{color:var( --e-global-color-3eec7ca );font-family:\"Josefin Sans\", Sans-serif;font-size:24px;font-weight:600;font-style:italic;}.elementor-8514 .elementor-element.elementor-element-9df8c95 .elementor-blockquote:before{color:var( --e-global-color-accent );font-size:calc(1px * 100);}.elementor-8514 .elementor-element.elementor-element-1533fe9{--display:flex;--padding-top:40px;--padding-bottom:40px;--padding-left:40px;--padding-right:40px;}.elementor-widget .tippy-tooltip .tippy-content{text-align:center;}@media(max-width:1024px){.elementor-widget-text-editor{font-size:var( --e-global-typography-text-font-size );line-height:var( --e-global-typography-text-line-height );}.elementor-widget-heading .elementor-heading-title{font-size:var( --e-global-typography-primary-font-size );line-height:var( --e-global-typography-primary-line-height );}}@media(max-width:767px){.elementor-widget-text-editor{font-size:var( --e-global-typography-text-font-size );line-height:var( --e-global-typography-text-line-height );}.elementor-widget-heading .elementor-heading-title{font-size:var( --e-global-typography-primary-font-size );line-height:var( --e-global-typography-primary-line-height );}.elementor-8514 .elementor-element.elementor-element-6014e55 .elementor-heading-title{font-size:16px;}}<\/style>\t\t<div data-elementor-type=\"wp-page\" data-elementor-id=\"8514\" class=\"elementor elementor-8514 elementor-2012\" data-elementor-settings=\"{&quot;element_pack_global_tooltip_width&quot;:{&quot;unit&quot;:&quot;px&quot;,&quot;size&quot;:&quot;&quot;,&quot;sizes&quot;:[]},&quot;element_pack_global_tooltip_width_tablet&quot;:{&quot;unit&quot;:&quot;px&quot;,&quot;size&quot;:&quot;&quot;,&quot;sizes&quot;:[]},&quot;element_pack_global_tooltip_width_mobile&quot;:{&quot;unit&quot;:&quot;px&quot;,&quot;size&quot;:&quot;&quot;,&quot;sizes&quot;:[]},&quot;element_pack_global_tooltip_padding&quot;:{&quot;unit&quot;:&quot;px&quot;,&quot;top&quot;:&quot;&quot;,&quot;right&quot;:&quot;&quot;,&quot;bottom&quot;:&quot;&quot;,&quot;left&quot;:&quot;&quot;,&quot;isLinked&quot;:true},&quot;element_pack_global_tooltip_padding_tablet&quot;:{&quot;unit&quot;:&quot;px&quot;,&quot;top&quot;:&quot;&quot;,&quot;right&quot;:&quot;&quot;,&quot;bottom&quot;:&quot;&quot;,&quot;left&quot;:&quot;&quot;,&quot;isLinked&quot;:true},&quot;element_pack_global_tooltip_padding_mobile&quot;:{&quot;unit&quot;:&quot;px&quot;,&quot;top&quot;:&quot;&quot;,&quot;right&quot;:&quot;&quot;,&quot;bottom&quot;:&quot;&quot;,&quot;left&quot;:&quot;&quot;,&quot;isLinked&quot;:true},&quot;element_pack_global_tooltip_border_radius&quot;:{&quot;unit&quot;:&quot;px&quot;,&quot;top&quot;:&quot;&quot;,&quot;right&quot;:&quot;&quot;,&quot;bottom&quot;:&quot;&quot;,&quot;left&quot;:&quot;&quot;,&quot;isLinked&quot;:true},&quot;element_pack_global_tooltip_border_radius_tablet&quot;:{&quot;unit&quot;:&quot;px&quot;,&quot;top&quot;:&quot;&quot;,&quot;right&quot;:&quot;&quot;,&quot;bottom&quot;:&quot;&quot;,&quot;left&quot;:&quot;&quot;,&quot;isLinked&quot;:true},&quot;element_pack_global_tooltip_border_radius_mobile&quot;:{&quot;unit&quot;:&quot;px&quot;,&quot;top&quot;:&quot;&quot;,&quot;right&quot;:&quot;&quot;,&quot;bottom&quot;:&quot;&quot;,&quot;left&quot;:&quot;&quot;,&quot;isLinked&quot;:true}}\" data-elementor-post-type=\"page\">\n\t\t\t\t<div class=\"elementor-element elementor-element-99e6374 e-flex e-con-boxed e-con e-parent\" data-id=\"99e6374\" data-element_type=\"container\" data-e-type=\"container\" data-settings=\"{&quot;background_background&quot;:&quot;classic&quot;}\">\n\t\t\t\t\t<div class=\"e-con-inner\">\n\t\t\t\t<div class=\"elementor-element elementor-element-56fd84f elementor-widget elementor-widget-text-editor\" data-id=\"56fd84f\" data-element_type=\"widget\" data-e-type=\"widget\" data-widget_type=\"text-editor.default\">\n\t\t\t\t<div class=\"elementor-widget-container\">\n\t\t\t\t\t\t\t\t\t<p><span style=\"color: #e3b17b;\"><strong>POL\u00cdTICA<\/strong><\/span> DE PRIVACIDAD<\/p>\n\t\t\t\t\t\t\t\t<\/div>\n\t\t\t\t<\/div>\n\t\t\t\t<div class=\"elementor-element elementor-element-6014e55 animated-slow elementor-invisible elementor-widget elementor-widget-heading\" data-id=\"6014e55\" data-element_type=\"widget\" data-e-type=\"widget\" data-settings=\"{&quot;_animation&quot;:&quot;fadeInLeft&quot;}\" data-widget_type=\"heading.default\">\n\t\t\t\t<div class=\"elementor-widget-container\">\n\t\t\t\t\t<h5 class=\"elementor-heading-title elementor-size-default\">https:\/\/plasticatijuana.com<\/h5>\t\t\t\t<\/div>\n\t\t\t\t<\/div>\n\t\t\t\t<div class=\"elementor-element elementor-element-9df8c95 elementor-blockquote--skin-quotation elementor-hidden-desktop elementor-hidden-tablet elementor-hidden-mobile elementor-widget elementor-widget-blockquote\" data-id=\"9df8c95\" data-element_type=\"widget\" data-e-type=\"widget\" data-widget_type=\"blockquote.default\">\n\t\t\t\t<div class=\"elementor-widget-container\">\n\t\t\t\t\t\t\t<blockquote class=\"elementor-blockquote\">\n\t\t\t<p class=\"elementor-blockquote__content\">\n\t\t\t\tLOS HOMBRES QUE DESEAN MEJORAR SU APARIENCIA MANTENIENDO SUS RASGOS MASCULINOS CONFIAN EN PL\u00c1STICA TIJUANA PARA LA CIRUG\u00cdA PL\u00c1STICA PARA HOMBRES EN TIJUANA MEXICO.\t\t\t<\/p>\n\t\t\t\t\t<\/blockquote>\n\t\t\t\t\t\t<\/div>\n\t\t\t\t<\/div>\n\t\t\t\t\t<\/div>\n\t\t\t\t<\/div>\n\t\t<div class=\"elementor-element elementor-element-1533fe9 e-flex e-con-boxed e-con e-parent\" data-id=\"1533fe9\" data-element_type=\"container\" data-e-type=\"container\">\n\t\t\t\t\t<div class=\"e-con-inner\">\n\t\t\t\t<div class=\"elementor-element elementor-element-35cb5eb elementor-widget elementor-widget-text-editor\" data-id=\"35cb5eb\" data-element_type=\"widget\" data-e-type=\"widget\" data-widget_type=\"text-editor.default\">\n\t\t\t\t<div class=\"elementor-widget-container\">\n\t\t\t\t\t\t\t\t\t<div class=\"wpb_wrapper\">\n\t\t\t<p><span style=\"font-weight: 400;\">Al acceder y utilizar nuestro sitio web, usted acepta que <\/span><b>Cervantes y Arag\u00f3n &#8211; Grupo de Cirug\u00eda Pl\u00e1stica<\/b> <span style=\"font-weight: 400;\">(en adelante, \u00abnosotros\u00bb) puede recopilar informaci\u00f3n personal sobre usted en determinadas \u00e1reas de <\/span><a href=\"https:\/\/plasticatijuana.com\/\"><span style=\"font-weight: 400;\">nuestro sitio web<\/span><\/a><span style=\"font-weight: 400;\"> para cumplir con su <\/span><b>consulta en l\u00ednea<\/b> <b>gratis<\/b><span style=\"font-weight: 400;\"> y <\/span><b>reservas quir\u00fargicas<\/b><span style=\"font-weight: 400;\">y proporcionarle informaci\u00f3n sobre <\/span><a href=\"https:\/\/plasticatijuana.com\/services\/\"><span style=\"font-weight: 400;\">nuestros servicios<\/span><\/a><span style=\"font-weight: 400;\">.<\/span><\/p>\n<p><span style=\"font-weight: 400;\">Es importante se\u00f1alar que nunca venderemos, alquilaremos ni concederemos licencias sobre la informaci\u00f3n personal de nuestros clientes\/pacientes a terceros.<\/span><\/p>\n<p><span style=\"font-weight: 400;\">No obstante, nos reservamos el derecho a revelar sus datos personales por imperativo legal y cuando consideremos que dicha revelaci\u00f3n es necesaria para proteger nuestros derechos y\/o cumplir con un procedimiento judicial, una orden judicial o un proceso legal que se nos haya notificado.<\/span><\/p>\n<p><b>Navegaci\u00f3n y seguridad<\/b><\/p>\n<p><span style=\"font-weight: 400;\">Como la mayor\u00eda de los sitios web, utilizamos la tecnolog\u00eda \u00abcookie\u00bb para colocar un peque\u00f1o archivo de texto en su ordenador cuando visita nuestro sitio web con el fin de personalizar su visita.<\/span><\/p>\n<p><span style=\"font-weight: 400;\">Utilizamos cookies para saber con qu\u00e9 frecuencia ha visitado el sitio web, las p\u00e1ginas que ha consultado y para ofrecerle contenidos localizados.<\/span><\/p>\n<p><span style=\"font-weight: 400;\">Puede optar por rechazar las cookies si su navegador lo permite. M\u00e1s informaci\u00f3n sobre c\u00f3mo gestionar las cookies en los navegadores m\u00e1s utilizados:<\/span><\/p>\n<ul>\n<li style=\"font-weight: 400;\" aria-level=\"1\"><a href=\"http:\/\/www.google.com\/support\/chrome\/bin\/answer.py?answer=95647\" target=\"_blank\" rel=\"noopener noreferrer\"><span style=\"font-weight: 400;\">Google Chrome<\/span><span style=\"font-weight: 400;\">&nbsp;<\/span><\/a><\/li>\n<li style=\"font-weight: 400;\" aria-level=\"1\"><a href=\"https:\/\/support.apple.com\/guide\/safari\/manage-cookies-and-website-data-sfri11471\/mac\" target=\"_blank\" rel=\"noopener noreferrer\"><span style=\"font-weight: 400;\">Safari de Apple<\/span><\/a><\/li>\n<li style=\"font-weight: 400;\" aria-level=\"1\"><a href=\"https:\/\/privacy.microsoft.com\/en-us\/ie11-win7-privacy-statement\" target=\"_blank\" rel=\"noopener noreferrer\"><span style=\"font-weight: 400;\">Microsoft Internet Explorer<\/span><span style=\"font-weight: 400;\">&nbsp;<\/span><\/a><\/li>\n<li style=\"font-weight: 400;\" aria-level=\"1\"><a href=\"http:\/\/support.mozilla.com\/en-US\/kb\/Enabling%20and%20disabling%20cookies\" target=\"_blank\" rel=\"noopener noreferrer\"><span style=\"font-weight: 400;\">Mozilla Firefox<\/span><span style=\"font-weight: 400;\">&nbsp;<\/span><\/a><\/li>\n<\/ul>\n<p><span style=\"font-weight: 400;\">Tenga en cuenta que si rechaza las cookies o borra una cookie existente, puede afectar a su experiencia de navegaci\u00f3n.<\/span><\/p>\n<p><span style=\"font-weight: 400;\">Aunque tomamos las precauciones de seguridad razonables y aceptadas por la industria para proteger su informaci\u00f3n personal, no podemos garantizar y no hacemos representaciones o garant\u00edas contra el robo, mal uso, divulgaci\u00f3n no autorizada, p\u00e9rdida, alteraci\u00f3n o destrucci\u00f3n de datos por parte de terceros.<\/span><\/p>\n<p><span style=\"font-weight: 400;\">Al acceder y utilizar nuestro sitio web, usted renuncia a cualquier reclamaci\u00f3n por p\u00e9rdidas o da\u00f1os derivados de cualquier robo, uso indebido, divulgaci\u00f3n no autorizada, p\u00e9rdida, alteraci\u00f3n o destrucci\u00f3n de datos por parte de terceros.<\/span><\/p>\n<p><b>Remarketing de Google AdWords<\/b><\/p>\n<p><span style=\"font-weight: 400;\">Utilizamos Google AdWords Remarketing para anunciar nuestros servicios en la web. Tambi\u00e9n la utilizamos para enviarle informaci\u00f3n de marketing que sea relevante para usted. Mediante la colocaci\u00f3n de una cookie en su dispositivo de navegaci\u00f3n, Google AdWords Remarketing le muestra anuncios personalizados basados en las partes de nuestro sitio que ha visitado.&nbsp;<\/span><\/p>\n<p><span style=\"font-weight: 400;\">Esta cookie no le identifica ni da acceso a su ordenador. En su lugar, la cookie reconoce que ha visitado una p\u00e1gina, lo que da lugar a la colocaci\u00f3n de anuncios relacionados con el tema de esa p\u00e1gina. Puede darse de baja del remarketing de Google AdWords visitando <\/span><a href=\"https:\/\/www.google.com\/settings\/u\/0\/ads\/anonymous?sig=ACi0TCj8_r5jBDPk79AN56CZL3LsathlWpra6A0ZW54MIiIUH5cojHJ4Z9vphnaPg0EnGLLEjVuGxrIzBZRwKm-BDP6i4DP_eEqdcBdxTIrjhiMYgAPgBmg&amp;hl=en\" target=\"_blank\" rel=\"noopener noreferrer\"><span style=\"font-weight: 400;\">esta p\u00e1gina<\/span><\/a><span style=\"font-weight: 400;\">Puede excluirse del uso de cookies por parte de terceros visitando esta<\/span> <a href=\"http:\/\/www.networkadvertising.org\/choices\/\"><span style=\"font-weight: 400;\">p\u00e1gina<\/span><\/a><span style=\"font-weight: 400;\">.<\/span><\/p>\n<p><b>Anal\u00edtica de Google<\/b><\/p>\n<p><span style=\"font-weight: 400;\">Google Analytics es una herramienta que registra datos relativos al modo en que los usuarios encuentran la informaci\u00f3n que buscan, incluidos los t\u00e9rminos de b\u00fasqueda utilizados y la cantidad de tr\u00e1fico que atraen determinados sitios web. Utilizamos esta informaci\u00f3n para mejorar la experiencia del usuario. Al igual que con AdWords Remarketing, Google Analytics utiliza cookies para recopilar esta informaci\u00f3n. Puede darse de baja de Google Analytics y dejar de recibir las cookies relacionadas siguiendo <\/span><a href=\"https:\/\/tools.google.com\/dlpage\/gaoptout\/\" target=\"_blank\" rel=\"noopener noreferrer\"><span style=\"font-weight: 400;\">estas instrucciones<\/span><\/a><span style=\"font-weight: 400;\">.<\/span><\/p>\n<p><b>Anuncios de clientes potenciales de Facebook<\/b><\/p>\n<p><span style=\"font-weight: 400;\">Facebook Lead Ads son anuncios que publicamos en Facebook y que te permiten enviarnos directamente tus datos personales para que podamos ponernos en contacto contigo y hablar sobre tu inter\u00e9s en nuestros servicios. Las condiciones de nuestra pol\u00edtica de privacidad se aplican a la informaci\u00f3n personal enviada a trav\u00e9s de un anuncio promocional de Facebook. No nos dirigimos a menores mediante anuncios.<\/span><\/p>\n<p><b>Listas de correo<\/b><\/p>\n<p><span style=\"font-weight: 400;\">Nuestro sitio web ofrece la posibilidad de suscribirse a boletines informativos que pueden ofrecer servicios, promociones e invitaciones a eventos especiales.<\/span><\/p>\n<p><span style=\"font-weight: 400;\">Puede darse de baja de estos boletines en cualquier momento enviando una solicitud de baja de nuestra lista de correo electr\u00f3nico en un mensaje dirigido a<\/span> <a href=\"mailto:contact@plasticatijuana.com\"><b>contact@plasticatijuana.com<\/b><\/a><span style=\"font-weight: 400;\"> o seleccionando la opci\u00f3n \u00abdarse de baja de esta lista\u00bb al final del correo electr\u00f3nico.<\/span><\/p>\n<p><b>Sitios externos<\/b><\/p>\n<p><span style=\"font-weight: 400;\">Para su comodidad, nuestro sitio web puede proporcionar enlaces a sitios web de terceros que no est\u00e1n controlados ni son propiedad nuestra.<\/span><\/p>\n<p><span style=\"font-weight: 400;\">Un v\u00ednculo entre<\/span> <b>Cervantes y Arag\u00f3n &#8211; Grupo de Cirug\u00eda Pl\u00e1stica<\/b><span style=\"font-weight: 400;\"> y otro sitio web no significa que apoyemos, recomendemos, patrocinemos o aprobemos dicho sitio web.<\/span><\/p>\n<p><span style=\"font-weight: 400;\">Proporcionamos estos enlaces s\u00f3lo como cortes\u00eda y no somos responsables de su contenido o pol\u00edticas de privacidad.&nbsp;<\/span><\/p>\n<p><span style=\"font-weight: 400;\">Le recomendamos que act\u00fae con discreci\u00f3n al navegar por Internet, y <\/span><b>Cervantes y Arag\u00f3n &#8211; Grupo de Cirug\u00eda Pl\u00e1stica<\/b><span style=\"font-weight: 400;\"> no declara ni garantiza la legalidad de los sitios web de terceros.<\/span><\/p>\n<p><span style=\"font-weight: 400;\">Cualquier sitio web es independiente de <\/span><b>Cervantes y Arag\u00f3n &#8211; Grupo de Cirug\u00eda Pl\u00e1stica<\/b><b>. <\/b><span style=\"font-weight: 400;\"><span style=\"font-weight: 400;\">No tenemos ning\u00fan control ni responsabilidad sobre la informaci\u00f3n proporcionada o las actividades realizadas por cualquier sitio web.<\/span><\/span><\/p>\n<p><b>El equipo de Cirug\u00eda Pl\u00e1stica &#8211; Cervantes y Arag\u00f3n <\/b> <span style=\"font-weight: 400;\">declina expresamente toda responsabilidad por da\u00f1os, p\u00e9rdidas o lesiones derivados de las actividades, productos o servicios ofrecidos por cualquiera de esos sitios web.<\/span><\/p>\n<p><b>*Descargo de responsabilidad: Los resultados no est\u00e1n garantizados, pueden no ser permanentes y variar de una persona a otra. Algunas im\u00e1genes son de modelos, no de pacientes reales. <\/b><span style=\"font-weight: 400;\">\u00a92021 &#8211; 2024 Cervantes y Arag\u00f3n &#8211; Grupo de Cirug\u00eda Pl\u00e1stica<\/span><span style=\"font-weight: 400;\">&nbsp;<\/span><\/p>\t\t\t\t\t\t\t\t<\/div>\n\t\t\t\t<\/div>\n\t\t\t\t\t<\/div>\n\t\t\t\t<\/div>\n\t\t\t\t<\/div>\n\t\t","protected":false},"excerpt":{"rendered":"<p>POL\u00cdTICA DE PRIVACIDAD https:\/\/plasticatijuana.com LOS HOMBRES QUE DESEAN MEJORAR SU APARIENCIA MANTENIENDO SUS RASGOS MASCULINOS CONFIAN EN PL\u00c1STICA TIJUANA PARA LA CIRUG\u00cdA PL\u00c1STICA PARA HOMBRES EN TIJUANA MEXICO. Al acceder y utilizar nuestro sitio web, usted acepta que Cervantes y Arag\u00f3n &#8211; Grupo de Cirug\u00eda Pl\u00e1stica (en adelante, \u00abnosotros\u00bb) puede recopilar informaci\u00f3n personal sobre usted [&hellip;]<\/p>\n","protected":false},"author":1,"featured_media":0,"parent":0,"menu_order":0,"comment_status":"closed","ping_status":"closed","template":"","meta":{"footnotes":""},"class_list":["post-8514","page","type-page","status-publish","hentry"],"yoast_head":"<!-- This site is optimized with the Yoast SEO plugin v27.3 - https:\/\/yoast.com\/product\/yoast-seo-wordpress\/ -->\n<title>Pol\u00edtica de privacidad - Plastica Tijuana<\/title>\n<meta name=\"robots\" content=\"index, nofollow, max-snippet:-1, max-image-preview:large, max-video-preview:-1\" \/>\n<link rel=\"canonical\" href=\"https:\/\/plasticatijuana.com\/es\/politica-de-privacidad\/\" \/>\n<meta property=\"og:locale\" content=\"es_ES\" \/>\n<meta property=\"og:type\" content=\"article\" \/>\n<meta property=\"og:title\" content=\"Pol\u00edtica de privacidad - Plastica Tijuana\" \/>\n<meta property=\"og:description\" content=\"POL\u00cdTICA DE PRIVACIDAD https:\/\/plasticatijuana.com LOS HOMBRES QUE DESEAN MEJORAR SU APARIENCIA MANTENIENDO SUS RASGOS MASCULINOS CONFIAN EN PL\u00c1STICA TIJUANA PARA LA CIRUG\u00cdA PL\u00c1STICA PARA HOMBRES EN TIJUANA MEXICO. Al acceder y utilizar nuestro sitio web, usted acepta que Cervantes y Arag\u00f3n &#8211; Grupo de Cirug\u00eda Pl\u00e1stica (en adelante, \u00abnosotros\u00bb) puede recopilar informaci\u00f3n personal sobre usted [&hellip;]\" \/>\n<meta property=\"og:url\" content=\"https:\/\/plasticatijuana.com\/es\/politica-de-privacidad\/\" \/>\n<meta property=\"og:site_name\" content=\"Plastica Tijuana\" \/>\n<meta property=\"article:publisher\" content=\"https:\/\/www.facebook.com\/cervantesaragonplasticsurgery\/\" \/>\n<meta property=\"article:modified_time\" content=\"2024-01-25T16:58:31+00:00\" \/>\n<meta name=\"twitter:card\" content=\"summary_large_image\" \/>\n<meta name=\"twitter:site\" content=\"@plasticatijuana\" \/>\n<meta name=\"twitter:label1\" content=\"Tiempo de lectura\" \/>\n\t<meta name=\"twitter:data1\" content=\"5 minutos\" \/>\n<script type=\"application\/ld+json\" class=\"yoast-schema-graph\">{\"@context\":\"https:\\\/\\\/schema.org\",\"@graph\":[{\"@type\":\"WebPage\",\"@id\":\"https:\\\/\\\/plasticatijuana.com\\\/es\\\/politica-de-privacidad\\\/\",\"url\":\"https:\\\/\\\/plasticatijuana.com\\\/es\\\/politica-de-privacidad\\\/\",\"name\":\"Pol\u00edtica de privacidad - Plastica Tijuana\",\"isPartOf\":{\"@id\":\"https:\\\/\\\/plasticatijuana.com\\\/es\\\/#website\"},\"datePublished\":\"2021-05-19T08:47:32+00:00\",\"dateModified\":\"2024-01-25T16:58:31+00:00\",\"breadcrumb\":{\"@id\":\"https:\\\/\\\/plasticatijuana.com\\\/es\\\/politica-de-privacidad\\\/#breadcrumb\"},\"inLanguage\":\"es\",\"potentialAction\":[{\"@type\":\"ReadAction\",\"target\":[\"https:\\\/\\\/plasticatijuana.com\\\/es\\\/politica-de-privacidad\\\/\"]}]},{\"@type\":\"BreadcrumbList\",\"@id\":\"https:\\\/\\\/plasticatijuana.com\\\/es\\\/politica-de-privacidad\\\/#breadcrumb\",\"itemListElement\":[{\"@type\":\"ListItem\",\"position\":1,\"name\":\"Inicio\",\"item\":\"https:\\\/\\\/plasticatijuana.com\\\/es\\\/home-2024\\\/\"},{\"@type\":\"ListItem\",\"position\":2,\"name\":\"Pol\u00edtica de privacidad\"}]},{\"@type\":\"WebSite\",\"@id\":\"https:\\\/\\\/plasticatijuana.com\\\/es\\\/#website\",\"url\":\"https:\\\/\\\/plasticatijuana.com\\\/es\\\/\",\"name\":\"Plastica Tijuana\",\"description\":\"Because your beauty is unique\",\"potentialAction\":[{\"@type\":\"SearchAction\",\"target\":{\"@type\":\"EntryPoint\",\"urlTemplate\":\"https:\\\/\\\/plasticatijuana.com\\\/es\\\/?s={search_term_string}\"},\"query-input\":{\"@type\":\"PropertyValueSpecification\",\"valueRequired\":true,\"valueName\":\"search_term_string\"}}],\"inLanguage\":\"es\"}]}<\/script>\n<!-- \/ Yoast SEO plugin. -->","yoast_head_json":{"title":"Pol\u00edtica de privacidad - Plastica Tijuana","robots":{"index":"index","follow":"nofollow","max-snippet":"max-snippet:-1","max-image-preview":"max-image-preview:large","max-video-preview":"max-video-preview:-1"},"canonical":"https:\/\/plasticatijuana.com\/es\/politica-de-privacidad\/","og_locale":"es_ES","og_type":"article","og_title":"Pol\u00edtica de privacidad - Plastica Tijuana","og_description":"POL\u00cdTICA DE PRIVACIDAD https:\/\/plasticatijuana.com LOS HOMBRES QUE DESEAN MEJORAR SU APARIENCIA MANTENIENDO SUS RASGOS MASCULINOS CONFIAN EN PL\u00c1STICA TIJUANA PARA LA CIRUG\u00cdA PL\u00c1STICA PARA HOMBRES EN TIJUANA MEXICO. Al acceder y utilizar nuestro sitio web, usted acepta que Cervantes y Arag\u00f3n &#8211; Grupo de Cirug\u00eda Pl\u00e1stica (en adelante, \u00abnosotros\u00bb) puede recopilar informaci\u00f3n personal sobre usted [&hellip;]","og_url":"https:\/\/plasticatijuana.com\/es\/politica-de-privacidad\/","og_site_name":"Plastica Tijuana","article_publisher":"https:\/\/www.facebook.com\/cervantesaragonplasticsurgery\/","article_modified_time":"2024-01-25T16:58:31+00:00","twitter_card":"summary_large_image","twitter_site":"@plasticatijuana","twitter_misc":{"Tiempo de lectura":"5 minutos"},"schema":{"@context":"https:\/\/schema.org","@graph":[{"@type":"WebPage","@id":"https:\/\/plasticatijuana.com\/es\/politica-de-privacidad\/","url":"https:\/\/plasticatijuana.com\/es\/politica-de-privacidad\/","name":"Pol\u00edtica de privacidad - Plastica Tijuana","isPartOf":{"@id":"https:\/\/plasticatijuana.com\/es\/#website"},"datePublished":"2021-05-19T08:47:32+00:00","dateModified":"2024-01-25T16:58:31+00:00","breadcrumb":{"@id":"https:\/\/plasticatijuana.com\/es\/politica-de-privacidad\/#breadcrumb"},"inLanguage":"es","potentialAction":[{"@type":"ReadAction","target":["https:\/\/plasticatijuana.com\/es\/politica-de-privacidad\/"]}]},{"@type":"BreadcrumbList","@id":"https:\/\/plasticatijuana.com\/es\/politica-de-privacidad\/#breadcrumb","itemListElement":[{"@type":"ListItem","position":1,"name":"Inicio","item":"https:\/\/plasticatijuana.com\/es\/home-2024\/"},{"@type":"ListItem","position":2,"name":"Pol\u00edtica de privacidad"}]},{"@type":"WebSite","@id":"https:\/\/plasticatijuana.com\/es\/#website","url":"https:\/\/plasticatijuana.com\/es\/","name":"Plastica Tijuana","description":"Because your beauty is unique","potentialAction":[{"@type":"SearchAction","target":{"@type":"EntryPoint","urlTemplate":"https:\/\/plasticatijuana.com\/es\/?s={search_term_string}"},"query-input":{"@type":"PropertyValueSpecification","valueRequired":true,"valueName":"search_term_string"}}],"inLanguage":"es"}]}},"_links":{"self":[{"href":"https:\/\/plasticatijuana.com\/es\/wp-json\/wp\/v2\/pages\/8514","targetHints":{"allow":["GET"]}}],"collection":[{"href":"https:\/\/plasticatijuana.com\/es\/wp-json\/wp\/v2\/pages"}],"about":[{"href":"https:\/\/plasticatijuana.com\/es\/wp-json\/wp\/v2\/types\/page"}],"author":[{"embeddable":true,"href":"https:\/\/plasticatijuana.com\/es\/wp-json\/wp\/v2\/users\/1"}],"replies":[{"embeddable":true,"href":"https:\/\/plasticatijuana.com\/es\/wp-json\/wp\/v2\/comments?post=8514"}],"version-history":[{"count":0,"href":"https:\/\/plasticatijuana.com\/es\/wp-json\/wp\/v2\/pages\/8514\/revisions"}],"wp:attachment":[{"href":"https:\/\/plasticatijuana.com\/es\/wp-json\/wp\/v2\/media?parent=8514"}],"curies":[{"name":"wp","href":"https:\/\/api.w.org\/{rel}","templated":true}]}}