{"id":8530,"date":"2016-07-15T11:55:07","date_gmt":"2016-07-15T18:55:07","guid":{"rendered":"https:\/\/plasticatijuana.com\/procedimientos-reconstructivos\/"},"modified":"2024-01-25T18:17:55","modified_gmt":"2024-01-25T17:17:55","slug":"procedimientos-reconstructivos","status":"publish","type":"page","link":"https:\/\/plasticatijuana.com\/es\/procedimientos-reconstructivos\/","title":{"rendered":"Procedimientos reconstructivos"},"content":{"rendered":"\t\t<div data-elementor-type=\"wp-page\" data-elementor-id=\"8530\" class=\"elementor elementor-8530 elementor-2013\" data-elementor-settings=\"{&quot;element_pack_global_tooltip_width&quot;:{&quot;unit&quot;:&quot;px&quot;,&quot;size&quot;:&quot;&quot;,&quot;sizes&quot;:[]},&quot;element_pack_global_tooltip_width_tablet&quot;:{&quot;unit&quot;:&quot;px&quot;,&quot;size&quot;:&quot;&quot;,&quot;sizes&quot;:[]},&quot;element_pack_global_tooltip_width_mobile&quot;:{&quot;unit&quot;:&quot;px&quot;,&quot;size&quot;:&quot;&quot;,&quot;sizes&quot;:[]},&quot;element_pack_global_tooltip_padding&quot;:{&quot;unit&quot;:&quot;px&quot;,&quot;top&quot;:&quot;&quot;,&quot;right&quot;:&quot;&quot;,&quot;bottom&quot;:&quot;&quot;,&quot;left&quot;:&quot;&quot;,&quot;isLinked&quot;:true},&quot;element_pack_global_tooltip_padding_tablet&quot;:{&quot;unit&quot;:&quot;px&quot;,&quot;top&quot;:&quot;&quot;,&quot;right&quot;:&quot;&quot;,&quot;bottom&quot;:&quot;&quot;,&quot;left&quot;:&quot;&quot;,&quot;isLinked&quot;:true},&quot;element_pack_global_tooltip_padding_mobile&quot;:{&quot;unit&quot;:&quot;px&quot;,&quot;top&quot;:&quot;&quot;,&quot;right&quot;:&quot;&quot;,&quot;bottom&quot;:&quot;&quot;,&quot;left&quot;:&quot;&quot;,&quot;isLinked&quot;:true},&quot;element_pack_global_tooltip_border_radius&quot;:{&quot;unit&quot;:&quot;px&quot;,&quot;top&quot;:&quot;&quot;,&quot;right&quot;:&quot;&quot;,&quot;bottom&quot;:&quot;&quot;,&quot;left&quot;:&quot;&quot;,&quot;isLinked&quot;:true},&quot;element_pack_global_tooltip_border_radius_tablet&quot;:{&quot;unit&quot;:&quot;px&quot;,&quot;top&quot;:&quot;&quot;,&quot;right&quot;:&quot;&quot;,&quot;bottom&quot;:&quot;&quot;,&quot;left&quot;:&quot;&quot;,&quot;isLinked&quot;:true},&quot;element_pack_global_tooltip_border_radius_mobile&quot;:{&quot;unit&quot;:&quot;px&quot;,&quot;top&quot;:&quot;&quot;,&quot;right&quot;:&quot;&quot;,&quot;bottom&quot;:&quot;&quot;,&quot;left&quot;:&quot;&quot;,&quot;isLinked&quot;:true}}\" data-elementor-post-type=\"page\">\n\t\t\t\t<div class=\"elementor-element elementor-element-62f92402 e-flex e-con-boxed e-con e-parent\" data-id=\"62f92402\" data-element_type=\"container\" data-e-type=\"container\" data-settings=\"{&quot;background_background&quot;:&quot;classic&quot;,&quot;shape_divider_bottom&quot;:&quot;triangle&quot;}\">\n\t\t\t\t\t<div class=\"e-con-inner\">\n\t\t\t\t<div class=\"elementor-shape elementor-shape-bottom\" aria-hidden=\"true\" data-negative=\"false\">\n\t\t\t<svg xmlns=\"http:\/\/www.w3.org\/2000\/svg\" viewBox=\"0 0 1000 100\" preserveAspectRatio=\"none\">\n\t<path class=\"elementor-shape-fill\" d=\"M500,98.9L0,6.1V0h1000v6.1L500,98.9z\"\/>\n<\/svg>\t\t<\/div>\n\t\t<div class=\"elementor-element elementor-element-59134855 e-con-full e-flex e-con e-child\" data-id=\"59134855\" data-element_type=\"container\" data-e-type=\"container\">\n\t\t\t\t<div class=\"elementor-element elementor-element-7919974a elementor-widget elementor-widget-text-editor\" data-id=\"7919974a\" data-element_type=\"widget\" data-e-type=\"widget\" data-widget_type=\"text-editor.default\">\n\t\t\t\t<div class=\"elementor-widget-container\">\n\t\t\t\t\t\t\t\t\t<p>NUESTROS<span style=\"color: #e3b17b;\"><strong> SERVICIOS<\/strong><\/span><\/p>\n\t\t\t\t\t\t\t\t<\/div>\n\t\t\t\t<\/div>\n\t\t\t\t<div class=\"elementor-element elementor-element-4a2bf844 animated-slow elementor-invisible elementor-widget elementor-widget-heading\" data-id=\"4a2bf844\" data-element_type=\"widget\" data-e-type=\"widget\" data-settings=\"{&quot;_animation&quot;:&quot;fadeInLeft&quot;}\" data-widget_type=\"heading.default\">\n\t\t\t\t<div class=\"elementor-widget-container\">\n\t\t\t\t\t<h5 class=\"elementor-heading-title elementor-size-default\">NUESTROS CIRUJANOS CERTIFICADOS <span>HAN ADOPTADO UN ENFOQUE HABIL Y <br> ARTISTICO DE LA CIRUG\u00cdA PL\u00c1STICA<\/span> <\/h5>\t\t\t\t<\/div>\n\t\t\t\t<\/div>\n\t\t\t\t<\/div>\n\t\t<div class=\"elementor-element elementor-element-642fe4ab e-flex e-con-boxed e-con e-child\" data-id=\"642fe4ab\" data-element_type=\"container\" data-e-type=\"container\">\n\t\t\t\t\t<div class=\"e-con-inner\">\n\t\t\t\t\t<\/div>\n\t\t\t\t<\/div>\n\t\t\t\t\t<\/div>\n\t\t\t\t<\/div>\n\t\t\t\t<section class=\"elementor-section elementor-top-section elementor-element elementor-element-7731b00 elementor-section-content-middle elementor-reverse-tablet elementor-reverse-mobile elementor-section-boxed elementor-section-height-default elementor-section-height-default\" data-id=\"7731b00\" data-element_type=\"section\" data-e-type=\"section\">\n\t\t\t\t\t\t<div class=\"elementor-container elementor-column-gap-default\">\n\t\t\t\t\t<div class=\"elementor-column elementor-col-50 elementor-top-column elementor-element elementor-element-c5de5a8\" data-id=\"c5de5a8\" data-element_type=\"column\" data-e-type=\"column\">\n\t\t\t<div class=\"elementor-widget-wrap elementor-element-populated\">\n\t\t\t\t\t\t<div class=\"elementor-element elementor-element-844a3d5 elementor-widget elementor-widget-image\" data-id=\"844a3d5\" data-element_type=\"widget\" data-e-type=\"widget\" data-widget_type=\"image.default\">\n\t\t\t\t<div class=\"elementor-widget-container\">\n\t\t\t\t\t\t\t\t\t\t\t\t\t\t\t<img fetchpriority=\"high\" decoding=\"async\" width=\"637\" height=\"425\" src=\"https:\/\/plasticatijuana.com\/wp-content\/uploads\/2023\/04\/busto.jpg\" class=\"attachment-full size-full wp-image-7868\" alt=\"\" srcset=\"https:\/\/plasticatijuana.com\/wp-content\/uploads\/2023\/04\/busto.jpg 637w, https:\/\/plasticatijuana.com\/wp-content\/uploads\/2023\/04\/busto-300x200.jpg 300w\" sizes=\"(max-width: 637px) 100vw, 637px\" \/>\t\t\t\t\t\t\t\t\t\t\t\t\t\t\t<\/div>\n\t\t\t\t<\/div>\n\t\t\t\t\t<\/div>\n\t\t<\/div>\n\t\t\t\t<div class=\"elementor-column elementor-col-50 elementor-top-column elementor-element elementor-element-012e2dc\" data-id=\"012e2dc\" data-element_type=\"column\" data-e-type=\"column\">\n\t\t\t<div class=\"elementor-widget-wrap elementor-element-populated\">\n\t\t\t\t\t\t<div class=\"elementor-element elementor-element-6be40d9 elementor-widget elementor-widget-heading\" data-id=\"6be40d9\" data-element_type=\"widget\" data-e-type=\"widget\" data-widget_type=\"heading.default\">\n\t\t\t\t<div class=\"elementor-widget-container\">\n\t\t\t\t\t<h2 class=\"elementor-heading-title elementor-size-default\"><b>Procedimientos<\/b> <span style=\"color: #e3b077;line-height: 41px;font-weight: 300\"><strong>reconstructivos<\/strong><\/span><\/h2>\t\t\t\t<\/div>\n\t\t\t\t<\/div>\n\t\t\t\t<div class=\"elementor-element elementor-element-eb23644 elementor-widget elementor-widget-text-editor\" data-id=\"eb23644\" data-element_type=\"widget\" data-e-type=\"widget\" data-widget_type=\"text-editor.default\">\n\t\t\t\t<div class=\"elementor-widget-container\">\n\t\t\t\t\t\t\t\t\t<p>Aunque procedimientos como <a class=\"cambiar-aa\" href=\"https:\/\/plasticatijuana.com\/breast-augmentation-2\/\" target=\"_blank\">aumento de&nbsp;busto<\/a>&nbsp;y <a class=\"cambiar-aa\" href=\"https:\/\/plasticatijuana.com\/tummy-tuck\/\">abdominoplastia<\/a> son populares y parecen robar el centro de atenci\u00f3n de la cirug\u00eda pl\u00e1stica, hay una serie de <em>procedimientos de cirug\u00eda pl\u00e1stica reconstructiva<\/em> cuyos beneficios no son meramente est\u00e9ticos, algunos procedimientos, tambi\u00e9n pueden repercutir positivamente en su salud.<\/p>\n<p>Los doctores Cervantes y Arag\u00f3n est\u00e1n certificados en cirug\u00eda pl\u00e1stica y reconstructiva,&nbsp; y estamos orgullosos de ofrecer procedimientos de cirug\u00eda pl\u00e1stica reconstructiva que ayudan a los pacientes a obtener beneficios tanto funcionales como est\u00e9ticos.<\/p>\t\t\t\t\t\t\t\t<\/div>\n\t\t\t\t<\/div>\n\t\t\t\t\t<\/div>\n\t\t<\/div>\n\t\t\t\t\t<\/div>\n\t\t<\/section>\n\t\t\t\t<section class=\"elementor-section elementor-top-section elementor-element elementor-element-48e8a89 elementor-section-boxed elementor-section-height-default elementor-section-height-default\" data-id=\"48e8a89\" data-element_type=\"section\" data-e-type=\"section\" data-settings=\"{&quot;background_background&quot;:&quot;classic&quot;}\">\n\t\t\t\t\t\t<div class=\"elementor-container elementor-column-gap-default\">\n\t\t\t\t\t<div class=\"elementor-column elementor-col-100 elementor-top-column elementor-element elementor-element-7cd046f\" data-id=\"7cd046f\" data-element_type=\"column\" data-e-type=\"column\">\n\t\t\t<div class=\"elementor-widget-wrap elementor-element-populated\">\n\t\t\t\t\t\t<div class=\"elementor-element elementor-element-cbc2d23 elementor-widget elementor-widget-heading\" data-id=\"cbc2d23\" data-element_type=\"widget\" data-e-type=\"widget\" data-widget_type=\"heading.default\">\n\t\t\t\t<div class=\"elementor-widget-container\">\n\t\t\t\t\t<h2 class=\"elementor-heading-title elementor-size-default\"><b>Cirugia Plastica Tijuana<\/b> a\u00f1os de experiencia<\/h2>\t\t\t\t<\/div>\n\t\t\t\t<\/div>\n\t\t\t\t<div class=\"elementor-element elementor-element-2508c40 animated-slow elementor-invisible elementor-widget elementor-widget-heading\" data-id=\"2508c40\" data-element_type=\"widget\" data-e-type=\"widget\" data-settings=\"{&quot;_animation&quot;:&quot;fadeInLeft&quot;}\" data-widget_type=\"heading.default\">\n\t\t\t\t<div class=\"elementor-widget-container\">\n\t\t\t\t\t<h5 class=\"elementor-heading-title elementor-size-default\">Realizaci\u00f3n de procedimientos de cirug\u00eda pl\u00e1stica reconstructiva, incluyendo:<\/h5>\t\t\t\t<\/div>\n\t\t\t\t<\/div>\n\t\t\t\t\t<\/div>\n\t\t<\/div>\n\t\t\t\t\t<\/div>\n\t\t<\/section>\n\t\t<div class=\"elementor-element elementor-element-392cbdb e-flex e-con-boxed e-con e-parent\" data-id=\"392cbdb\" data-element_type=\"container\" data-e-type=\"container\">\n\t\t\t\t\t<div class=\"e-con-inner\">\n\t\t<div class=\"elementor-element elementor-element-73d5fa0 e-con-full e-flex e-con e-child\" data-id=\"73d5fa0\" data-element_type=\"container\" data-e-type=\"container\">\n\t\t\t\t<div class=\"elementor-element elementor-element-084e348 elementor-icon-list--layout-traditional elementor-list-item-link-full_width elementor-widget elementor-widget-icon-list\" data-id=\"084e348\" data-element_type=\"widget\" data-e-type=\"widget\" data-widget_type=\"icon-list.default\">\n\t\t\t\t<div class=\"elementor-widget-container\">\n\t\t\t\t\t\t\t<ul class=\"elementor-icon-list-items\">\n\t\t\t\t\t\t\t<li class=\"elementor-icon-list-item\">\n\t\t\t\t\t\t\t\t\t\t\t<a href=\"https:\/\/plasticatijuana.com\/feb2024\/face-and-neck-lift\/\">\n\n\t\t\t\t\t\t\t\t\t\t\t\t<span class=\"elementor-icon-list-icon\">\n\t\t\t\t\t\t\t<i aria-hidden=\"true\" class=\"jki jki-right-arrow-7\"><\/i>\t\t\t\t\t\t<\/span>\n\t\t\t\t\t\t\t\t\t\t<span class=\"elementor-icon-list-text\">Cirug\u00eda facial y de cuello<\/span>\n\t\t\t\t\t\t\t\t\t\t\t<\/a>\n\t\t\t\t\t\t\t\t\t<\/li>\n\t\t\t\t\t\t\t\t<li class=\"elementor-icon-list-item\">\n\t\t\t\t\t\t\t\t\t\t\t<a href=\"https:\/\/plasticatijuana.com\/feb2024\/nose-surgery\/\">\n\n\t\t\t\t\t\t\t\t\t\t\t\t<span class=\"elementor-icon-list-icon\">\n\t\t\t\t\t\t\t<i aria-hidden=\"true\" class=\"jki jki-right-arrow-7\"><\/i>\t\t\t\t\t\t<\/span>\n\t\t\t\t\t\t\t\t\t\t<span class=\"elementor-icon-list-text\">Cirug\u00eda de la nariz (rinoplastia)<\/span>\n\t\t\t\t\t\t\t\t\t\t\t<\/a>\n\t\t\t\t\t\t\t\t\t<\/li>\n\t\t\t\t\t\t\t\t<li class=\"elementor-icon-list-item\">\n\t\t\t\t\t\t\t\t\t\t\t<a href=\"https:\/\/plasticatijuana.com\/feb2024\/liposculpture\/\">\n\n\t\t\t\t\t\t\t\t\t\t\t\t<span class=\"elementor-icon-list-icon\">\n\t\t\t\t\t\t\t<i aria-hidden=\"true\" class=\"jki jki-right-arrow-7\"><\/i>\t\t\t\t\t\t<\/span>\n\t\t\t\t\t\t\t\t\t\t<span class=\"elementor-icon-list-text\">Lipoescultura<\/span>\n\t\t\t\t\t\t\t\t\t\t\t<\/a>\n\t\t\t\t\t\t\t\t\t<\/li>\n\t\t\t\t\t\t\t\t<li class=\"elementor-icon-list-item\">\n\t\t\t\t\t\t\t\t\t\t\t<a href=\"https:\/\/plasticatijuana.com\/feb2024\/tummy-tuck\/\">\n\n\t\t\t\t\t\t\t\t\t\t\t\t<span class=\"elementor-icon-list-icon\">\n\t\t\t\t\t\t\t<i aria-hidden=\"true\" class=\"jki jki-right-arrow-7\"><\/i>\t\t\t\t\t\t<\/span>\n\t\t\t\t\t\t\t\t\t\t<span class=\"elementor-icon-list-text\">Abdominoplastia<\/span>\n\t\t\t\t\t\t\t\t\t\t\t<\/a>\n\t\t\t\t\t\t\t\t\t<\/li>\n\t\t\t\t\t\t\t\t<li class=\"elementor-icon-list-item\">\n\t\t\t\t\t\t\t\t\t\t\t<a href=\"https:\/\/plasticatijuana.com\/feb2024\/brazilian-butt-lift\/\">\n\n\t\t\t\t\t\t\t\t\t\t\t\t<span class=\"elementor-icon-list-icon\">\n\t\t\t\t\t\t\t<i aria-hidden=\"true\" class=\"jki jki-right-arrow-7\"><\/i>\t\t\t\t\t\t<\/span>\n\t\t\t\t\t\t\t\t\t\t<span class=\"elementor-icon-list-text\">Levantamiento de gl\u00fateos brasile\u00f1o<\/span>\n\t\t\t\t\t\t\t\t\t\t\t<\/a>\n\t\t\t\t\t\t\t\t\t<\/li>\n\t\t\t\t\t\t<\/ul>\n\t\t\t\t\t\t<\/div>\n\t\t\t\t<\/div>\n\t\t\t\t<\/div>\n\t\t\t\t\t<\/div>\n\t\t\t\t<\/div>\n\t\t<div class=\"elementor-element elementor-element-fc38db3 e-flex e-con-boxed e-con e-parent\" data-id=\"fc38db3\" data-element_type=\"container\" data-e-type=\"container\">\n\t\t\t\t\t<div class=\"e-con-inner\">\n\t\t\t\t<div class=\"elementor-element elementor-element-696e3be elementor-widget elementor-widget-text-editor\" data-id=\"696e3be\" data-element_type=\"widget\" data-e-type=\"widget\" data-widget_type=\"text-editor.default\">\n\t\t\t\t<div class=\"elementor-widget-container\">\n\t\t\t\t\t\t\t\t\t<p>Si est\u00e1 pensando en <strong>cirug\u00eda pl\u00e1stica reconstructiva<\/strong>, por favor <a class=\"cambiar-a\" href=\"https:\/\/plasticatijuana.com\/contact-us\/\">contacte con Cirugia Plastica Tijuana<\/a> para programar su consulta personal. Damos la bienvenida a pacientes de las \u00e1reas del Condado de Los \u00c1ngeles, Condado de San Diego y Baja California.<\/p>\n\t\t\t\t\t\t\t\t<\/div>\n\t\t\t\t<\/div>\n\t\t\t\t\t<\/div>\n\t\t\t\t<\/div>\n\t\t\t\t<\/div>\n\t\t","protected":false},"excerpt":{"rendered":"<p>NUESTROS SERVICIOS NUESTROS CIRUJANOS CERTIFICADOS HAN ADOPTADO UN ENFOQUE HABIL Y ARTISTICO DE LA CIRUG\u00cdA PL\u00c1STICA Procedimientos reconstructivos Aunque procedimientos como aumento de&nbsp;busto&nbsp;y abdominoplastia son populares y parecen robar el centro de atenci\u00f3n de la cirug\u00eda pl\u00e1stica, hay una serie de procedimientos de cirug\u00eda pl\u00e1stica reconstructiva cuyos beneficios no son meramente est\u00e9ticos, algunos procedimientos, tambi\u00e9n [&hellip;]<\/p>\n","protected":false},"author":1,"featured_media":0,"parent":0,"menu_order":0,"comment_status":"closed","ping_status":"closed","template":"","meta":{"footnotes":""},"class_list":["post-8530","page","type-page","status-publish","hentry"],"yoast_head":"<!-- This site is optimized with the Yoast SEO plugin v27.4 - https:\/\/yoast.com\/product\/yoast-seo-wordpress\/ -->\n<title>Procedimientos Reconstructivos | Pl\u00e1stica Tijuana, Cirug\u00eda Pl\u00e1stica Tijuana<\/title>\n<meta name=\"description\" content=\"Existen procedimientos de cirug\u00eda pl\u00e1stica reconstructiva cuyos beneficios no son meramente est\u00e9ticos, algunos procedimientos, tambi\u00e9n pueden repercutir positivamente en su salud.\" \/>\n<meta name=\"robots\" content=\"index, follow, max-snippet:-1, max-image-preview:large, max-video-preview:-1\" \/>\n<link rel=\"canonical\" href=\"https:\/\/plasticatijuana.com\/es\/procedimientos-reconstructivos\/\" \/>\n<meta property=\"og:locale\" content=\"es_ES\" \/>\n<meta property=\"og:type\" content=\"article\" \/>\n<meta property=\"og:title\" content=\"Procedimientos Reconstructivos | Pl\u00e1stica Tijuana, Cirug\u00eda Pl\u00e1stica Tijuana\" \/>\n<meta property=\"og:description\" content=\"Existen procedimientos de cirug\u00eda pl\u00e1stica reconstructiva cuyos beneficios no son meramente est\u00e9ticos, algunos procedimientos, tambi\u00e9n pueden repercutir positivamente en su salud.\" \/>\n<meta property=\"og:url\" content=\"https:\/\/plasticatijuana.com\/es\/procedimientos-reconstructivos\/\" \/>\n<meta property=\"og:site_name\" content=\"Plastica Tijuana\" \/>\n<meta property=\"article:publisher\" content=\"https:\/\/www.facebook.com\/cervantesaragonplasticsurgery\/\" \/>\n<meta property=\"article:modified_time\" content=\"2024-01-25T17:17:55+00:00\" \/>\n<meta property=\"og:image\" content=\"https:\/\/plasticatijuana.com\/wp-content\/uploads\/2023\/04\/busto.jpg\" \/>\n<meta name=\"twitter:card\" content=\"summary_large_image\" \/>\n<meta name=\"twitter:site\" content=\"@plasticatijuana\" \/>\n<meta name=\"twitter:label1\" content=\"Tiempo de lectura\" \/>\n\t<meta name=\"twitter:data1\" content=\"1 minuto\" \/>\n<script type=\"application\/ld+json\" class=\"yoast-schema-graph\">{\"@context\":\"https:\\\/\\\/schema.org\",\"@graph\":[{\"@type\":\"WebPage\",\"@id\":\"https:\\\/\\\/plasticatijuana.com\\\/es\\\/procedimientos-reconstructivos\\\/\",\"url\":\"https:\\\/\\\/plasticatijuana.com\\\/es\\\/procedimientos-reconstructivos\\\/\",\"name\":\"Procedimientos Reconstructivos | Pl\u00e1stica Tijuana, Cirug\u00eda Pl\u00e1stica Tijuana\",\"isPartOf\":{\"@id\":\"https:\\\/\\\/plasticatijuana.com\\\/es\\\/#website\"},\"primaryImageOfPage\":{\"@id\":\"https:\\\/\\\/plasticatijuana.com\\\/es\\\/procedimientos-reconstructivos\\\/#primaryimage\"},\"image\":{\"@id\":\"https:\\\/\\\/plasticatijuana.com\\\/es\\\/procedimientos-reconstructivos\\\/#primaryimage\"},\"thumbnailUrl\":\"https:\\\/\\\/plasticatijuana.com\\\/wp-content\\\/uploads\\\/2023\\\/04\\\/busto.jpg\",\"datePublished\":\"2016-07-15T18:55:07+00:00\",\"dateModified\":\"2024-01-25T17:17:55+00:00\",\"description\":\"Existen procedimientos de cirug\u00eda pl\u00e1stica reconstructiva cuyos beneficios no son meramente est\u00e9ticos, algunos procedimientos, tambi\u00e9n pueden repercutir positivamente en su salud.\",\"breadcrumb\":{\"@id\":\"https:\\\/\\\/plasticatijuana.com\\\/es\\\/procedimientos-reconstructivos\\\/#breadcrumb\"},\"inLanguage\":\"es\",\"potentialAction\":[{\"@type\":\"ReadAction\",\"target\":[\"https:\\\/\\\/plasticatijuana.com\\\/es\\\/procedimientos-reconstructivos\\\/\"]}]},{\"@type\":\"ImageObject\",\"inLanguage\":\"es\",\"@id\":\"https:\\\/\\\/plasticatijuana.com\\\/es\\\/procedimientos-reconstructivos\\\/#primaryimage\",\"url\":\"https:\\\/\\\/plasticatijuana.com\\\/wp-content\\\/uploads\\\/2023\\\/04\\\/busto.jpg\",\"contentUrl\":\"https:\\\/\\\/plasticatijuana.com\\\/wp-content\\\/uploads\\\/2023\\\/04\\\/busto.jpg\"},{\"@type\":\"BreadcrumbList\",\"@id\":\"https:\\\/\\\/plasticatijuana.com\\\/es\\\/procedimientos-reconstructivos\\\/#breadcrumb\",\"itemListElement\":[{\"@type\":\"ListItem\",\"position\":1,\"name\":\"Inicio\",\"item\":\"https:\\\/\\\/plasticatijuana.com\\\/es\\\/home-2024\\\/\"},{\"@type\":\"ListItem\",\"position\":2,\"name\":\"Procedimientos reconstructivos\"}]},{\"@type\":\"WebSite\",\"@id\":\"https:\\\/\\\/plasticatijuana.com\\\/es\\\/#website\",\"url\":\"https:\\\/\\\/plasticatijuana.com\\\/es\\\/\",\"name\":\"Plastica Tijuana\",\"description\":\"Because your beauty is unique\",\"potentialAction\":[{\"@type\":\"SearchAction\",\"target\":{\"@type\":\"EntryPoint\",\"urlTemplate\":\"https:\\\/\\\/plasticatijuana.com\\\/es\\\/?s={search_term_string}\"},\"query-input\":{\"@type\":\"PropertyValueSpecification\",\"valueRequired\":true,\"valueName\":\"search_term_string\"}}],\"inLanguage\":\"es\"}]}<\/script>\n<!-- \/ Yoast SEO plugin. -->","yoast_head_json":{"title":"Procedimientos Reconstructivos | Pl\u00e1stica Tijuana, Cirug\u00eda Pl\u00e1stica Tijuana","description":"Existen procedimientos de cirug\u00eda pl\u00e1stica reconstructiva cuyos beneficios no son meramente est\u00e9ticos, algunos procedimientos, tambi\u00e9n pueden repercutir positivamente en su salud.","robots":{"index":"index","follow":"follow","max-snippet":"max-snippet:-1","max-image-preview":"max-image-preview:large","max-video-preview":"max-video-preview:-1"},"canonical":"https:\/\/plasticatijuana.com\/es\/procedimientos-reconstructivos\/","og_locale":"es_ES","og_type":"article","og_title":"Procedimientos Reconstructivos | Pl\u00e1stica Tijuana, Cirug\u00eda Pl\u00e1stica Tijuana","og_description":"Existen procedimientos de cirug\u00eda pl\u00e1stica reconstructiva cuyos beneficios no son meramente est\u00e9ticos, algunos procedimientos, tambi\u00e9n pueden repercutir positivamente en su salud.","og_url":"https:\/\/plasticatijuana.com\/es\/procedimientos-reconstructivos\/","og_site_name":"Plastica Tijuana","article_publisher":"https:\/\/www.facebook.com\/cervantesaragonplasticsurgery\/","article_modified_time":"2024-01-25T17:17:55+00:00","og_image":[{"url":"https:\/\/plasticatijuana.com\/wp-content\/uploads\/2023\/04\/busto.jpg","type":"","width":"","height":""}],"twitter_card":"summary_large_image","twitter_site":"@plasticatijuana","twitter_misc":{"Tiempo de lectura":"1 minuto"},"schema":{"@context":"https:\/\/schema.org","@graph":[{"@type":"WebPage","@id":"https:\/\/plasticatijuana.com\/es\/procedimientos-reconstructivos\/","url":"https:\/\/plasticatijuana.com\/es\/procedimientos-reconstructivos\/","name":"Procedimientos Reconstructivos | Pl\u00e1stica Tijuana, Cirug\u00eda Pl\u00e1stica Tijuana","isPartOf":{"@id":"https:\/\/plasticatijuana.com\/es\/#website"},"primaryImageOfPage":{"@id":"https:\/\/plasticatijuana.com\/es\/procedimientos-reconstructivos\/#primaryimage"},"image":{"@id":"https:\/\/plasticatijuana.com\/es\/procedimientos-reconstructivos\/#primaryimage"},"thumbnailUrl":"https:\/\/plasticatijuana.com\/wp-content\/uploads\/2023\/04\/busto.jpg","datePublished":"2016-07-15T18:55:07+00:00","dateModified":"2024-01-25T17:17:55+00:00","description":"Existen procedimientos de cirug\u00eda pl\u00e1stica reconstructiva cuyos beneficios no son meramente est\u00e9ticos, algunos procedimientos, tambi\u00e9n pueden repercutir positivamente en su salud.","breadcrumb":{"@id":"https:\/\/plasticatijuana.com\/es\/procedimientos-reconstructivos\/#breadcrumb"},"inLanguage":"es","potentialAction":[{"@type":"ReadAction","target":["https:\/\/plasticatijuana.com\/es\/procedimientos-reconstructivos\/"]}]},{"@type":"ImageObject","inLanguage":"es","@id":"https:\/\/plasticatijuana.com\/es\/procedimientos-reconstructivos\/#primaryimage","url":"https:\/\/plasticatijuana.com\/wp-content\/uploads\/2023\/04\/busto.jpg","contentUrl":"https:\/\/plasticatijuana.com\/wp-content\/uploads\/2023\/04\/busto.jpg"},{"@type":"BreadcrumbList","@id":"https:\/\/plasticatijuana.com\/es\/procedimientos-reconstructivos\/#breadcrumb","itemListElement":[{"@type":"ListItem","position":1,"name":"Inicio","item":"https:\/\/plasticatijuana.com\/es\/home-2024\/"},{"@type":"ListItem","position":2,"name":"Procedimientos reconstructivos"}]},{"@type":"WebSite","@id":"https:\/\/plasticatijuana.com\/es\/#website","url":"https:\/\/plasticatijuana.com\/es\/","name":"Plastica Tijuana","description":"Because your beauty is unique","potentialAction":[{"@type":"SearchAction","target":{"@type":"EntryPoint","urlTemplate":"https:\/\/plasticatijuana.com\/es\/?s={search_term_string}"},"query-input":{"@type":"PropertyValueSpecification","valueRequired":true,"valueName":"search_term_string"}}],"inLanguage":"es"}]}},"_links":{"self":[{"href":"https:\/\/plasticatijuana.com\/es\/wp-json\/wp\/v2\/pages\/8530","targetHints":{"allow":["GET"]}}],"collection":[{"href":"https:\/\/plasticatijuana.com\/es\/wp-json\/wp\/v2\/pages"}],"about":[{"href":"https:\/\/plasticatijuana.com\/es\/wp-json\/wp\/v2\/types\/page"}],"author":[{"embeddable":true,"href":"https:\/\/plasticatijuana.com\/es\/wp-json\/wp\/v2\/users\/1"}],"replies":[{"embeddable":true,"href":"https:\/\/plasticatijuana.com\/es\/wp-json\/wp\/v2\/comments?post=8530"}],"version-history":[{"count":0,"href":"https:\/\/plasticatijuana.com\/es\/wp-json\/wp\/v2\/pages\/8530\/revisions"}],"wp:attachment":[{"href":"https:\/\/plasticatijuana.com\/es\/wp-json\/wp\/v2\/media?parent=8530"}],"curies":[{"name":"wp","href":"https:\/\/api.w.org\/{rel}","templated":true}]}}