{"id":8539,"date":"2016-07-12T18:15:30","date_gmt":"2016-07-13T01:15:30","guid":{"rendered":"https:\/\/plasticatijuana.com\/cirujanos-esteticos\/"},"modified":"2024-02-06T21:25:55","modified_gmt":"2024-02-06T20:25:55","slug":"cirujanos-esteticos","status":"publish","type":"page","link":"https:\/\/plasticatijuana.com\/es\/cirujanos-esteticos\/","title":{"rendered":"Cirujanos est\u00e9ticos"},"content":{"rendered":"\t\t<div data-elementor-type=\"wp-page\" data-elementor-id=\"8539\" class=\"elementor elementor-8539 elementor-1837\" data-elementor-settings=\"{&quot;element_pack_global_tooltip_width&quot;:{&quot;unit&quot;:&quot;px&quot;,&quot;size&quot;:&quot;&quot;,&quot;sizes&quot;:[]},&quot;element_pack_global_tooltip_width_tablet&quot;:{&quot;unit&quot;:&quot;px&quot;,&quot;size&quot;:&quot;&quot;,&quot;sizes&quot;:[]},&quot;element_pack_global_tooltip_width_mobile&quot;:{&quot;unit&quot;:&quot;px&quot;,&quot;size&quot;:&quot;&quot;,&quot;sizes&quot;:[]},&quot;element_pack_global_tooltip_padding&quot;:{&quot;unit&quot;:&quot;px&quot;,&quot;top&quot;:&quot;&quot;,&quot;right&quot;:&quot;&quot;,&quot;bottom&quot;:&quot;&quot;,&quot;left&quot;:&quot;&quot;,&quot;isLinked&quot;:true},&quot;element_pack_global_tooltip_padding_tablet&quot;:{&quot;unit&quot;:&quot;px&quot;,&quot;top&quot;:&quot;&quot;,&quot;right&quot;:&quot;&quot;,&quot;bottom&quot;:&quot;&quot;,&quot;left&quot;:&quot;&quot;,&quot;isLinked&quot;:true},&quot;element_pack_global_tooltip_padding_mobile&quot;:{&quot;unit&quot;:&quot;px&quot;,&quot;top&quot;:&quot;&quot;,&quot;right&quot;:&quot;&quot;,&quot;bottom&quot;:&quot;&quot;,&quot;left&quot;:&quot;&quot;,&quot;isLinked&quot;:true},&quot;element_pack_global_tooltip_border_radius&quot;:{&quot;unit&quot;:&quot;px&quot;,&quot;top&quot;:&quot;&quot;,&quot;right&quot;:&quot;&quot;,&quot;bottom&quot;:&quot;&quot;,&quot;left&quot;:&quot;&quot;,&quot;isLinked&quot;:true},&quot;element_pack_global_tooltip_border_radius_tablet&quot;:{&quot;unit&quot;:&quot;px&quot;,&quot;top&quot;:&quot;&quot;,&quot;right&quot;:&quot;&quot;,&quot;bottom&quot;:&quot;&quot;,&quot;left&quot;:&quot;&quot;,&quot;isLinked&quot;:true},&quot;element_pack_global_tooltip_border_radius_mobile&quot;:{&quot;unit&quot;:&quot;px&quot;,&quot;top&quot;:&quot;&quot;,&quot;right&quot;:&quot;&quot;,&quot;bottom&quot;:&quot;&quot;,&quot;left&quot;:&quot;&quot;,&quot;isLinked&quot;:true}}\" data-elementor-post-type=\"page\">\n\t\t\t\t<div class=\"elementor-element elementor-element-3ec85beb e-flex e-con-boxed e-con e-parent\" data-id=\"3ec85beb\" data-element_type=\"container\" data-e-type=\"container\" data-settings=\"{&quot;background_background&quot;:&quot;classic&quot;,&quot;shape_divider_bottom&quot;:&quot;triangle&quot;}\">\n\t\t\t\t\t<div class=\"e-con-inner\">\n\t\t\t\t<div class=\"elementor-shape elementor-shape-bottom\" aria-hidden=\"true\" data-negative=\"false\">\n\t\t\t<svg xmlns=\"http:\/\/www.w3.org\/2000\/svg\" viewBox=\"0 0 1000 100\" preserveAspectRatio=\"none\">\n\t<path class=\"elementor-shape-fill\" d=\"M500,98.9L0,6.1V0h1000v6.1L500,98.9z\"\/>\n<\/svg>\t\t<\/div>\n\t\t<div class=\"elementor-element elementor-element-14afd411 e-con-full e-flex e-con e-child\" data-id=\"14afd411\" data-element_type=\"container\" data-e-type=\"container\">\n\t\t\t\t<div class=\"elementor-element elementor-element-a9a4c32 elementor-widget elementor-widget-text-editor\" data-id=\"a9a4c32\" data-element_type=\"widget\" data-e-type=\"widget\" data-widget_type=\"text-editor.default\">\n\t\t\t\t<div class=\"elementor-widget-container\">\n\t\t\t\t\t\t\t\t\t<p>BIENVENIDOS A <span style=\"color: #e3b17b;\"><strong>PL\u00c1STICA TIJUANA<\/strong><\/span><\/p>\n\t\t\t\t\t\t\t\t<\/div>\n\t\t\t\t<\/div>\n\t\t\t\t<div class=\"elementor-element elementor-element-29856274 animated-slow elementor-invisible elementor-widget elementor-widget-heading\" data-id=\"29856274\" data-element_type=\"widget\" data-e-type=\"widget\" data-settings=\"{&quot;_animation&quot;:&quot;fadeInLeft&quot;}\" data-widget_type=\"heading.default\">\n\t\t\t\t<div class=\"elementor-widget-container\">\n\t\t\t\t\t<h5 class=\"elementor-heading-title elementor-size-default\">LOS CIRUJANOS <span>CERTIFICADOS POR EL CONSEJO ADOPTAN UN ENFOQUE H\u00c1BIL Y ART\u00cdSTICO DE <br>LA CIRUG\u00cdA PL\u00c1STICA<\/span> <\/h5>\t\t\t\t<\/div>\n\t\t\t\t<\/div>\n\t\t\t\t<div class=\"elementor-element elementor-element-6f453460 elementor-blockquote--skin-quotation elementor-blockquote--align-center elementor-widget elementor-widget-blockquote\" data-id=\"6f453460\" data-element_type=\"widget\" data-e-type=\"widget\" data-widget_type=\"blockquote.default\">\n\t\t\t\t<div class=\"elementor-widget-container\">\n\t\t\t\t\t\t\t<blockquote class=\"elementor-blockquote\">\n\t\t\t<p class=\"elementor-blockquote__content\">\n\t\t\t\tLA CIRUG\u00cdA EST\u00c9TICA PRETENDE MEJORAR EL ASPECTO DE UNA PERSONA. ENTRE LAS T\u00c9CNICAS Y PROCEDIMIENTOS UTILIZADOS FIGURAN EL LIFTING FACIAL, EL LIFTING DE OJOS, EL CONTORNO CORPORAL, LOS IMPLANTES, LA LIPOSUCCI\u00d3N Y LAS INYECCIONES DE TOXINA BOTUL\u00cdNICA TIPO A (A MENUDO CONOCIDA COMO \"BOTOX\") O RELLENOS DE TEJIDOS BLANDOS (D\u00c9RMICOS) COMO COL\u00c1GENO O GRASA.\t\t\t<\/p>\n\t\t\t\t\t<\/blockquote>\n\t\t\t\t\t\t<\/div>\n\t\t\t\t<\/div>\n\t\t\t\t<\/div>\n\t\t<div class=\"elementor-element elementor-element-7bd8ef6 e-flex e-con-boxed e-con e-child\" data-id=\"7bd8ef6\" data-element_type=\"container\" data-e-type=\"container\">\n\t\t\t\t\t<div class=\"e-con-inner\">\n\t\t\t\t\t<\/div>\n\t\t\t\t<\/div>\n\t\t\t\t\t<\/div>\n\t\t\t\t<\/div>\n\t\t\t\t<section class=\"elementor-section elementor-top-section elementor-element elementor-element-b83641e elementor-section-boxed elementor-section-height-default elementor-section-height-default\" data-id=\"b83641e\" data-element_type=\"section\" data-e-type=\"section\">\n\t\t\t\t\t\t<div class=\"elementor-container elementor-column-gap-default\">\n\t\t\t\t\t<div class=\"elementor-column elementor-col-100 elementor-top-column elementor-element elementor-element-ec61283\" data-id=\"ec61283\" data-element_type=\"column\" data-e-type=\"column\">\n\t\t\t<div class=\"elementor-widget-wrap elementor-element-populated\">\n\t\t\t\t\t\t<div class=\"elementor-element elementor-element-61be9a6 elementor-widget elementor-widget-heading\" data-id=\"61be9a6\" data-element_type=\"widget\" data-e-type=\"widget\" data-widget_type=\"heading.default\">\n\t\t\t\t<div class=\"elementor-widget-container\">\n\t\t\t\t\t<h2 class=\"elementor-heading-title elementor-size-default\"><b>MEJORES Cirujanos Cosmeticos<\/b> en Tijuana<\/h2>\t\t\t\t<\/div>\n\t\t\t\t<\/div>\n\t\t\t\t<div class=\"elementor-element elementor-element-d196cab elementor-widget elementor-widget-text-editor\" data-id=\"d196cab\" data-element_type=\"widget\" data-e-type=\"widget\" data-widget_type=\"text-editor.default\">\n\t\t\t\t<div class=\"elementor-widget-container\">\n\t\t\t\t\t\t\t\t\t<p>Bienvenida a <a href=\"https:\/\/plasticatijuana.com\/es\/\">www.plasticatijuana.com.<\/a> Estamos deseando ayudarte a que te veas y te sientas incre\u00edble. Pl\u00e1stica Tijuana Surgery es el principal proveedor de Baja California de la cirug\u00eda pl\u00e1stica, cirug\u00eda est\u00e9tica y cirug\u00eda reconstructiva.<\/p>\n\t\t\t\t\t\t\t\t<\/div>\n\t\t\t\t<\/div>\n\t\t\t\t\t<\/div>\n\t\t<\/div>\n\t\t\t\t\t<\/div>\n\t\t<\/section>\n\t\t\t\t<section class=\"elementor-section elementor-top-section elementor-element elementor-element-dea3ccd elementor-section-boxed elementor-section-height-default elementor-section-height-default\" data-id=\"dea3ccd\" data-element_type=\"section\" data-e-type=\"section\" data-settings=\"{&quot;background_background&quot;:&quot;classic&quot;}\">\n\t\t\t\t\t\t<div class=\"elementor-container elementor-column-gap-default\">\n\t\t\t\t\t<div class=\"elementor-column elementor-col-100 elementor-top-column elementor-element elementor-element-e7679e6\" data-id=\"e7679e6\" data-element_type=\"column\" data-e-type=\"column\">\n\t\t\t<div class=\"elementor-widget-wrap elementor-element-populated\">\n\t\t\t\t\t\t<div class=\"elementor-element elementor-element-1a5521c elementor-blockquote--skin-quotation elementor-blockquote--align-center elementor-widget elementor-widget-blockquote\" data-id=\"1a5521c\" data-element_type=\"widget\" data-e-type=\"widget\" data-widget_type=\"blockquote.default\">\n\t\t\t\t<div class=\"elementor-widget-container\">\n\t\t\t\t\t\t\t<blockquote class=\"elementor-blockquote\">\n\t\t\t<p class=\"elementor-blockquote__content\">\n\t\t\t\tLA CIRUG\u00cdA EST\u00c9TICA SE REALIZA PARA REMODELAR ESTRUCTURAS DEL CUERPO Y MEJORAR EL ASPECTO DE UNA PERSONA. COMO CUALQUIER CIRUG\u00cdA, LAS INTERVENCIONES EST\u00c9TICAS REQUIEREN TIEMPO DE RECUPERACI\u00d3N, CICATRIZACI\u00d3N Y CUIDADOS ADECUADOS.\t\t\t<\/p>\n\t\t\t\t\t<\/blockquote>\n\t\t\t\t\t\t<\/div>\n\t\t\t\t<\/div>\n\t\t\t\t\t<\/div>\n\t\t<\/div>\n\t\t\t\t\t<\/div>\n\t\t<\/section>\n\t\t\t\t<section class=\"elementor-section elementor-top-section elementor-element elementor-element-f88b0b3 elementor-section-full_width elementor-section-height-default elementor-section-height-default\" data-id=\"f88b0b3\" data-element_type=\"section\" data-e-type=\"section\" data-settings=\"{&quot;background_background&quot;:&quot;classic&quot;,&quot;shape_divider_top&quot;:&quot;mountains&quot;}\">\n\t\t\t\t\t<div class=\"elementor-shape elementor-shape-top\" aria-hidden=\"true\" data-negative=\"false\">\n\t\t\t<svg xmlns=\"http:\/\/www.w3.org\/2000\/svg\" viewBox=\"0 0 1000 100\" preserveAspectRatio=\"none\">\n\t<path class=\"elementor-shape-fill\" opacity=\"0.33\" d=\"M473,67.3c-203.9,88.3-263.1-34-320.3,0C66,119.1,0,59.7,0,59.7V0h1000v59.7 c0,0-62.1,26.1-94.9,29.3c-32.8,3.3-62.8-12.3-75.8-22.1C806,49.6,745.3,8.7,694.9,4.7S492.4,59,473,67.3z\"\/>\n\t<path class=\"elementor-shape-fill\" opacity=\"0.66\" d=\"M734,67.3c-45.5,0-77.2-23.2-129.1-39.1c-28.6-8.7-150.3-10.1-254,39.1 s-91.7-34.4-149.2,0C115.7,118.3,0,39.8,0,39.8V0h1000v36.5c0,0-28.2-18.5-92.1-18.5C810.2,18.1,775.7,67.3,734,67.3z\"\/>\n\t<path class=\"elementor-shape-fill\" d=\"M766.1,28.9c-200-57.5-266,65.5-395.1,19.5C242,1.8,242,5.4,184.8,20.6C128,35.8,132.3,44.9,89.9,52.5C28.6,63.7,0,0,0,0 h1000c0,0-9.9,40.9-83.6,48.1S829.6,47,766.1,28.9z\"\/>\n<\/svg>\t\t<\/div>\n\t\t\t\t\t<div class=\"elementor-container elementor-column-gap-no\">\n\t\t\t\t\t<div class=\"elementor-column elementor-col-50 elementor-top-column elementor-element elementor-element-5bed11d\" data-id=\"5bed11d\" data-element_type=\"column\" data-e-type=\"column\" data-settings=\"{&quot;background_background&quot;:&quot;classic&quot;}\">\n\t\t\t<div class=\"elementor-widget-wrap elementor-element-populated\">\n\t\t\t\t\t<div class=\"elementor-background-overlay\"><\/div>\n\t\t\t\t\t\t<div class=\"elementor-element elementor-element-709d4cd elementor-widget elementor-widget-image\" data-id=\"709d4cd\" data-element_type=\"widget\" data-e-type=\"widget\" data-widget_type=\"image.default\">\n\t\t\t\t<div class=\"elementor-widget-container\">\n\t\t\t\t\t\t\t\t\t\t\t\t\t\t\t<img fetchpriority=\"high\" decoding=\"async\" width=\"764\" height=\"946\" src=\"https:\/\/plasticatijuana.com\/wp-content\/uploads\/2023\/12\/pl-tj_main-photo-doctors_jun2022.jpg\" class=\"attachment-full size-full wp-image-7379\" alt=\"\" srcset=\"https:\/\/plasticatijuana.com\/wp-content\/uploads\/2023\/12\/pl-tj_main-photo-doctors_jun2022.jpg 764w, https:\/\/plasticatijuana.com\/wp-content\/uploads\/2023\/12\/pl-tj_main-photo-doctors_jun2022-242x300.jpg 242w\" sizes=\"(max-width: 764px) 100vw, 764px\" \/>\t\t\t\t\t\t\t\t\t\t\t\t\t\t\t<\/div>\n\t\t\t\t<\/div>\n\t\t\t\t\t<\/div>\n\t\t<\/div>\n\t\t\t\t<div class=\"elementor-column elementor-col-50 elementor-top-column elementor-element elementor-element-357bccf\" data-id=\"357bccf\" data-element_type=\"column\" data-e-type=\"column\" data-settings=\"{&quot;background_background&quot;:&quot;gradient&quot;}\">\n\t\t\t<div class=\"elementor-widget-wrap elementor-element-populated\">\n\t\t\t\t\t<div class=\"elementor-background-overlay\"><\/div>\n\t\t\t\t\t\t<div class=\"elementor-element elementor-element-e8a5923 elementor-widget elementor-widget-text-editor\" data-id=\"e8a5923\" data-element_type=\"widget\" data-e-type=\"widget\" data-widget_type=\"text-editor.default\">\n\t\t\t\t<div class=\"elementor-widget-container\">\n\t\t\t\t\t\t\t\t\t<p>Nuestros cirujanos pl\u00e1sticos tienen formaci\u00f3n avanzada y experiencia en la realizaci\u00f3n de una gran variedad de t\u00e9cnicas quir\u00fargicas, as\u00ed como en una amplia gama de especialidades.<\/p>\n<p>Mejorar su aspecto puede mejorar su salud emocional y aumentar su autoestima. En Pl\u00e1stica Tijuana Surgery, reconocemos que la cirug\u00eda es una decisi\u00f3n muy personal para usted, una el enfoque y el toque de su cirujano juega un gran papel. Su cirujano debe tener un agudo sentido est\u00e9tico de la armon\u00eda y el equilibrio. Debe ser meticuloso con todos los detalles de su pr\u00e1ctica quir\u00fargica, incluido el mantenimiento de la intimidad y la confidencialidad.<\/p>\n\t\t\t\t\t\t\t\t<\/div>\n\t\t\t\t<\/div>\n\t\t\t\t<div class=\"elementor-element elementor-element-24f1141 e-transform elementor-mobile-align-center elementor-widget elementor-widget-button\" data-id=\"24f1141\" data-element_type=\"widget\" data-e-type=\"widget\" data-settings=\"{&quot;_transform_scale_effect_hover&quot;:{&quot;unit&quot;:&quot;px&quot;,&quot;size&quot;:1.01,&quot;sizes&quot;:[]},&quot;_transform_scale_effect_hover_tablet&quot;:{&quot;unit&quot;:&quot;px&quot;,&quot;size&quot;:&quot;&quot;,&quot;sizes&quot;:[]},&quot;_transform_scale_effect_hover_mobile&quot;:{&quot;unit&quot;:&quot;px&quot;,&quot;size&quot;:&quot;&quot;,&quot;sizes&quot;:[]}}\" data-widget_type=\"button.default\">\n\t\t\t\t<div class=\"elementor-widget-container\">\n\t\t\t\t\t\t\t\t\t<div class=\"elementor-button-wrapper\">\n\t\t\t\t\t<a class=\"elementor-button elementor-button-link elementor-size-md\" href=\"https:\/\/plasticatijuana.com\/es\/contacte-con-nosotros\/\">\n\t\t\t\t\t\t<span class=\"elementor-button-content-wrapper\">\n\t\t\t\t\t\t\t\t\t<span class=\"elementor-button-text\">Concierte una cita<\/span>\n\t\t\t\t\t<\/span>\n\t\t\t\t\t<\/a>\n\t\t\t\t<\/div>\n\t\t\t\t\t\t\t\t<\/div>\n\t\t\t\t<\/div>\n\t\t\t\t\t<\/div>\n\t\t<\/div>\n\t\t\t\t\t<\/div>\n\t\t<\/section>\n\t\t<div class=\"elementor-element elementor-element-85519d7 e-flex e-con-boxed e-con e-parent\" data-id=\"85519d7\" data-element_type=\"container\" data-e-type=\"container\" data-settings=\"{&quot;background_background&quot;:&quot;classic&quot;}\">\n\t\t\t\t\t<div class=\"e-con-inner\">\n\t\t\t\t<div class=\"elementor-element elementor-element-283144c elementor-widget elementor-widget-text-editor\" data-id=\"283144c\" data-element_type=\"widget\" data-e-type=\"widget\" data-widget_type=\"text-editor.default\">\n\t\t\t\t<div class=\"elementor-widget-container\">\n\t\t\t\t\t\t\t\t\t<p>En Pl\u00e1stica Tijuana Surgery, estamos orgullosos de la experiencia y excelencia de nuestros cirujanos y personal. Hemos seleccionado a los profesionales m\u00e1s destacados del \u00e1mbito m\u00e9dico para garantizar la m\u00e1xima atenci\u00f3n y servicio a nuestros pacientes.<\/p>\n<p>Tratamos a nuestros pacientes como esperamos que nos traten a nosotros&#8230; Con respeto, profesionalidad y compasi\u00f3n. Esperamos poder ayudarle a alcanzar sus objetivos.<\/p>\n\t\t\t\t\t\t\t\t<\/div>\n\t\t\t\t<\/div>\n\t\t\t\t\t<\/div>\n\t\t\t\t<\/div>\n\t\t\t\t<\/div>\n\t\t","protected":false},"excerpt":{"rendered":"<p>BIENVENIDOS A PL\u00c1STICA TIJUANA LOS CIRUJANOS CERTIFICADOS POR EL CONSEJO ADOPTAN UN ENFOQUE H\u00c1BIL Y ART\u00cdSTICO DE LA CIRUG\u00cdA PL\u00c1STICA LA CIRUG\u00cdA EST\u00c9TICA PRETENDE MEJORAR EL ASPECTO DE UNA PERSONA. ENTRE LAS T\u00c9CNICAS Y PROCEDIMIENTOS UTILIZADOS FIGURAN EL LIFTING FACIAL, EL LIFTING DE OJOS, EL CONTORNO CORPORAL, LOS IMPLANTES, LA LIPOSUCCI\u00d3N Y LAS INYECCIONES DE [&hellip;]<\/p>\n","protected":false},"author":1,"featured_media":0,"parent":0,"menu_order":0,"comment_status":"closed","ping_status":"closed","template":"","meta":{"footnotes":""},"class_list":["post-8539","page","type-page","status-publish","hentry"],"yoast_head":"<!-- This site is optimized with the Yoast SEO plugin v27.4 - https:\/\/yoast.com\/product\/yoast-seo-wordpress\/ -->\n<title>Cirujanos Cosmeticos | Pl\u00e1stica Tijuana, Cirug\u00eda Pl\u00e1stica y Reconstructiva<\/title>\n<meta name=\"description\" content=\"Nuestros cirujanos est\u00e9ticos tienen formaci\u00f3n avanzada y experiencia en la realizaci\u00f3n de una gran variedad de t\u00e9cnicas quir\u00fargicas, as\u00ed como en una amplia gama de especialidades.\" \/>\n<meta name=\"robots\" content=\"index, follow, max-snippet:-1, max-image-preview:large, max-video-preview:-1\" \/>\n<link rel=\"canonical\" href=\"https:\/\/plasticatijuana.com\/es\/cirujanos-esteticos\/\" \/>\n<meta property=\"og:locale\" content=\"es_ES\" \/>\n<meta property=\"og:type\" content=\"article\" \/>\n<meta property=\"og:title\" content=\"Cirujanos Cosmeticos | Pl\u00e1stica Tijuana, Cirug\u00eda Pl\u00e1stica y Reconstructiva\" \/>\n<meta property=\"og:description\" content=\"Nuestros cirujanos est\u00e9ticos tienen formaci\u00f3n avanzada y experiencia en la realizaci\u00f3n de una gran variedad de t\u00e9cnicas quir\u00fargicas, as\u00ed como en una amplia gama de especialidades.\" \/>\n<meta property=\"og:url\" content=\"https:\/\/plasticatijuana.com\/es\/cirujanos-esteticos\/\" \/>\n<meta property=\"og:site_name\" content=\"Plastica Tijuana\" \/>\n<meta property=\"article:publisher\" content=\"https:\/\/www.facebook.com\/cervantesaragonplasticsurgery\/\" \/>\n<meta property=\"article:modified_time\" content=\"2024-02-06T20:25:55+00:00\" \/>\n<meta property=\"og:image\" content=\"https:\/\/plasticatijuana.com\/wp-content\/uploads\/2023\/12\/pl-tj_main-photo-doctors_jun2022.jpg\" \/>\n<meta name=\"twitter:card\" content=\"summary_large_image\" \/>\n<meta name=\"twitter:site\" content=\"@plasticatijuana\" \/>\n<meta name=\"twitter:label1\" content=\"Tiempo de lectura\" \/>\n\t<meta name=\"twitter:data1\" content=\"2 minutos\" \/>\n<script type=\"application\/ld+json\" class=\"yoast-schema-graph\">{\"@context\":\"https:\\\/\\\/schema.org\",\"@graph\":[{\"@type\":\"WebPage\",\"@id\":\"https:\\\/\\\/plasticatijuana.com\\\/es\\\/cirujanos-esteticos\\\/\",\"url\":\"https:\\\/\\\/plasticatijuana.com\\\/es\\\/cirujanos-esteticos\\\/\",\"name\":\"Cirujanos Cosmeticos | Pl\u00e1stica Tijuana, Cirug\u00eda Pl\u00e1stica y Reconstructiva\",\"isPartOf\":{\"@id\":\"https:\\\/\\\/plasticatijuana.com\\\/es\\\/#website\"},\"primaryImageOfPage\":{\"@id\":\"https:\\\/\\\/plasticatijuana.com\\\/es\\\/cirujanos-esteticos\\\/#primaryimage\"},\"image\":{\"@id\":\"https:\\\/\\\/plasticatijuana.com\\\/es\\\/cirujanos-esteticos\\\/#primaryimage\"},\"thumbnailUrl\":\"https:\\\/\\\/plasticatijuana.com\\\/wp-content\\\/uploads\\\/2023\\\/12\\\/pl-tj_main-photo-doctors_jun2022.jpg\",\"datePublished\":\"2016-07-13T01:15:30+00:00\",\"dateModified\":\"2024-02-06T20:25:55+00:00\",\"description\":\"Nuestros cirujanos est\u00e9ticos tienen formaci\u00f3n avanzada y experiencia en la realizaci\u00f3n de una gran variedad de t\u00e9cnicas quir\u00fargicas, as\u00ed como en una amplia gama de especialidades.\",\"breadcrumb\":{\"@id\":\"https:\\\/\\\/plasticatijuana.com\\\/es\\\/cirujanos-esteticos\\\/#breadcrumb\"},\"inLanguage\":\"es\",\"potentialAction\":[{\"@type\":\"ReadAction\",\"target\":[\"https:\\\/\\\/plasticatijuana.com\\\/es\\\/cirujanos-esteticos\\\/\"]}]},{\"@type\":\"ImageObject\",\"inLanguage\":\"es\",\"@id\":\"https:\\\/\\\/plasticatijuana.com\\\/es\\\/cirujanos-esteticos\\\/#primaryimage\",\"url\":\"https:\\\/\\\/plasticatijuana.com\\\/wp-content\\\/uploads\\\/2023\\\/12\\\/pl-tj_main-photo-doctors_jun2022.jpg\",\"contentUrl\":\"https:\\\/\\\/plasticatijuana.com\\\/wp-content\\\/uploads\\\/2023\\\/12\\\/pl-tj_main-photo-doctors_jun2022.jpg\"},{\"@type\":\"BreadcrumbList\",\"@id\":\"https:\\\/\\\/plasticatijuana.com\\\/es\\\/cirujanos-esteticos\\\/#breadcrumb\",\"itemListElement\":[{\"@type\":\"ListItem\",\"position\":1,\"name\":\"Inicio\",\"item\":\"https:\\\/\\\/plasticatijuana.com\\\/es\\\/home-2024\\\/\"},{\"@type\":\"ListItem\",\"position\":2,\"name\":\"Cirujanos est\u00e9ticos\"}]},{\"@type\":\"WebSite\",\"@id\":\"https:\\\/\\\/plasticatijuana.com\\\/es\\\/#website\",\"url\":\"https:\\\/\\\/plasticatijuana.com\\\/es\\\/\",\"name\":\"Plastica Tijuana\",\"description\":\"Because your beauty is unique\",\"potentialAction\":[{\"@type\":\"SearchAction\",\"target\":{\"@type\":\"EntryPoint\",\"urlTemplate\":\"https:\\\/\\\/plasticatijuana.com\\\/es\\\/?s={search_term_string}\"},\"query-input\":{\"@type\":\"PropertyValueSpecification\",\"valueRequired\":true,\"valueName\":\"search_term_string\"}}],\"inLanguage\":\"es\"}]}<\/script>\n<!-- \/ Yoast SEO plugin. -->","yoast_head_json":{"title":"Cirujanos Cosmeticos | Pl\u00e1stica Tijuana, Cirug\u00eda Pl\u00e1stica y Reconstructiva","description":"Nuestros cirujanos est\u00e9ticos tienen formaci\u00f3n avanzada y experiencia en la realizaci\u00f3n de una gran variedad de t\u00e9cnicas quir\u00fargicas, as\u00ed como en una amplia gama de especialidades.","robots":{"index":"index","follow":"follow","max-snippet":"max-snippet:-1","max-image-preview":"max-image-preview:large","max-video-preview":"max-video-preview:-1"},"canonical":"https:\/\/plasticatijuana.com\/es\/cirujanos-esteticos\/","og_locale":"es_ES","og_type":"article","og_title":"Cirujanos Cosmeticos | Pl\u00e1stica Tijuana, Cirug\u00eda Pl\u00e1stica y Reconstructiva","og_description":"Nuestros cirujanos est\u00e9ticos tienen formaci\u00f3n avanzada y experiencia en la realizaci\u00f3n de una gran variedad de t\u00e9cnicas quir\u00fargicas, as\u00ed como en una amplia gama de especialidades.","og_url":"https:\/\/plasticatijuana.com\/es\/cirujanos-esteticos\/","og_site_name":"Plastica Tijuana","article_publisher":"https:\/\/www.facebook.com\/cervantesaragonplasticsurgery\/","article_modified_time":"2024-02-06T20:25:55+00:00","og_image":[{"url":"https:\/\/plasticatijuana.com\/wp-content\/uploads\/2023\/12\/pl-tj_main-photo-doctors_jun2022.jpg","type":"","width":"","height":""}],"twitter_card":"summary_large_image","twitter_site":"@plasticatijuana","twitter_misc":{"Tiempo de lectura":"2 minutos"},"schema":{"@context":"https:\/\/schema.org","@graph":[{"@type":"WebPage","@id":"https:\/\/plasticatijuana.com\/es\/cirujanos-esteticos\/","url":"https:\/\/plasticatijuana.com\/es\/cirujanos-esteticos\/","name":"Cirujanos Cosmeticos | Pl\u00e1stica Tijuana, Cirug\u00eda Pl\u00e1stica y Reconstructiva","isPartOf":{"@id":"https:\/\/plasticatijuana.com\/es\/#website"},"primaryImageOfPage":{"@id":"https:\/\/plasticatijuana.com\/es\/cirujanos-esteticos\/#primaryimage"},"image":{"@id":"https:\/\/plasticatijuana.com\/es\/cirujanos-esteticos\/#primaryimage"},"thumbnailUrl":"https:\/\/plasticatijuana.com\/wp-content\/uploads\/2023\/12\/pl-tj_main-photo-doctors_jun2022.jpg","datePublished":"2016-07-13T01:15:30+00:00","dateModified":"2024-02-06T20:25:55+00:00","description":"Nuestros cirujanos est\u00e9ticos tienen formaci\u00f3n avanzada y experiencia en la realizaci\u00f3n de una gran variedad de t\u00e9cnicas quir\u00fargicas, as\u00ed como en una amplia gama de especialidades.","breadcrumb":{"@id":"https:\/\/plasticatijuana.com\/es\/cirujanos-esteticos\/#breadcrumb"},"inLanguage":"es","potentialAction":[{"@type":"ReadAction","target":["https:\/\/plasticatijuana.com\/es\/cirujanos-esteticos\/"]}]},{"@type":"ImageObject","inLanguage":"es","@id":"https:\/\/plasticatijuana.com\/es\/cirujanos-esteticos\/#primaryimage","url":"https:\/\/plasticatijuana.com\/wp-content\/uploads\/2023\/12\/pl-tj_main-photo-doctors_jun2022.jpg","contentUrl":"https:\/\/plasticatijuana.com\/wp-content\/uploads\/2023\/12\/pl-tj_main-photo-doctors_jun2022.jpg"},{"@type":"BreadcrumbList","@id":"https:\/\/plasticatijuana.com\/es\/cirujanos-esteticos\/#breadcrumb","itemListElement":[{"@type":"ListItem","position":1,"name":"Inicio","item":"https:\/\/plasticatijuana.com\/es\/home-2024\/"},{"@type":"ListItem","position":2,"name":"Cirujanos est\u00e9ticos"}]},{"@type":"WebSite","@id":"https:\/\/plasticatijuana.com\/es\/#website","url":"https:\/\/plasticatijuana.com\/es\/","name":"Plastica Tijuana","description":"Because your beauty is unique","potentialAction":[{"@type":"SearchAction","target":{"@type":"EntryPoint","urlTemplate":"https:\/\/plasticatijuana.com\/es\/?s={search_term_string}"},"query-input":{"@type":"PropertyValueSpecification","valueRequired":true,"valueName":"search_term_string"}}],"inLanguage":"es"}]}},"_links":{"self":[{"href":"https:\/\/plasticatijuana.com\/es\/wp-json\/wp\/v2\/pages\/8539","targetHints":{"allow":["GET"]}}],"collection":[{"href":"https:\/\/plasticatijuana.com\/es\/wp-json\/wp\/v2\/pages"}],"about":[{"href":"https:\/\/plasticatijuana.com\/es\/wp-json\/wp\/v2\/types\/page"}],"author":[{"embeddable":true,"href":"https:\/\/plasticatijuana.com\/es\/wp-json\/wp\/v2\/users\/1"}],"replies":[{"embeddable":true,"href":"https:\/\/plasticatijuana.com\/es\/wp-json\/wp\/v2\/comments?post=8539"}],"version-history":[{"count":0,"href":"https:\/\/plasticatijuana.com\/es\/wp-json\/wp\/v2\/pages\/8539\/revisions"}],"wp:attachment":[{"href":"https:\/\/plasticatijuana.com\/es\/wp-json\/wp\/v2\/media?parent=8539"}],"curies":[{"name":"wp","href":"https:\/\/api.w.org\/{rel}","templated":true}]}}