{"id":8553,"date":"2018-04-10T11:10:21","date_gmt":"2018-04-10T18:10:21","guid":{"rendered":"https:\/\/plasticatijuana.com\/procedimientos-faciales\/"},"modified":"2024-01-25T18:58:47","modified_gmt":"2024-01-25T17:58:47","slug":"procedimientos-faciales","status":"publish","type":"page","link":"https:\/\/plasticatijuana.com\/es\/procedimientos-faciales\/","title":{"rendered":"Procedimientos faciales"},"content":{"rendered":"\t\t<div data-elementor-type=\"wp-page\" data-elementor-id=\"8553\" class=\"elementor elementor-8553 elementor-1887\" data-elementor-settings=\"{&quot;element_pack_global_tooltip_width&quot;:{&quot;unit&quot;:&quot;px&quot;,&quot;size&quot;:&quot;&quot;,&quot;sizes&quot;:[]},&quot;element_pack_global_tooltip_width_tablet&quot;:{&quot;unit&quot;:&quot;px&quot;,&quot;size&quot;:&quot;&quot;,&quot;sizes&quot;:[]},&quot;element_pack_global_tooltip_width_mobile&quot;:{&quot;unit&quot;:&quot;px&quot;,&quot;size&quot;:&quot;&quot;,&quot;sizes&quot;:[]},&quot;element_pack_global_tooltip_padding&quot;:{&quot;unit&quot;:&quot;px&quot;,&quot;top&quot;:&quot;&quot;,&quot;right&quot;:&quot;&quot;,&quot;bottom&quot;:&quot;&quot;,&quot;left&quot;:&quot;&quot;,&quot;isLinked&quot;:true},&quot;element_pack_global_tooltip_padding_tablet&quot;:{&quot;unit&quot;:&quot;px&quot;,&quot;top&quot;:&quot;&quot;,&quot;right&quot;:&quot;&quot;,&quot;bottom&quot;:&quot;&quot;,&quot;left&quot;:&quot;&quot;,&quot;isLinked&quot;:true},&quot;element_pack_global_tooltip_padding_mobile&quot;:{&quot;unit&quot;:&quot;px&quot;,&quot;top&quot;:&quot;&quot;,&quot;right&quot;:&quot;&quot;,&quot;bottom&quot;:&quot;&quot;,&quot;left&quot;:&quot;&quot;,&quot;isLinked&quot;:true},&quot;element_pack_global_tooltip_border_radius&quot;:{&quot;unit&quot;:&quot;px&quot;,&quot;top&quot;:&quot;&quot;,&quot;right&quot;:&quot;&quot;,&quot;bottom&quot;:&quot;&quot;,&quot;left&quot;:&quot;&quot;,&quot;isLinked&quot;:true},&quot;element_pack_global_tooltip_border_radius_tablet&quot;:{&quot;unit&quot;:&quot;px&quot;,&quot;top&quot;:&quot;&quot;,&quot;right&quot;:&quot;&quot;,&quot;bottom&quot;:&quot;&quot;,&quot;left&quot;:&quot;&quot;,&quot;isLinked&quot;:true},&quot;element_pack_global_tooltip_border_radius_mobile&quot;:{&quot;unit&quot;:&quot;px&quot;,&quot;top&quot;:&quot;&quot;,&quot;right&quot;:&quot;&quot;,&quot;bottom&quot;:&quot;&quot;,&quot;left&quot;:&quot;&quot;,&quot;isLinked&quot;:true}}\" data-elementor-post-type=\"page\">\n\t\t\t\t<div class=\"elementor-element elementor-element-3a7619c e-flex e-con-boxed e-con e-parent\" data-id=\"3a7619c\" data-element_type=\"container\" data-e-type=\"container\" data-settings=\"{&quot;background_background&quot;:&quot;classic&quot;,&quot;shape_divider_bottom&quot;:&quot;triangle&quot;}\">\n\t\t\t\t\t<div class=\"e-con-inner\">\n\t\t\t\t<div class=\"elementor-shape elementor-shape-bottom\" aria-hidden=\"true\" data-negative=\"false\">\n\t\t\t<svg xmlns=\"http:\/\/www.w3.org\/2000\/svg\" viewBox=\"0 0 1000 100\" preserveAspectRatio=\"none\">\n\t<path class=\"elementor-shape-fill\" d=\"M500,98.9L0,6.1V0h1000v6.1L500,98.9z\"\/>\n<\/svg>\t\t<\/div>\n\t\t<div class=\"elementor-element elementor-element-606464b e-con-full e-flex e-con e-child\" data-id=\"606464b\" data-element_type=\"container\" data-e-type=\"container\">\n\t\t\t\t<div class=\"elementor-element elementor-element-66dafe7 elementor-widget elementor-widget-text-editor\" data-id=\"66dafe7\" data-element_type=\"widget\" data-e-type=\"widget\" data-widget_type=\"text-editor.default\">\n\t\t\t\t<div class=\"elementor-widget-container\">\n\t\t\t\t\t\t\t\t\t<p>NUESTROS <span style=\"color: #e3b17b;\"><strong>SERVICIOS<\/strong><\/span><\/p>\n\t\t\t\t\t\t\t\t<\/div>\n\t\t\t\t<\/div>\n\t\t\t\t<\/div>\n\t\t<div class=\"elementor-element elementor-element-97c3868 e-flex e-con-boxed e-con e-child\" data-id=\"97c3868\" data-element_type=\"container\" data-e-type=\"container\">\n\t\t\t\t\t<div class=\"e-con-inner\">\n\t\t\t\t\t<\/div>\n\t\t\t\t<\/div>\n\t\t\t\t\t<\/div>\n\t\t\t\t<\/div>\n\t\t\t\t<section class=\"elementor-section elementor-top-section elementor-element elementor-element-1a014e3 elementor-section-content-middle elementor-reverse-tablet elementor-reverse-mobile elementor-section-boxed elementor-section-height-default elementor-section-height-default\" data-id=\"1a014e3\" data-element_type=\"section\" data-e-type=\"section\">\n\t\t\t\t\t\t<div class=\"elementor-container elementor-column-gap-default\">\n\t\t\t\t\t<div class=\"elementor-column elementor-col-50 elementor-top-column elementor-element elementor-element-934261b\" data-id=\"934261b\" data-element_type=\"column\" data-e-type=\"column\">\n\t\t\t<div class=\"elementor-widget-wrap elementor-element-populated\">\n\t\t\t\t\t\t<div class=\"elementor-element elementor-element-ce177c8 elementor-widget elementor-widget-image\" data-id=\"ce177c8\" data-element_type=\"widget\" data-e-type=\"widget\" data-widget_type=\"image.default\">\n\t\t\t\t<div class=\"elementor-widget-container\">\n\t\t\t\t\t\t\t\t\t\t\t\t\t\t\t<img fetchpriority=\"high\" decoding=\"async\" width=\"637\" height=\"425\" src=\"https:\/\/plasticatijuana.com\/wp-content\/uploads\/2016\/07\/facial54ef.jpg\" class=\"attachment-full size-full wp-image-7496\" alt=\"\" srcset=\"https:\/\/plasticatijuana.com\/wp-content\/uploads\/2016\/07\/facial54ef.jpg 637w, https:\/\/plasticatijuana.com\/wp-content\/uploads\/2016\/07\/facial54ef-300x200.jpg 300w\" sizes=\"(max-width: 637px) 100vw, 637px\" \/>\t\t\t\t\t\t\t\t\t\t\t\t\t\t\t<\/div>\n\t\t\t\t<\/div>\n\t\t\t\t\t<\/div>\n\t\t<\/div>\n\t\t\t\t<div class=\"elementor-column elementor-col-50 elementor-top-column elementor-element elementor-element-70e4945\" data-id=\"70e4945\" data-element_type=\"column\" data-e-type=\"column\">\n\t\t\t<div class=\"elementor-widget-wrap elementor-element-populated\">\n\t\t\t\t\t\t<div class=\"elementor-element elementor-element-1de8794 elementor-widget elementor-widget-heading\" data-id=\"1de8794\" data-element_type=\"widget\" data-e-type=\"widget\" data-widget_type=\"heading.default\">\n\t\t\t\t<div class=\"elementor-widget-container\">\n\t\t\t\t\t<h2 class=\"elementor-heading-title elementor-size-default\">PROCEDIMIENTOS <b>FACIALES<\/b><\/h2>\t\t\t\t<\/div>\n\t\t\t\t<\/div>\n\t\t\t\t<div class=\"elementor-element elementor-element-39531aa elementor-widget elementor-widget-text-editor\" data-id=\"39531aa\" data-element_type=\"widget\" data-e-type=\"widget\" data-widget_type=\"text-editor.default\">\n\t\t\t\t<div class=\"elementor-widget-container\">\n\t\t\t\t\t\t\t\t\t<p>Tal vez su frente y su cuello muestren signos prematuros y fl\u00e1cidos de envejecimiento. Tal vez sus p\u00e1rpados cuelgan bajos, interfiriendo con su visi\u00f3n y haci\u00e9ndole parecer cansado o enfadado. O puede que est\u00e9 descontento con el tama\u00f1o y la forma de su nariz o sus orejas.<\/p>\n<p>Con una comprensi\u00f3n precisa de la anatom\u00eda facial respaldada por a\u00f1os de experiencia impulsada por los resultados, el Dr. Cervantes y el Dr. Arag\u00f3n proporcionan un amplio espectro de procedimientos de cirug\u00eda pl\u00e1stica facial para mejorar o restaurar sus rasgos.<\/p>\n\t\t\t\t\t\t\t\t<\/div>\n\t\t\t\t<\/div>\n\t\t\t\t\t<\/div>\n\t\t<\/div>\n\t\t\t\t\t<\/div>\n\t\t<\/section>\n\t\t<div class=\"elementor-element elementor-element-5961c7b e-flex e-con-boxed e-con e-parent\" data-id=\"5961c7b\" data-element_type=\"container\" data-e-type=\"container\">\n\t\t\t\t\t<div class=\"e-con-inner\">\n\t\t\t\t<div class=\"elementor-element elementor-element-26285ef elementor-widget elementor-widget-heading\" data-id=\"26285ef\" data-element_type=\"widget\" data-e-type=\"widget\" data-widget_type=\"heading.default\">\n\t\t\t\t<div class=\"elementor-widget-container\">\n\t\t\t\t\t<h2 class=\"elementor-heading-title elementor-size-default\"><b>PL\u00c1STICA TIJUANA<\/b> SURGERY<\/h2>\t\t\t\t<\/div>\n\t\t\t\t<\/div>\n\t\t\t\t<div class=\"elementor-element elementor-element-d96c04e animated-slow elementor-invisible elementor-widget elementor-widget-heading\" data-id=\"d96c04e\" data-element_type=\"widget\" data-e-type=\"widget\" data-settings=\"{&quot;_animation&quot;:&quot;fadeInLeft&quot;}\" data-widget_type=\"heading.default\">\n\t\t\t\t<div class=\"elementor-widget-container\">\n\t\t\t\t\t<h5 class=\"elementor-heading-title elementor-size-default\">ofrece una serie de procedimientos de cirug\u00eda est\u00e9tica facial, incluyendo:<\/h5>\t\t\t\t<\/div>\n\t\t\t\t<\/div>\n\t\t<div class=\"elementor-element elementor-element-272c96f e-con-full e-flex e-con e-child\" data-id=\"272c96f\" data-element_type=\"container\" data-e-type=\"container\">\n\t\t\t\t<div class=\"elementor-element elementor-element-dde8834 elementor-icon-list--layout-traditional elementor-list-item-link-full_width elementor-widget elementor-widget-icon-list\" data-id=\"dde8834\" data-element_type=\"widget\" data-e-type=\"widget\" data-widget_type=\"icon-list.default\">\n\t\t\t\t<div class=\"elementor-widget-container\">\n\t\t\t\t\t\t\t<ul class=\"elementor-icon-list-items\">\n\t\t\t\t\t\t\t<li class=\"elementor-icon-list-item\">\n\t\t\t\t\t\t\t\t\t\t\t<a href=\"https:\/\/plasticatijuana.com\/feb2024\/es\/lifting-facial-y-de-cuello\/\">\n\n\t\t\t\t\t\t\t\t\t\t\t\t<span class=\"elementor-icon-list-icon\">\n\t\t\t\t\t\t\t<i aria-hidden=\"true\" class=\"jki jki-right-arrow-7\"><\/i>\t\t\t\t\t\t<\/span>\n\t\t\t\t\t\t\t\t\t\t<span class=\"elementor-icon-list-text\">Lifting facial y de cuello<\/span>\n\t\t\t\t\t\t\t\t\t\t\t<\/a>\n\t\t\t\t\t\t\t\t\t<\/li>\n\t\t\t\t\t\t\t\t<li class=\"elementor-icon-list-item\">\n\t\t\t\t\t\t\t\t\t\t\t<a href=\"https:\/\/plasticatijuana.com\/feb2024\/nose-surgery\/\">\n\n\t\t\t\t\t\t\t\t\t\t\t\t<span class=\"elementor-icon-list-icon\">\n\t\t\t\t\t\t\t<i aria-hidden=\"true\" class=\"jki jki-right-arrow-7\"><\/i>\t\t\t\t\t\t<\/span>\n\t\t\t\t\t\t\t\t\t\t<span class=\"elementor-icon-list-text\">Cirug\u00eda de nariz (rinoplastia)<\/span>\n\t\t\t\t\t\t\t\t\t\t\t<\/a>\n\t\t\t\t\t\t\t\t\t<\/li>\n\t\t\t\t\t\t\t\t<li class=\"elementor-icon-list-item\">\n\t\t\t\t\t\t\t\t\t\t\t<a href=\"https:\/\/plasticatijuana.com\/feb2024\/es\/levantamiento-de-cejas-y-frente\/\">\n\n\t\t\t\t\t\t\t\t\t\t\t\t<span class=\"elementor-icon-list-icon\">\n\t\t\t\t\t\t\t<i aria-hidden=\"true\" class=\"jki jki-right-arrow-7\"><\/i>\t\t\t\t\t\t<\/span>\n\t\t\t\t\t\t\t\t\t\t<span class=\"elementor-icon-list-text\">Lifting de cejas y frente<\/span>\n\t\t\t\t\t\t\t\t\t\t\t<\/a>\n\t\t\t\t\t\t\t\t\t<\/li>\n\t\t\t\t\t\t\t\t<li class=\"elementor-icon-list-item\">\n\t\t\t\t\t\t\t\t\t\t\t<a href=\"https:\/\/plasticatijuana.com\/feb2024\/es\/cirugia-de-parpados\/\">\n\n\t\t\t\t\t\t\t\t\t\t\t\t<span class=\"elementor-icon-list-icon\">\n\t\t\t\t\t\t\t<i aria-hidden=\"true\" class=\"jki jki-right-arrow-7\"><\/i>\t\t\t\t\t\t<\/span>\n\t\t\t\t\t\t\t\t\t\t<span class=\"elementor-icon-list-text\">Cirug\u00eda de p\u00e1rpados (blefaroplastia)<\/span>\n\t\t\t\t\t\t\t\t\t\t\t<\/a>\n\t\t\t\t\t\t\t\t\t<\/li>\n\t\t\t\t\t\t\t\t<li class=\"elementor-icon-list-item\">\n\t\t\t\t\t\t\t\t\t\t\t<a href=\"https:\/\/plasticatijuana.com\/feb2024\/es\/cirugia-del-oido\/\">\n\n\t\t\t\t\t\t\t\t\t\t\t\t<span class=\"elementor-icon-list-icon\">\n\t\t\t\t\t\t\t<i aria-hidden=\"true\" class=\"jki jki-right-arrow-7\"><\/i>\t\t\t\t\t\t<\/span>\n\t\t\t\t\t\t\t\t\t\t<span class=\"elementor-icon-list-text\">Cirug\u00eda de las orejas (otoplastia)<\/span>\n\t\t\t\t\t\t\t\t\t\t\t<\/a>\n\t\t\t\t\t\t\t\t\t<\/li>\n\t\t\t\t\t\t<\/ul>\n\t\t\t\t\t\t<\/div>\n\t\t\t\t<\/div>\n\t\t\t\t<div class=\"elementor-element elementor-element-4eda0ed elementor-widget elementor-widget-text-editor\" data-id=\"4eda0ed\" data-element_type=\"widget\" data-e-type=\"widget\" data-widget_type=\"text-editor.default\">\n\t\t\t\t<div class=\"elementor-widget-container\">\n\t\t\t\t\t\t\t\t\t<p>Si desea saber si un procedimiento espec\u00edfico de cirug\u00eda pl\u00e1stica facial es adecuado para usted, por favor p\u00f3ngase en <a class=\"cambiar-aa\" href=\"https:\/\/plasticatijuana.com\/contact-us\/\">contacto con Pl\u00e1stica Tijuana Surgery<\/a> para programar su consulta personal. Damos la bienvenida a pacientes de las \u00e1reas del Condado de Los \u00c1ngeles, Condado de San Diego y Baja California.<\/p>\n\t\t\t\t\t\t\t\t<\/div>\n\t\t\t\t<\/div>\n\t\t\t\t<\/div>\n\t\t\t\t\t<\/div>\n\t\t\t\t<\/div>\n\t\t\t\t<\/div>\n\t\t","protected":false},"excerpt":{"rendered":"<p>NUESTROS SERVICIOS PROCEDIMIENTOS FACIALES Tal vez su frente y su cuello muestren signos prematuros y fl\u00e1cidos de envejecimiento. Tal vez sus p\u00e1rpados cuelgan bajos, interfiriendo con su visi\u00f3n y haci\u00e9ndole parecer cansado o enfadado. O puede que est\u00e9 descontento con el tama\u00f1o y la forma de su nariz o sus orejas. Con una comprensi\u00f3n precisa [&hellip;]<\/p>\n","protected":false},"author":1,"featured_media":0,"parent":0,"menu_order":0,"comment_status":"closed","ping_status":"closed","template":"","meta":{"footnotes":""},"class_list":["post-8553","page","type-page","status-publish","hentry"],"yoast_head":"<!-- This site is optimized with the Yoast SEO plugin v27.4 - https:\/\/yoast.com\/product\/yoast-seo-wordpress\/ -->\n<title>Procedimientos Faciales | Pl\u00e1stica Tijuana, Cirug\u00eda Pl\u00e1stica y Reconstructiva<\/title>\n<meta name=\"description\" content=\"El Dr. Cervantes y el Dr. Arag\u00f3n ofrecen una amplia gama de procedimientos de cirug\u00eda pl\u00e1stica facial para mejorar o restaurar sus rasgos.\" \/>\n<meta name=\"robots\" content=\"index, follow, max-snippet:-1, max-image-preview:large, max-video-preview:-1\" \/>\n<link rel=\"canonical\" href=\"https:\/\/plasticatijuana.com\/es\/procedimientos-faciales\/\" \/>\n<meta property=\"og:locale\" content=\"es_ES\" \/>\n<meta property=\"og:type\" content=\"article\" \/>\n<meta property=\"og:title\" content=\"Procedimientos Faciales | Pl\u00e1stica Tijuana, Cirug\u00eda Pl\u00e1stica y Reconstructiva\" \/>\n<meta property=\"og:description\" content=\"El Dr. Cervantes y el Dr. Arag\u00f3n ofrecen una amplia gama de procedimientos de cirug\u00eda pl\u00e1stica facial para mejorar o restaurar sus rasgos.\" \/>\n<meta property=\"og:url\" content=\"https:\/\/plasticatijuana.com\/es\/procedimientos-faciales\/\" \/>\n<meta property=\"og:site_name\" content=\"Plastica Tijuana\" \/>\n<meta property=\"article:publisher\" content=\"https:\/\/www.facebook.com\/cervantesaragonplasticsurgery\/\" \/>\n<meta property=\"article:modified_time\" content=\"2024-01-25T17:58:47+00:00\" \/>\n<meta property=\"og:image\" content=\"https:\/\/plasticatijuana.com\/wp-content\/uploads\/2016\/07\/facial54ef.jpg\" \/>\n<meta name=\"twitter:card\" content=\"summary_large_image\" \/>\n<meta name=\"twitter:site\" content=\"@plasticatijuana\" \/>\n<meta name=\"twitter:label1\" content=\"Tiempo de lectura\" \/>\n\t<meta name=\"twitter:data1\" content=\"1 minuto\" \/>\n<script type=\"application\/ld+json\" class=\"yoast-schema-graph\">{\"@context\":\"https:\\\/\\\/schema.org\",\"@graph\":[{\"@type\":\"WebPage\",\"@id\":\"https:\\\/\\\/plasticatijuana.com\\\/es\\\/procedimientos-faciales\\\/\",\"url\":\"https:\\\/\\\/plasticatijuana.com\\\/es\\\/procedimientos-faciales\\\/\",\"name\":\"Procedimientos Faciales | Pl\u00e1stica Tijuana, Cirug\u00eda Pl\u00e1stica y Reconstructiva\",\"isPartOf\":{\"@id\":\"https:\\\/\\\/plasticatijuana.com\\\/es\\\/#website\"},\"primaryImageOfPage\":{\"@id\":\"https:\\\/\\\/plasticatijuana.com\\\/es\\\/procedimientos-faciales\\\/#primaryimage\"},\"image\":{\"@id\":\"https:\\\/\\\/plasticatijuana.com\\\/es\\\/procedimientos-faciales\\\/#primaryimage\"},\"thumbnailUrl\":\"https:\\\/\\\/plasticatijuana.com\\\/wp-content\\\/uploads\\\/2016\\\/07\\\/facial54ef.jpg\",\"datePublished\":\"2018-04-10T18:10:21+00:00\",\"dateModified\":\"2024-01-25T17:58:47+00:00\",\"description\":\"El Dr. Cervantes y el Dr. Arag\u00f3n ofrecen una amplia gama de procedimientos de cirug\u00eda pl\u00e1stica facial para mejorar o restaurar sus rasgos.\",\"breadcrumb\":{\"@id\":\"https:\\\/\\\/plasticatijuana.com\\\/es\\\/procedimientos-faciales\\\/#breadcrumb\"},\"inLanguage\":\"es\",\"potentialAction\":[{\"@type\":\"ReadAction\",\"target\":[\"https:\\\/\\\/plasticatijuana.com\\\/es\\\/procedimientos-faciales\\\/\"]}]},{\"@type\":\"ImageObject\",\"inLanguage\":\"es\",\"@id\":\"https:\\\/\\\/plasticatijuana.com\\\/es\\\/procedimientos-faciales\\\/#primaryimage\",\"url\":\"https:\\\/\\\/plasticatijuana.com\\\/wp-content\\\/uploads\\\/2016\\\/07\\\/facial54ef.jpg\",\"contentUrl\":\"https:\\\/\\\/plasticatijuana.com\\\/wp-content\\\/uploads\\\/2016\\\/07\\\/facial54ef.jpg\"},{\"@type\":\"BreadcrumbList\",\"@id\":\"https:\\\/\\\/plasticatijuana.com\\\/es\\\/procedimientos-faciales\\\/#breadcrumb\",\"itemListElement\":[{\"@type\":\"ListItem\",\"position\":1,\"name\":\"Inicio\",\"item\":\"https:\\\/\\\/plasticatijuana.com\\\/es\\\/home-2024\\\/\"},{\"@type\":\"ListItem\",\"position\":2,\"name\":\"Procedimientos faciales\"}]},{\"@type\":\"WebSite\",\"@id\":\"https:\\\/\\\/plasticatijuana.com\\\/es\\\/#website\",\"url\":\"https:\\\/\\\/plasticatijuana.com\\\/es\\\/\",\"name\":\"Plastica Tijuana\",\"description\":\"Because your beauty is unique\",\"potentialAction\":[{\"@type\":\"SearchAction\",\"target\":{\"@type\":\"EntryPoint\",\"urlTemplate\":\"https:\\\/\\\/plasticatijuana.com\\\/es\\\/?s={search_term_string}\"},\"query-input\":{\"@type\":\"PropertyValueSpecification\",\"valueRequired\":true,\"valueName\":\"search_term_string\"}}],\"inLanguage\":\"es\"}]}<\/script>\n<!-- \/ Yoast SEO plugin. -->","yoast_head_json":{"title":"Procedimientos Faciales | Pl\u00e1stica Tijuana, Cirug\u00eda Pl\u00e1stica y Reconstructiva","description":"El Dr. Cervantes y el Dr. Arag\u00f3n ofrecen una amplia gama de procedimientos de cirug\u00eda pl\u00e1stica facial para mejorar o restaurar sus rasgos.","robots":{"index":"index","follow":"follow","max-snippet":"max-snippet:-1","max-image-preview":"max-image-preview:large","max-video-preview":"max-video-preview:-1"},"canonical":"https:\/\/plasticatijuana.com\/es\/procedimientos-faciales\/","og_locale":"es_ES","og_type":"article","og_title":"Procedimientos Faciales | Pl\u00e1stica Tijuana, Cirug\u00eda Pl\u00e1stica y Reconstructiva","og_description":"El Dr. Cervantes y el Dr. Arag\u00f3n ofrecen una amplia gama de procedimientos de cirug\u00eda pl\u00e1stica facial para mejorar o restaurar sus rasgos.","og_url":"https:\/\/plasticatijuana.com\/es\/procedimientos-faciales\/","og_site_name":"Plastica Tijuana","article_publisher":"https:\/\/www.facebook.com\/cervantesaragonplasticsurgery\/","article_modified_time":"2024-01-25T17:58:47+00:00","og_image":[{"url":"https:\/\/plasticatijuana.com\/wp-content\/uploads\/2016\/07\/facial54ef.jpg","type":"","width":"","height":""}],"twitter_card":"summary_large_image","twitter_site":"@plasticatijuana","twitter_misc":{"Tiempo de lectura":"1 minuto"},"schema":{"@context":"https:\/\/schema.org","@graph":[{"@type":"WebPage","@id":"https:\/\/plasticatijuana.com\/es\/procedimientos-faciales\/","url":"https:\/\/plasticatijuana.com\/es\/procedimientos-faciales\/","name":"Procedimientos Faciales | Pl\u00e1stica Tijuana, Cirug\u00eda Pl\u00e1stica y Reconstructiva","isPartOf":{"@id":"https:\/\/plasticatijuana.com\/es\/#website"},"primaryImageOfPage":{"@id":"https:\/\/plasticatijuana.com\/es\/procedimientos-faciales\/#primaryimage"},"image":{"@id":"https:\/\/plasticatijuana.com\/es\/procedimientos-faciales\/#primaryimage"},"thumbnailUrl":"https:\/\/plasticatijuana.com\/wp-content\/uploads\/2016\/07\/facial54ef.jpg","datePublished":"2018-04-10T18:10:21+00:00","dateModified":"2024-01-25T17:58:47+00:00","description":"El Dr. Cervantes y el Dr. Arag\u00f3n ofrecen una amplia gama de procedimientos de cirug\u00eda pl\u00e1stica facial para mejorar o restaurar sus rasgos.","breadcrumb":{"@id":"https:\/\/plasticatijuana.com\/es\/procedimientos-faciales\/#breadcrumb"},"inLanguage":"es","potentialAction":[{"@type":"ReadAction","target":["https:\/\/plasticatijuana.com\/es\/procedimientos-faciales\/"]}]},{"@type":"ImageObject","inLanguage":"es","@id":"https:\/\/plasticatijuana.com\/es\/procedimientos-faciales\/#primaryimage","url":"https:\/\/plasticatijuana.com\/wp-content\/uploads\/2016\/07\/facial54ef.jpg","contentUrl":"https:\/\/plasticatijuana.com\/wp-content\/uploads\/2016\/07\/facial54ef.jpg"},{"@type":"BreadcrumbList","@id":"https:\/\/plasticatijuana.com\/es\/procedimientos-faciales\/#breadcrumb","itemListElement":[{"@type":"ListItem","position":1,"name":"Inicio","item":"https:\/\/plasticatijuana.com\/es\/home-2024\/"},{"@type":"ListItem","position":2,"name":"Procedimientos faciales"}]},{"@type":"WebSite","@id":"https:\/\/plasticatijuana.com\/es\/#website","url":"https:\/\/plasticatijuana.com\/es\/","name":"Plastica Tijuana","description":"Because your beauty is unique","potentialAction":[{"@type":"SearchAction","target":{"@type":"EntryPoint","urlTemplate":"https:\/\/plasticatijuana.com\/es\/?s={search_term_string}"},"query-input":{"@type":"PropertyValueSpecification","valueRequired":true,"valueName":"search_term_string"}}],"inLanguage":"es"}]}},"_links":{"self":[{"href":"https:\/\/plasticatijuana.com\/es\/wp-json\/wp\/v2\/pages\/8553","targetHints":{"allow":["GET"]}}],"collection":[{"href":"https:\/\/plasticatijuana.com\/es\/wp-json\/wp\/v2\/pages"}],"about":[{"href":"https:\/\/plasticatijuana.com\/es\/wp-json\/wp\/v2\/types\/page"}],"author":[{"embeddable":true,"href":"https:\/\/plasticatijuana.com\/es\/wp-json\/wp\/v2\/users\/1"}],"replies":[{"embeddable":true,"href":"https:\/\/plasticatijuana.com\/es\/wp-json\/wp\/v2\/comments?post=8553"}],"version-history":[{"count":0,"href":"https:\/\/plasticatijuana.com\/es\/wp-json\/wp\/v2\/pages\/8553\/revisions"}],"wp:attachment":[{"href":"https:\/\/plasticatijuana.com\/es\/wp-json\/wp\/v2\/media?parent=8553"}],"curies":[{"name":"wp","href":"https:\/\/api.w.org\/{rel}","templated":true}]}}