{"id":8640,"date":"2024-01-22T17:38:04","date_gmt":"2024-01-23T01:38:04","guid":{"rendered":"https:\/\/plasticatijuana.com\/injertos-de-grasa\/"},"modified":"2024-03-27T14:35:23","modified_gmt":"2024-03-27T21:35:23","slug":"injertos-de-grasa","status":"publish","type":"page","link":"https:\/\/plasticatijuana.com\/es\/injertos-de-grasa\/","title":{"rendered":"Injertos de grasa"},"content":{"rendered":"<style>.elementor-8640 .elementor-element.elementor-element-4dd8fa31{--display:flex;--flex-direction:row;--container-widget-width:initial;--container-widget-height:100%;--container-widget-flex-grow:1;--container-widget-align-self:stretch;--flex-wrap-mobile:wrap;--padding-top:100px;--padding-bottom:100px;--padding-left:100px;--padding-right:100px;}.elementor-8640 .elementor-element.elementor-element-4dd8fa31:not(.elementor-motion-effects-element-type-background), .elementor-8640 .elementor-element.elementor-element-4dd8fa31 > .elementor-motion-effects-container > .elementor-motion-effects-layer{background-color:#000000;background-image:url(\"https:\/\/plasticatijuana.com\/wp-content\/uploads\/2023\/12\/plastica-tijuana-cervantes-aragon-surgeon-banner-individual-page-ver1-grayscale-2.jpg\");}.elementor-8640 .elementor-element.elementor-element-4dd8fa31 > .elementor-shape-bottom svg, .elementor-8640 .elementor-element.elementor-element-4dd8fa31 > .e-con-inner > .elementor-shape-bottom svg{height:65px;}.elementor-8640 .elementor-element.elementor-element-6d1985e{--display:flex;--flex-direction:column;--container-widget-width:100%;--container-widget-height:initial;--container-widget-flex-grow:0;--container-widget-align-self:initial;--flex-wrap-mobile:wrap;}.elementor-8640 .elementor-element.elementor-element-6d1985e.e-con{--flex-grow:0;--flex-shrink:0;}.elementor-widget-text-editor{font-family:var( --e-global-typography-text-font-family ), Sans-serif;font-size:var( --e-global-typography-text-font-size );font-weight:var( --e-global-typography-text-font-weight );line-height:var( --e-global-typography-text-line-height );}.elementor-8640 .elementor-element.elementor-element-2996bde7{text-align:center;font-family:\"Josefin Sans\", Sans-serif;font-size:36px;font-weight:900;line-height:1.2em;color:var( --e-global-color-3eec7ca );}.elementor-widget-heading .elementor-heading-title{font-family:var( --e-global-typography-primary-font-family ), Sans-serif;font-size:var( --e-global-typography-primary-font-size );font-weight:var( --e-global-typography-primary-font-weight );line-height:var( --e-global-typography-primary-line-height );}.elementor-8640 .elementor-element.elementor-element-296ab693{text-align:center;}.elementor-8640 .elementor-element.elementor-element-296ab693 .elementor-heading-title{font-family:\"Josefin Sans\", Sans-serif;font-size:17px;font-weight:400;letter-spacing:3.5px;word-spacing:5px;color:var( --e-global-color-accent );}.elementor-8640 .elementor-element.elementor-element-296ab693 > .elementor-widget-container{margin:0px 0px 0px 0px;}.elementor-8640 .elementor-element.elementor-element-4e803da7 .elementor-blockquote__content{color:var( --e-global-color-3eec7ca );font-family:\"Josefin Sans\", Sans-serif;font-size:14px;font-weight:600;text-transform:uppercase;font-style:italic;margin-top:0px;}.elementor-8640 .elementor-element.elementor-element-4e803da7 .elementor-blockquote:before{color:var( --e-global-color-accent );font-size:calc(0.5px * 100);}.elementor-8640 .elementor-element.elementor-element-650da211{--display:flex;}.elementor-8640 .elementor-element.elementor-element-de65626{--display:flex;--flex-direction:row;--container-widget-width:initial;--container-widget-height:100%;--container-widget-flex-grow:1;--container-widget-align-self:stretch;--flex-wrap-mobile:wrap;--gap:0px 0px;--row-gap:0px;--column-gap:0px;--margin-top:40px;--margin-bottom:40px;--margin-left:0px;--margin-right:0px;}.elementor-8640 .elementor-element.elementor-element-6c86955{--display:flex;--flex-direction:column;--container-widget-width:100%;--container-widget-height:initial;--container-widget-flex-grow:0;--container-widget-align-self:initial;--flex-wrap-mobile:wrap;}.elementor-widget-image .widget-image-caption{font-family:var( --e-global-typography-text-font-family ), Sans-serif;font-size:var( --e-global-typography-text-font-size );font-weight:var( --e-global-typography-text-font-weight );line-height:var( --e-global-typography-text-line-height );}.elementor-8640 .elementor-element.elementor-element-3549d82{--display:flex;--flex-direction:column;--container-widget-width:100%;--container-widget-height:initial;--container-widget-flex-grow:0;--container-widget-align-self:initial;--flex-wrap-mobile:wrap;}.elementor-8640 .elementor-element.elementor-element-424ece7{text-align:center;}.elementor-8640 .elementor-element.elementor-element-424ece7 .elementor-heading-title{font-family:\"Josefin Sans\", Sans-serif;font-size:36px;font-weight:600;text-transform:uppercase;line-height:1.2em;color:#000000;}.elementor-8640 .elementor-element.elementor-element-4c1cb07{text-align:justify;font-family:\"Open Sans\", Sans-serif;font-size:14px;font-weight:400;line-height:1.5em;color:#000000;}.elementor-8640 .elementor-element.elementor-element-4c1cb07 > .elementor-widget-container{margin:10px 10px 10px 10px;padding:0px 0px 0px 0px;}.elementor-widget-button .elementor-button{font-family:var( --e-global-typography-accent-font-family ), Sans-serif;font-size:var( --e-global-typography-accent-font-size );font-weight:var( --e-global-typography-accent-font-weight );line-height:var( --e-global-typography-accent-line-height );}.elementor-8640 .elementor-element.elementor-element-8cc1330 .elementor-button{font-family:var( --e-global-typography-f04d15a-font-family ), Sans-serif;font-size:var( --e-global-typography-f04d15a-font-size );font-weight:var( --e-global-typography-f04d15a-font-weight );text-transform:var( --e-global-typography-f04d15a-text-transform );line-height:var( --e-global-typography-f04d15a-line-height );letter-spacing:var( --e-global-typography-f04d15a-letter-spacing );word-spacing:var( --e-global-typography-f04d15a-word-spacing );background-color:#000000;border-radius:0px 0px 0px 0px;}.elementor-8640 .elementor-element.elementor-element-8cc1330 .elementor-button:hover, .elementor-8640 .elementor-element.elementor-element-8cc1330 .elementor-button:focus{color:var( --e-global-color-secondary );}.elementor-8640 .elementor-element.elementor-element-8cc1330 .elementor-button:hover svg, .elementor-8640 .elementor-element.elementor-element-8cc1330 .elementor-button:focus svg{fill:var( --e-global-color-secondary );}.elementor-8640 .elementor-element.elementor-element-8cc1330 > .elementor-widget-container:hover{--e-transform-scale:1.01;}.elementor-widget .tippy-tooltip .tippy-content{text-align:center;}@media(max-width:1024px){.elementor-8640 .elementor-element.elementor-element-4dd8fa31:not(.elementor-motion-effects-element-type-background), .elementor-8640 .elementor-element.elementor-element-4dd8fa31 > .elementor-motion-effects-container > .elementor-motion-effects-layer{background-size:initial;}.elementor-widget-text-editor{font-size:var( --e-global-typography-text-font-size );line-height:var( --e-global-typography-text-line-height );}.elementor-widget-heading .elementor-heading-title{font-size:var( --e-global-typography-primary-font-size );line-height:var( --e-global-typography-primary-line-height );}.elementor-widget-image .widget-image-caption{font-size:var( --e-global-typography-text-font-size );line-height:var( --e-global-typography-text-line-height );}.elementor-8640 .elementor-element.elementor-element-4c1cb07 > .elementor-widget-container{margin:0px 0px 0px 0px;padding:0% 0% 0% 0%;}.elementor-widget-button .elementor-button{font-size:var( --e-global-typography-accent-font-size );line-height:var( --e-global-typography-accent-line-height );}.elementor-8640 .elementor-element.elementor-element-8cc1330 .elementor-button{font-size:var( --e-global-typography-f04d15a-font-size );line-height:var( --e-global-typography-f04d15a-line-height );letter-spacing:var( --e-global-typography-f04d15a-letter-spacing );word-spacing:var( --e-global-typography-f04d15a-word-spacing );}}@media(max-width:767px){.elementor-8640 .elementor-element.elementor-element-4dd8fa31{--padding-top:40px;--padding-bottom:0px;--padding-left:25px;--padding-right:25px;}.elementor-widget-text-editor{font-size:var( --e-global-typography-text-font-size );line-height:var( --e-global-typography-text-line-height );}.elementor-widget-heading .elementor-heading-title{font-size:var( --e-global-typography-primary-font-size );line-height:var( --e-global-typography-primary-line-height );}.elementor-8640 .elementor-element.elementor-element-296ab693 .elementor-heading-title{font-size:16px;}.elementor-widget-image .widget-image-caption{font-size:var( --e-global-typography-text-font-size );line-height:var( --e-global-typography-text-line-height );}.elementor-8640 .elementor-element.elementor-element-424ece7{text-align:center;}.elementor-8640 .elementor-element.elementor-element-424ece7 .elementor-heading-title{font-size:24px;}.elementor-8640 .elementor-element.elementor-element-4c1cb07{font-size:14px;}.elementor-widget-button .elementor-button{font-size:var( --e-global-typography-accent-font-size );line-height:var( --e-global-typography-accent-line-height );}.elementor-8640 .elementor-element.elementor-element-8cc1330 .elementor-button{font-size:var( --e-global-typography-f04d15a-font-size );line-height:var( --e-global-typography-f04d15a-line-height );letter-spacing:var( --e-global-typography-f04d15a-letter-spacing );word-spacing:var( --e-global-typography-f04d15a-word-spacing );}}@media(min-width:768px){.elementor-8640 .elementor-element.elementor-element-6d1985e{--width:34.308%;}.elementor-8640 .elementor-element.elementor-element-6c86955{--width:50%;}.elementor-8640 .elementor-element.elementor-element-3549d82{--width:50%;}}@media(max-width:1024px) and (min-width:768px){.elementor-8640 .elementor-element.elementor-element-6d1985e{--width:551.031px;}}@media(min-width:1025px){.elementor-8640 .elementor-element.elementor-element-4dd8fa31:not(.elementor-motion-effects-element-type-background), .elementor-8640 .elementor-element.elementor-element-4dd8fa31 > .elementor-motion-effects-container > .elementor-motion-effects-layer{background-attachment:fixed;}}<\/style>\t\t<div data-elementor-type=\"wp-page\" data-elementor-id=\"8640\" class=\"elementor elementor-8640 elementor-7306\" data-elementor-settings=\"{&quot;element_pack_global_tooltip_width&quot;:{&quot;unit&quot;:&quot;px&quot;,&quot;size&quot;:&quot;&quot;,&quot;sizes&quot;:[]},&quot;element_pack_global_tooltip_width_tablet&quot;:{&quot;unit&quot;:&quot;px&quot;,&quot;size&quot;:&quot;&quot;,&quot;sizes&quot;:[]},&quot;element_pack_global_tooltip_width_mobile&quot;:{&quot;unit&quot;:&quot;px&quot;,&quot;size&quot;:&quot;&quot;,&quot;sizes&quot;:[]},&quot;element_pack_global_tooltip_padding&quot;:{&quot;unit&quot;:&quot;px&quot;,&quot;top&quot;:&quot;&quot;,&quot;right&quot;:&quot;&quot;,&quot;bottom&quot;:&quot;&quot;,&quot;left&quot;:&quot;&quot;,&quot;isLinked&quot;:true},&quot;element_pack_global_tooltip_padding_tablet&quot;:{&quot;unit&quot;:&quot;px&quot;,&quot;top&quot;:&quot;&quot;,&quot;right&quot;:&quot;&quot;,&quot;bottom&quot;:&quot;&quot;,&quot;left&quot;:&quot;&quot;,&quot;isLinked&quot;:true},&quot;element_pack_global_tooltip_padding_mobile&quot;:{&quot;unit&quot;:&quot;px&quot;,&quot;top&quot;:&quot;&quot;,&quot;right&quot;:&quot;&quot;,&quot;bottom&quot;:&quot;&quot;,&quot;left&quot;:&quot;&quot;,&quot;isLinked&quot;:true},&quot;element_pack_global_tooltip_border_radius&quot;:{&quot;unit&quot;:&quot;px&quot;,&quot;top&quot;:&quot;&quot;,&quot;right&quot;:&quot;&quot;,&quot;bottom&quot;:&quot;&quot;,&quot;left&quot;:&quot;&quot;,&quot;isLinked&quot;:true},&quot;element_pack_global_tooltip_border_radius_tablet&quot;:{&quot;unit&quot;:&quot;px&quot;,&quot;top&quot;:&quot;&quot;,&quot;right&quot;:&quot;&quot;,&quot;bottom&quot;:&quot;&quot;,&quot;left&quot;:&quot;&quot;,&quot;isLinked&quot;:true},&quot;element_pack_global_tooltip_border_radius_mobile&quot;:{&quot;unit&quot;:&quot;px&quot;,&quot;top&quot;:&quot;&quot;,&quot;right&quot;:&quot;&quot;,&quot;bottom&quot;:&quot;&quot;,&quot;left&quot;:&quot;&quot;,&quot;isLinked&quot;:true}}\" data-elementor-post-type=\"page\">\n\t\t\t\t<div class=\"elementor-element elementor-element-4dd8fa31 e-flex e-con-boxed e-con e-parent\" data-id=\"4dd8fa31\" data-element_type=\"container\" data-e-type=\"container\" data-settings=\"{&quot;background_background&quot;:&quot;classic&quot;,&quot;shape_divider_bottom&quot;:&quot;triangle&quot;}\">\n\t\t\t\t\t<div class=\"e-con-inner\">\n\t\t\t\t<div class=\"elementor-shape elementor-shape-bottom\" aria-hidden=\"true\" data-negative=\"false\">\n\t\t\t<svg xmlns=\"http:\/\/www.w3.org\/2000\/svg\" viewBox=\"0 0 1000 100\" preserveAspectRatio=\"none\">\n\t<path class=\"elementor-shape-fill\" d=\"M500,98.9L0,6.1V0h1000v6.1L500,98.9z\"\/>\n<\/svg>\t\t<\/div>\n\t\t<div class=\"elementor-element elementor-element-6d1985e e-con-full e-flex e-con e-child\" data-id=\"6d1985e\" data-element_type=\"container\" data-e-type=\"container\">\n\t\t\t\t<div class=\"elementor-element elementor-element-2996bde7 elementor-widget elementor-widget-text-editor\" data-id=\"2996bde7\" data-element_type=\"widget\" data-e-type=\"widget\" data-widget_type=\"text-editor.default\">\n\t\t\t\t<div class=\"elementor-widget-container\">\n\t\t\t\t\t\t\t\t\t<p>EXTRACCI\u00d3N DE <span style=\"color: #e3b17b;\"><strong>GRASAS<\/strong><\/span> <\/p>\n\t\t\t\t\t\t\t\t<\/div>\n\t\t\t\t<\/div>\n\t\t\t\t<div class=\"elementor-element elementor-element-296ab693 animated-slow elementor-invisible elementor-widget elementor-widget-heading\" data-id=\"296ab693\" data-element_type=\"widget\" data-e-type=\"widget\" data-settings=\"{&quot;_animation&quot;:&quot;fadeInLeft&quot;}\" data-widget_type=\"heading.default\">\n\t\t\t\t<div class=\"elementor-widget-container\">\n\t\t\t\t\t<h5 class=\"elementor-heading-title elementor-size-default\">NUESTROS CIRUJANOS CERTIFICADOS <span>ADOPTAN UN ENFOQUE H\u00c1BIL Y ART\u00cdSTICO<br> DE LA CIRUG\u00cdA PL\u00c1STICA<\/span> <\/h5>\t\t\t\t<\/div>\n\t\t\t\t<\/div>\n\t\t\t\t<div class=\"elementor-element elementor-element-4e803da7 elementor-blockquote--skin-quotation elementor-blockquote--align-center elementor-widget elementor-widget-blockquote\" data-id=\"4e803da7\" data-element_type=\"widget\" data-e-type=\"widget\" data-widget_type=\"blockquote.default\">\n\t\t\t\t<div class=\"elementor-widget-container\">\n\t\t\t\t\t\t\t<blockquote class=\"elementor-blockquote\">\n\t\t\t<p class=\"elementor-blockquote__content\">\n\t\t\t\tTratamos a nuestros pacientes como si fueran de la familia\t\t\t<\/p>\n\t\t\t\t\t<\/blockquote>\n\t\t\t\t\t\t<\/div>\n\t\t\t\t<\/div>\n\t\t\t\t<\/div>\n\t\t<div class=\"elementor-element elementor-element-650da211 e-flex e-con-boxed e-con e-child\" data-id=\"650da211\" data-element_type=\"container\" data-e-type=\"container\">\n\t\t\t\t\t<div class=\"e-con-inner\">\n\t\t\t\t\t<\/div>\n\t\t\t\t<\/div>\n\t\t\t\t\t<\/div>\n\t\t\t\t<\/div>\n\t\t<div class=\"elementor-element elementor-element-de65626 e-flex e-con-boxed e-con e-parent\" data-id=\"de65626\" data-element_type=\"container\" data-e-type=\"container\">\n\t\t\t\t\t<div class=\"e-con-inner\">\n\t\t<div class=\"elementor-element elementor-element-6c86955 e-con-full e-flex e-con e-child\" data-id=\"6c86955\" data-element_type=\"container\" data-e-type=\"container\">\n\t\t\t\t<div class=\"elementor-element elementor-element-4cc465f elementor-widget elementor-widget-image\" data-id=\"4cc465f\" data-element_type=\"widget\" data-e-type=\"widget\" data-widget_type=\"image.default\">\n\t\t\t\t<div class=\"elementor-widget-container\">\n\t\t\t\t\t\t\t\t\t\t\t\t\t\t\t<img fetchpriority=\"high\" decoding=\"async\" width=\"637\" height=\"425\" src=\"https:\/\/plasticatijuana.com\/wp-content\/uploads\/2023\/12\/eyelidSurgery54ef.jpg\" class=\"attachment-large size-large wp-image-8030\" alt=\"Blepharoplasty\" srcset=\"https:\/\/plasticatijuana.com\/wp-content\/uploads\/2023\/12\/eyelidSurgery54ef.jpg 637w, https:\/\/plasticatijuana.com\/wp-content\/uploads\/2023\/12\/eyelidSurgery54ef-300x200.jpg 300w\" sizes=\"(max-width: 637px) 100vw, 637px\" \/>\t\t\t\t\t\t\t\t\t\t\t\t\t\t\t<\/div>\n\t\t\t\t<\/div>\n\t\t\t\t<\/div>\n\t\t<div class=\"elementor-element elementor-element-3549d82 e-con-full e-flex e-con e-child\" data-id=\"3549d82\" data-element_type=\"container\" data-e-type=\"container\">\n\t\t\t\t<div class=\"elementor-element elementor-element-424ece7 elementor-widget elementor-widget-heading\" data-id=\"424ece7\" data-element_type=\"widget\" data-e-type=\"widget\" data-widget_type=\"heading.default\">\n\t\t\t\t<div class=\"elementor-widget-container\">\n\t\t\t\t\t<h2 class=\"elementor-heading-title elementor-size-default\">EXTRACCI\u00d3N DE GRASAS <\/h2>\t\t\t\t<\/div>\n\t\t\t\t<\/div>\n\t\t\t\t<div class=\"elementor-element elementor-element-4c1cb07 elementor-widget elementor-widget-text-editor\" data-id=\"4c1cb07\" data-element_type=\"widget\" data-e-type=\"widget\" data-widget_type=\"text-editor.default\">\n\t\t\t\t<div class=\"elementor-widget-container\">\n\t\t\t\t\t\t\t\t\t<p>El injerto de grasa facial es un procedimiento quir\u00fargico de rejuvenecimiento en el que se realiza una liposucci\u00f3n en una secci\u00f3n de su cuerpo con tejido graso disponible. A continuaci\u00f3n, la grasa extra\u00edda se procesa y se coloca en peque\u00f1as jeringas para transferirla a las zonas de la cara que precisan una repleci\u00f3n de volumen.<\/p>\n\t\t\t\t\t\t\t\t<\/div>\n\t\t\t\t<\/div>\n\t\t\t\t<div class=\"elementor-element elementor-element-8cc1330 e-transform elementor-mobile-align-center elementor-align-center elementor-widget elementor-widget-button\" data-id=\"8cc1330\" data-element_type=\"widget\" data-e-type=\"widget\" data-settings=\"{&quot;_transform_scale_effect_hover&quot;:{&quot;unit&quot;:&quot;px&quot;,&quot;size&quot;:1.01,&quot;sizes&quot;:[]},&quot;_transform_scale_effect_hover_tablet&quot;:{&quot;unit&quot;:&quot;px&quot;,&quot;size&quot;:&quot;&quot;,&quot;sizes&quot;:[]},&quot;_transform_scale_effect_hover_mobile&quot;:{&quot;unit&quot;:&quot;px&quot;,&quot;size&quot;:&quot;&quot;,&quot;sizes&quot;:[]}}\" data-widget_type=\"button.default\">\n\t\t\t\t<div class=\"elementor-widget-container\">\n\t\t\t\t\t\t\t\t\t<div class=\"elementor-button-wrapper\">\n\t\t\t\t\t<a class=\"elementor-button elementor-button-link elementor-size-md\" href=\"https:\/\/plasticatijuana.com\/es\/contacte-con-nosotros\/\">\n\t\t\t\t\t\t<span class=\"elementor-button-content-wrapper\">\n\t\t\t\t\t\t\t\t\t<span class=\"elementor-button-text\">Agende una consulta<\/span>\n\t\t\t\t\t<\/span>\n\t\t\t\t\t<\/a>\n\t\t\t\t<\/div>\n\t\t\t\t\t\t\t\t<\/div>\n\t\t\t\t<\/div>\n\t\t\t\t<\/div>\n\t\t\t\t\t<\/div>\n\t\t\t\t<\/div>\n\t\t\t\t<\/div>\n\t\t","protected":false},"excerpt":{"rendered":"<p>EXTRACCI\u00d3N DE GRASAS NUESTROS CIRUJANOS CERTIFICADOS ADOPTAN UN ENFOQUE H\u00c1BIL Y ART\u00cdSTICO DE LA CIRUG\u00cdA PL\u00c1STICA Tratamos a nuestros pacientes como si fueran de la familia EXTRACCI\u00d3N DE GRASAS El injerto de grasa facial es un procedimiento quir\u00fargico de rejuvenecimiento en el que se realiza una liposucci\u00f3n en una secci\u00f3n de su cuerpo con tejido [&hellip;]<\/p>\n","protected":false},"author":1,"featured_media":0,"parent":0,"menu_order":0,"comment_status":"closed","ping_status":"closed","template":"","meta":{"footnotes":""},"class_list":["post-8640","page","type-page","status-publish","hentry"],"yoast_head":"<!-- This site is optimized with the Yoast SEO plugin v27.3 - https:\/\/yoast.com\/product\/yoast-seo-wordpress\/ -->\n<title>Injertos de grasa - Plastica Tijuana<\/title>\n<meta name=\"robots\" content=\"index, follow, max-snippet:-1, max-image-preview:large, max-video-preview:-1\" \/>\n<link rel=\"canonical\" href=\"https:\/\/plasticatijuana.com\/es\/injertos-de-grasa\/\" \/>\n<meta property=\"og:locale\" content=\"es_ES\" \/>\n<meta property=\"og:type\" content=\"article\" \/>\n<meta property=\"og:title\" content=\"Injertos de grasa - Plastica Tijuana\" \/>\n<meta property=\"og:description\" content=\"EXTRACCI\u00d3N DE GRASAS NUESTROS CIRUJANOS CERTIFICADOS ADOPTAN UN ENFOQUE H\u00c1BIL Y ART\u00cdSTICO DE LA CIRUG\u00cdA PL\u00c1STICA Tratamos a nuestros pacientes como si fueran de la familia EXTRACCI\u00d3N DE GRASAS El injerto de grasa facial es un procedimiento quir\u00fargico de rejuvenecimiento en el que se realiza una liposucci\u00f3n en una secci\u00f3n de su cuerpo con tejido [&hellip;]\" \/>\n<meta property=\"og:url\" content=\"https:\/\/plasticatijuana.com\/es\/injertos-de-grasa\/\" \/>\n<meta property=\"og:site_name\" content=\"Plastica Tijuana\" \/>\n<meta property=\"article:publisher\" content=\"https:\/\/www.facebook.com\/cervantesaragonplasticsurgery\/\" \/>\n<meta property=\"article:modified_time\" content=\"2024-03-27T21:35:23+00:00\" \/>\n<meta property=\"og:image\" content=\"https:\/\/plasticatijuana.com\/wp-content\/uploads\/2023\/12\/eyelidSurgery54ef.jpg\" \/>\n<meta name=\"twitter:card\" content=\"summary_large_image\" \/>\n<meta name=\"twitter:site\" content=\"@plasticatijuana\" \/>\n<meta name=\"twitter:label1\" content=\"Tiempo de lectura\" \/>\n\t<meta name=\"twitter:data1\" content=\"1 minuto\" \/>\n<script type=\"application\/ld+json\" class=\"yoast-schema-graph\">{\"@context\":\"https:\\\/\\\/schema.org\",\"@graph\":[{\"@type\":\"WebPage\",\"@id\":\"https:\\\/\\\/plasticatijuana.com\\\/es\\\/injertos-de-grasa\\\/\",\"url\":\"https:\\\/\\\/plasticatijuana.com\\\/es\\\/injertos-de-grasa\\\/\",\"name\":\"Injertos de grasa - Plastica Tijuana\",\"isPartOf\":{\"@id\":\"https:\\\/\\\/plasticatijuana.com\\\/es\\\/#website\"},\"primaryImageOfPage\":{\"@id\":\"https:\\\/\\\/plasticatijuana.com\\\/es\\\/injertos-de-grasa\\\/#primaryimage\"},\"image\":{\"@id\":\"https:\\\/\\\/plasticatijuana.com\\\/es\\\/injertos-de-grasa\\\/#primaryimage\"},\"thumbnailUrl\":\"https:\\\/\\\/plasticatijuana.com\\\/wp-content\\\/uploads\\\/2023\\\/12\\\/eyelidSurgery54ef.jpg\",\"datePublished\":\"2024-01-23T01:38:04+00:00\",\"dateModified\":\"2024-03-27T21:35:23+00:00\",\"breadcrumb\":{\"@id\":\"https:\\\/\\\/plasticatijuana.com\\\/es\\\/injertos-de-grasa\\\/#breadcrumb\"},\"inLanguage\":\"es\",\"potentialAction\":[{\"@type\":\"ReadAction\",\"target\":[\"https:\\\/\\\/plasticatijuana.com\\\/es\\\/injertos-de-grasa\\\/\"]}]},{\"@type\":\"ImageObject\",\"inLanguage\":\"es\",\"@id\":\"https:\\\/\\\/plasticatijuana.com\\\/es\\\/injertos-de-grasa\\\/#primaryimage\",\"url\":\"https:\\\/\\\/plasticatijuana.com\\\/wp-content\\\/uploads\\\/2023\\\/12\\\/eyelidSurgery54ef.jpg\",\"contentUrl\":\"https:\\\/\\\/plasticatijuana.com\\\/wp-content\\\/uploads\\\/2023\\\/12\\\/eyelidSurgery54ef.jpg\"},{\"@type\":\"BreadcrumbList\",\"@id\":\"https:\\\/\\\/plasticatijuana.com\\\/es\\\/injertos-de-grasa\\\/#breadcrumb\",\"itemListElement\":[{\"@type\":\"ListItem\",\"position\":1,\"name\":\"Inicio\",\"item\":\"https:\\\/\\\/plasticatijuana.com\\\/es\\\/home-2024\\\/\"},{\"@type\":\"ListItem\",\"position\":2,\"name\":\"Injertos de grasa\"}]},{\"@type\":\"WebSite\",\"@id\":\"https:\\\/\\\/plasticatijuana.com\\\/es\\\/#website\",\"url\":\"https:\\\/\\\/plasticatijuana.com\\\/es\\\/\",\"name\":\"Plastica Tijuana\",\"description\":\"Because your beauty is unique\",\"potentialAction\":[{\"@type\":\"SearchAction\",\"target\":{\"@type\":\"EntryPoint\",\"urlTemplate\":\"https:\\\/\\\/plasticatijuana.com\\\/es\\\/?s={search_term_string}\"},\"query-input\":{\"@type\":\"PropertyValueSpecification\",\"valueRequired\":true,\"valueName\":\"search_term_string\"}}],\"inLanguage\":\"es\"}]}<\/script>\n<!-- \/ Yoast SEO plugin. -->","yoast_head_json":{"title":"Injertos de grasa - Plastica Tijuana","robots":{"index":"index","follow":"follow","max-snippet":"max-snippet:-1","max-image-preview":"max-image-preview:large","max-video-preview":"max-video-preview:-1"},"canonical":"https:\/\/plasticatijuana.com\/es\/injertos-de-grasa\/","og_locale":"es_ES","og_type":"article","og_title":"Injertos de grasa - Plastica Tijuana","og_description":"EXTRACCI\u00d3N DE GRASAS NUESTROS CIRUJANOS CERTIFICADOS ADOPTAN UN ENFOQUE H\u00c1BIL Y ART\u00cdSTICO DE LA CIRUG\u00cdA PL\u00c1STICA Tratamos a nuestros pacientes como si fueran de la familia EXTRACCI\u00d3N DE GRASAS El injerto de grasa facial es un procedimiento quir\u00fargico de rejuvenecimiento en el que se realiza una liposucci\u00f3n en una secci\u00f3n de su cuerpo con tejido [&hellip;]","og_url":"https:\/\/plasticatijuana.com\/es\/injertos-de-grasa\/","og_site_name":"Plastica Tijuana","article_publisher":"https:\/\/www.facebook.com\/cervantesaragonplasticsurgery\/","article_modified_time":"2024-03-27T21:35:23+00:00","og_image":[{"url":"https:\/\/plasticatijuana.com\/wp-content\/uploads\/2023\/12\/eyelidSurgery54ef.jpg","type":"","width":"","height":""}],"twitter_card":"summary_large_image","twitter_site":"@plasticatijuana","twitter_misc":{"Tiempo de lectura":"1 minuto"},"schema":{"@context":"https:\/\/schema.org","@graph":[{"@type":"WebPage","@id":"https:\/\/plasticatijuana.com\/es\/injertos-de-grasa\/","url":"https:\/\/plasticatijuana.com\/es\/injertos-de-grasa\/","name":"Injertos de grasa - Plastica Tijuana","isPartOf":{"@id":"https:\/\/plasticatijuana.com\/es\/#website"},"primaryImageOfPage":{"@id":"https:\/\/plasticatijuana.com\/es\/injertos-de-grasa\/#primaryimage"},"image":{"@id":"https:\/\/plasticatijuana.com\/es\/injertos-de-grasa\/#primaryimage"},"thumbnailUrl":"https:\/\/plasticatijuana.com\/wp-content\/uploads\/2023\/12\/eyelidSurgery54ef.jpg","datePublished":"2024-01-23T01:38:04+00:00","dateModified":"2024-03-27T21:35:23+00:00","breadcrumb":{"@id":"https:\/\/plasticatijuana.com\/es\/injertos-de-grasa\/#breadcrumb"},"inLanguage":"es","potentialAction":[{"@type":"ReadAction","target":["https:\/\/plasticatijuana.com\/es\/injertos-de-grasa\/"]}]},{"@type":"ImageObject","inLanguage":"es","@id":"https:\/\/plasticatijuana.com\/es\/injertos-de-grasa\/#primaryimage","url":"https:\/\/plasticatijuana.com\/wp-content\/uploads\/2023\/12\/eyelidSurgery54ef.jpg","contentUrl":"https:\/\/plasticatijuana.com\/wp-content\/uploads\/2023\/12\/eyelidSurgery54ef.jpg"},{"@type":"BreadcrumbList","@id":"https:\/\/plasticatijuana.com\/es\/injertos-de-grasa\/#breadcrumb","itemListElement":[{"@type":"ListItem","position":1,"name":"Inicio","item":"https:\/\/plasticatijuana.com\/es\/home-2024\/"},{"@type":"ListItem","position":2,"name":"Injertos de grasa"}]},{"@type":"WebSite","@id":"https:\/\/plasticatijuana.com\/es\/#website","url":"https:\/\/plasticatijuana.com\/es\/","name":"Plastica Tijuana","description":"Because your beauty is unique","potentialAction":[{"@type":"SearchAction","target":{"@type":"EntryPoint","urlTemplate":"https:\/\/plasticatijuana.com\/es\/?s={search_term_string}"},"query-input":{"@type":"PropertyValueSpecification","valueRequired":true,"valueName":"search_term_string"}}],"inLanguage":"es"}]}},"_links":{"self":[{"href":"https:\/\/plasticatijuana.com\/es\/wp-json\/wp\/v2\/pages\/8640","targetHints":{"allow":["GET"]}}],"collection":[{"href":"https:\/\/plasticatijuana.com\/es\/wp-json\/wp\/v2\/pages"}],"about":[{"href":"https:\/\/plasticatijuana.com\/es\/wp-json\/wp\/v2\/types\/page"}],"author":[{"embeddable":true,"href":"https:\/\/plasticatijuana.com\/es\/wp-json\/wp\/v2\/users\/1"}],"replies":[{"embeddable":true,"href":"https:\/\/plasticatijuana.com\/es\/wp-json\/wp\/v2\/comments?post=8640"}],"version-history":[{"count":0,"href":"https:\/\/plasticatijuana.com\/es\/wp-json\/wp\/v2\/pages\/8640\/revisions"}],"wp:attachment":[{"href":"https:\/\/plasticatijuana.com\/es\/wp-json\/wp\/v2\/media?parent=8640"}],"curies":[{"name":"wp","href":"https:\/\/api.w.org\/{rel}","templated":true}]}}