{"id":8658,"date":"2016-07-21T18:46:28","date_gmt":"2016-07-22T01:46:28","guid":{"rendered":"https:\/\/plasticatijuana.com\/reconstruccion-del-cancer-de-piel\/"},"modified":"2024-01-25T20:55:42","modified_gmt":"2024-01-25T19:55:42","slug":"reconstruccion-del-cancer-de-piel","status":"publish","type":"page","link":"https:\/\/plasticatijuana.com\/es\/reconstruccion-del-cancer-de-piel\/","title":{"rendered":"Reconstrucci\u00f3n del c\u00e1ncer de piel"},"content":{"rendered":"\t\t<div data-elementor-type=\"wp-page\" data-elementor-id=\"8658\" class=\"elementor elementor-8658 elementor-2033\" data-elementor-settings=\"{&quot;element_pack_global_tooltip_width&quot;:{&quot;unit&quot;:&quot;px&quot;,&quot;size&quot;:&quot;&quot;,&quot;sizes&quot;:[]},&quot;element_pack_global_tooltip_width_tablet&quot;:{&quot;unit&quot;:&quot;px&quot;,&quot;size&quot;:&quot;&quot;,&quot;sizes&quot;:[]},&quot;element_pack_global_tooltip_width_mobile&quot;:{&quot;unit&quot;:&quot;px&quot;,&quot;size&quot;:&quot;&quot;,&quot;sizes&quot;:[]},&quot;element_pack_global_tooltip_padding&quot;:{&quot;unit&quot;:&quot;px&quot;,&quot;top&quot;:&quot;&quot;,&quot;right&quot;:&quot;&quot;,&quot;bottom&quot;:&quot;&quot;,&quot;left&quot;:&quot;&quot;,&quot;isLinked&quot;:true},&quot;element_pack_global_tooltip_padding_tablet&quot;:{&quot;unit&quot;:&quot;px&quot;,&quot;top&quot;:&quot;&quot;,&quot;right&quot;:&quot;&quot;,&quot;bottom&quot;:&quot;&quot;,&quot;left&quot;:&quot;&quot;,&quot;isLinked&quot;:true},&quot;element_pack_global_tooltip_padding_mobile&quot;:{&quot;unit&quot;:&quot;px&quot;,&quot;top&quot;:&quot;&quot;,&quot;right&quot;:&quot;&quot;,&quot;bottom&quot;:&quot;&quot;,&quot;left&quot;:&quot;&quot;,&quot;isLinked&quot;:true},&quot;element_pack_global_tooltip_border_radius&quot;:{&quot;unit&quot;:&quot;px&quot;,&quot;top&quot;:&quot;&quot;,&quot;right&quot;:&quot;&quot;,&quot;bottom&quot;:&quot;&quot;,&quot;left&quot;:&quot;&quot;,&quot;isLinked&quot;:true},&quot;element_pack_global_tooltip_border_radius_tablet&quot;:{&quot;unit&quot;:&quot;px&quot;,&quot;top&quot;:&quot;&quot;,&quot;right&quot;:&quot;&quot;,&quot;bottom&quot;:&quot;&quot;,&quot;left&quot;:&quot;&quot;,&quot;isLinked&quot;:true},&quot;element_pack_global_tooltip_border_radius_mobile&quot;:{&quot;unit&quot;:&quot;px&quot;,&quot;top&quot;:&quot;&quot;,&quot;right&quot;:&quot;&quot;,&quot;bottom&quot;:&quot;&quot;,&quot;left&quot;:&quot;&quot;,&quot;isLinked&quot;:true}}\" data-elementor-post-type=\"page\">\n\t\t\t\t<div class=\"elementor-element elementor-element-5414ae4 e-flex e-con-boxed e-con e-parent\" data-id=\"5414ae4\" data-element_type=\"container\" data-e-type=\"container\" data-settings=\"{&quot;background_background&quot;:&quot;classic&quot;}\">\n\t\t\t\t\t<div class=\"e-con-inner\">\n\t\t\t\t<div class=\"elementor-element elementor-element-3cda7cf elementor-widget elementor-widget-text-editor\" data-id=\"3cda7cf\" data-element_type=\"widget\" data-e-type=\"widget\" data-widget_type=\"text-editor.default\">\n\t\t\t\t<div class=\"elementor-widget-container\">\n\t\t\t\t\t\t\t\t\t<p><span style=\"color: #e3b17b;\"><strong>RECONSTRUCCI\u00d3N<\/strong><\/span> DEL C\u00c1NCER DE PIEL<\/p>\n\t\t\t\t\t\t\t\t<\/div>\n\t\t\t\t<\/div>\n\t\t\t\t<div class=\"elementor-element elementor-element-ce7d4f4 animated-slow elementor-invisible elementor-widget elementor-widget-heading\" data-id=\"ce7d4f4\" data-element_type=\"widget\" data-e-type=\"widget\" data-settings=\"{&quot;_animation&quot;:&quot;fadeInLeft&quot;}\" data-widget_type=\"heading.default\">\n\t\t\t\t<div class=\"elementor-widget-container\">\n\t\t\t\t\t<h5 class=\"elementor-heading-title elementor-size-default\">NUESTROS CIRUJANOS CERTIFICADOS <span>TOMAN UN ENFOQUE H\u00c1BIL Y ART\u00cdSTICO <br> EN LA CIRUG\u00cdA PL\u00c1STICA<\/span>. <\/h5>\t\t\t\t<\/div>\n\t\t\t\t<\/div>\n\t\t\t\t<div class=\"elementor-element elementor-element-f6752e0 elementor-blockquote--skin-quotation elementor-widget elementor-widget-blockquote\" data-id=\"f6752e0\" data-element_type=\"widget\" data-e-type=\"widget\" data-widget_type=\"blockquote.default\">\n\t\t\t\t<div class=\"elementor-widget-container\">\n\t\t\t\t\t\t\t<blockquote class=\"elementor-blockquote\">\n\t\t\t<p class=\"elementor-blockquote__content\">\n\t\t\t\tProcedimientos de Reconstrucci\u00f3n de C\u00e1ncer de Piel en Cirug\u00eda Pl\u00e1stica Tijuana\n\n\t\t\t<\/p>\n\t\t\t\t\t<\/blockquote>\n\t\t\t\t\t\t<\/div>\n\t\t\t\t<\/div>\n\t\t\t\t\t<\/div>\n\t\t\t\t<\/div>\n\t\t\t\t<section class=\"elementor-section elementor-top-section elementor-element elementor-element-aafea0f elementor-section-content-middle elementor-reverse-tablet elementor-reverse-mobile elementor-section-boxed elementor-section-height-default elementor-section-height-default\" data-id=\"aafea0f\" data-element_type=\"section\" data-e-type=\"section\">\n\t\t\t\t\t\t<div class=\"elementor-container elementor-column-gap-default\">\n\t\t\t\t\t<div class=\"elementor-column elementor-col-50 elementor-top-column elementor-element elementor-element-6390981\" data-id=\"6390981\" data-element_type=\"column\" data-e-type=\"column\">\n\t\t\t<div class=\"elementor-widget-wrap elementor-element-populated\">\n\t\t\t\t\t\t<div class=\"elementor-element elementor-element-21d6bdd elementor-widget elementor-widget-image\" data-id=\"21d6bdd\" data-element_type=\"widget\" data-e-type=\"widget\" data-widget_type=\"image.default\">\n\t\t\t\t<div class=\"elementor-widget-container\">\n\t\t\t\t\t\t\t\t\t\t\t\t\t\t\t<img fetchpriority=\"high\" decoding=\"async\" width=\"637\" height=\"425\" src=\"https:\/\/plasticatijuana.com\/wp-content\/uploads\/2016\/07\/skinCancer54ef.jpg\" class=\"attachment-full size-full wp-image-7876\" alt=\"\" srcset=\"https:\/\/plasticatijuana.com\/wp-content\/uploads\/2016\/07\/skinCancer54ef.jpg 637w, https:\/\/plasticatijuana.com\/wp-content\/uploads\/2016\/07\/skinCancer54ef-300x200.jpg 300w\" sizes=\"(max-width: 637px) 100vw, 637px\" \/>\t\t\t\t\t\t\t\t\t\t\t\t\t\t\t<\/div>\n\t\t\t\t<\/div>\n\t\t\t\t\t<\/div>\n\t\t<\/div>\n\t\t\t\t<div class=\"elementor-column elementor-col-50 elementor-top-column elementor-element elementor-element-15e7eea\" data-id=\"15e7eea\" data-element_type=\"column\" data-e-type=\"column\">\n\t\t\t<div class=\"elementor-widget-wrap elementor-element-populated\">\n\t\t\t\t\t\t<div class=\"elementor-element elementor-element-fade279 elementor-widget elementor-widget-heading\" data-id=\"fade279\" data-element_type=\"widget\" data-e-type=\"widget\" data-widget_type=\"heading.default\">\n\t\t\t\t<div class=\"elementor-widget-container\">\n\t\t\t\t\t<h2 class=\"elementor-heading-title elementor-size-default\"><span style=\"color: #e3b077;line-height: 41px\"><strong>RECONSTRUCCI\u00d3N<\/strong><\/span> DEL C\u00c1NCER DE PIEL <\/h2>\t\t\t\t<\/div>\n\t\t\t\t<\/div>\n\t\t\t\t<div class=\"elementor-element elementor-element-9f7c9ae elementor-widget elementor-widget-text-editor\" data-id=\"9f7c9ae\" data-element_type=\"widget\" data-e-type=\"widget\" data-widget_type=\"text-editor.default\">\n\t\t\t\t<div class=\"elementor-widget-container\">\n\t\t\t\t\t\t\t\t\t<p>Con el aumento constante de la incidencia del c\u00e1ncer de piel, la cirug\u00eda pl\u00e1stica reconstructiva ha asumido un papel m\u00e1s destacado en el tratamiento del c\u00e1ncer de piel y la reducci\u00f3n de cicatrices.<\/p>\n<p>El cirujano pl\u00e1stico y reconstructivo certificado Dr. Juan Pablo Cervantes de Cirug\u00eda Pl\u00e1stica Tijuana en el Hospital \u00c1ngeles, tiene muchos a\u00f1os de experiencia en la extirpaci\u00f3n de lesiones de c\u00e1ncer de piel y la prestaci\u00f3n de la cirug\u00eda pl\u00e1stica reconstructiva a los pacientes que han sido sometidos a tratamiento de c\u00e1ncer de piel.<\/p>\n<p>El Dr. Cervantes ha realizado miles de procedimientos quir\u00fargicos de c\u00e1ncer de piel, utilizando las \u00faltimas t\u00e9cnicas de escisi\u00f3n y reconstrucci\u00f3n para los c\u00e1nceres de piel, incluyendo:<\/p>\n\t\t\t\t\t\t\t\t<\/div>\n\t\t\t\t<\/div>\n\t\t\t\t<div class=\"elementor-element elementor-element-2d6bf22 elementor-icon-list--layout-traditional elementor-list-item-link-full_width elementor-widget elementor-widget-icon-list\" data-id=\"2d6bf22\" data-element_type=\"widget\" data-e-type=\"widget\" data-widget_type=\"icon-list.default\">\n\t\t\t\t<div class=\"elementor-widget-container\">\n\t\t\t\t\t\t\t<ul class=\"elementor-icon-list-items\">\n\t\t\t\t\t\t\t<li class=\"elementor-icon-list-item\">\n\t\t\t\t\t\t\t\t\t\t\t<span class=\"elementor-icon-list-icon\">\n\t\t\t\t\t\t\t<i aria-hidden=\"true\" class=\"jki jki-right-arrow-7\"><\/i>\t\t\t\t\t\t<\/span>\n\t\t\t\t\t\t\t\t\t\t<span class=\"elementor-icon-list-text\">Carcinoma basocelular<\/span>\n\t\t\t\t\t\t\t\t\t<\/li>\n\t\t\t\t\t\t\t\t<li class=\"elementor-icon-list-item\">\n\t\t\t\t\t\t\t\t\t\t\t<span class=\"elementor-icon-list-icon\">\n\t\t\t\t\t\t\t<i aria-hidden=\"true\" class=\"jki jki-right-arrow-7\"><\/i>\t\t\t\t\t\t<\/span>\n\t\t\t\t\t\t\t\t\t\t<span class=\"elementor-icon-list-text\">Melanoma<\/span>\n\t\t\t\t\t\t\t\t\t<\/li>\n\t\t\t\t\t\t\t\t<li class=\"elementor-icon-list-item\">\n\t\t\t\t\t\t\t\t\t\t\t<span class=\"elementor-icon-list-icon\">\n\t\t\t\t\t\t\t<i aria-hidden=\"true\" class=\"jki jki-right-arrow-7\"><\/i>\t\t\t\t\t\t<\/span>\n\t\t\t\t\t\t\t\t\t\t<span class=\"elementor-icon-list-text\">Carcinoma de c\u00e9lulas escamosas<\/span>\n\t\t\t\t\t\t\t\t\t<\/li>\n\t\t\t\t\t\t<\/ul>\n\t\t\t\t\t\t<\/div>\n\t\t\t\t<\/div>\n\t\t\t\t\t<\/div>\n\t\t<\/div>\n\t\t\t\t\t<\/div>\n\t\t<\/section>\n\t\t<div class=\"elementor-element elementor-element-70f579c e-flex e-con-boxed e-con e-parent\" data-id=\"70f579c\" data-element_type=\"container\" data-e-type=\"container\">\n\t\t\t\t\t<div class=\"e-con-inner\">\n\t\t\t\t<div class=\"elementor-element elementor-element-379be0f elementor-widget elementor-widget-text-editor\" data-id=\"379be0f\" data-element_type=\"widget\" data-e-type=\"widget\" data-widget_type=\"text-editor.default\">\n\t\t\t\t<div class=\"elementor-widget-container\">\n\t\t\t\t\t\t\t\t\t<p>Los detalles de su tratamiento del c\u00e1ncer de piel o del procedimiento de reconstrucci\u00f3n del c\u00e1ncer de piel vendr\u00e1n determinados por su estado y necesidades individuales. Algunos pacientes requieren una simple revisi\u00f3n de la cicatriz, mientras que otros pueden necesitar una transferencia de tejido cut\u00e1neo.<\/p>\n<p>Durante su consulta personal, el Dr. Cervantes evaluar\u00e1 su estado y le explicar\u00e1 detalladamente las opciones de tratamiento.<\/p>\n<p>Si desea obtener m\u00e1s informaci\u00f3n sobre la reconstrucci\u00f3n del c\u00e1ncer de piel o programar su consulta confidencial con el Dr. Juan Pablo Cervantes, por favor p\u00f3ngase en contacto con Cirug\u00eda Pl\u00e1stica Tijuana. Estamos orgullosos de atender a pacientes de las areas del Condado de Los \u00c1ngeles, el Condado de San Diego y Baja California.<\/p>\n\t\t\t\t\t\t\t\t<\/div>\n\t\t\t\t<\/div>\n\t\t\t\t\t<\/div>\n\t\t\t\t<\/div>\n\t\t\t\t<\/div>\n\t\t","protected":false},"excerpt":{"rendered":"<p>RECONSTRUCCI\u00d3N DEL C\u00c1NCER DE PIEL NUESTROS CIRUJANOS CERTIFICADOS TOMAN UN ENFOQUE H\u00c1BIL Y ART\u00cdSTICO EN LA CIRUG\u00cdA PL\u00c1STICA. Procedimientos de Reconstrucci\u00f3n de C\u00e1ncer de Piel en Cirug\u00eda Pl\u00e1stica Tijuana RECONSTRUCCI\u00d3N DEL C\u00c1NCER DE PIEL Con el aumento constante de la incidencia del c\u00e1ncer de piel, la cirug\u00eda pl\u00e1stica reconstructiva ha asumido un papel m\u00e1s destacado [&hellip;]<\/p>\n","protected":false},"author":1,"featured_media":0,"parent":0,"menu_order":0,"comment_status":"closed","ping_status":"closed","template":"","meta":{"footnotes":""},"class_list":["post-8658","page","type-page","status-publish","hentry"],"yoast_head":"<!-- This site is optimized with the Yoast SEO plugin v27.4 - https:\/\/yoast.com\/product\/yoast-seo-wordpress\/ -->\n<title>Reconstrucci\u00f3n del c\u00e1ncer de piel - Plastica Tijuana<\/title>\n<meta name=\"robots\" content=\"index, follow, max-snippet:-1, max-image-preview:large, max-video-preview:-1\" \/>\n<link rel=\"canonical\" href=\"https:\/\/plasticatijuana.com\/es\/reconstruccion-del-cancer-de-piel\/\" \/>\n<meta property=\"og:locale\" content=\"es_ES\" \/>\n<meta property=\"og:type\" content=\"article\" \/>\n<meta property=\"og:title\" content=\"Reconstrucci\u00f3n del c\u00e1ncer de piel - Plastica Tijuana\" \/>\n<meta property=\"og:description\" content=\"RECONSTRUCCI\u00d3N DEL C\u00c1NCER DE PIEL NUESTROS CIRUJANOS CERTIFICADOS TOMAN UN ENFOQUE H\u00c1BIL Y ART\u00cdSTICO EN LA CIRUG\u00cdA PL\u00c1STICA. Procedimientos de Reconstrucci\u00f3n de C\u00e1ncer de Piel en Cirug\u00eda Pl\u00e1stica Tijuana RECONSTRUCCI\u00d3N DEL C\u00c1NCER DE PIEL Con el aumento constante de la incidencia del c\u00e1ncer de piel, la cirug\u00eda pl\u00e1stica reconstructiva ha asumido un papel m\u00e1s destacado [&hellip;]\" \/>\n<meta property=\"og:url\" content=\"https:\/\/plasticatijuana.com\/es\/reconstruccion-del-cancer-de-piel\/\" \/>\n<meta property=\"og:site_name\" content=\"Plastica Tijuana\" \/>\n<meta property=\"article:publisher\" content=\"https:\/\/www.facebook.com\/cervantesaragonplasticsurgery\/\" \/>\n<meta property=\"article:modified_time\" content=\"2024-01-25T19:55:42+00:00\" \/>\n<meta property=\"og:image\" content=\"https:\/\/plasticatijuana.com\/wp-content\/uploads\/2016\/07\/skinCancer54ef.jpg\" \/>\n<meta name=\"twitter:card\" content=\"summary_large_image\" \/>\n<meta name=\"twitter:site\" content=\"@plasticatijuana\" \/>\n<meta name=\"twitter:label1\" content=\"Tiempo de lectura\" \/>\n\t<meta name=\"twitter:data1\" content=\"2 minutos\" \/>\n<script type=\"application\/ld+json\" class=\"yoast-schema-graph\">{\"@context\":\"https:\\\/\\\/schema.org\",\"@graph\":[{\"@type\":\"WebPage\",\"@id\":\"https:\\\/\\\/plasticatijuana.com\\\/es\\\/reconstruccion-del-cancer-de-piel\\\/\",\"url\":\"https:\\\/\\\/plasticatijuana.com\\\/es\\\/reconstruccion-del-cancer-de-piel\\\/\",\"name\":\"Reconstrucci\u00f3n del c\u00e1ncer de piel - Plastica Tijuana\",\"isPartOf\":{\"@id\":\"https:\\\/\\\/plasticatijuana.com\\\/es\\\/#website\"},\"primaryImageOfPage\":{\"@id\":\"https:\\\/\\\/plasticatijuana.com\\\/es\\\/reconstruccion-del-cancer-de-piel\\\/#primaryimage\"},\"image\":{\"@id\":\"https:\\\/\\\/plasticatijuana.com\\\/es\\\/reconstruccion-del-cancer-de-piel\\\/#primaryimage\"},\"thumbnailUrl\":\"https:\\\/\\\/plasticatijuana.com\\\/wp-content\\\/uploads\\\/2016\\\/07\\\/skinCancer54ef.jpg\",\"datePublished\":\"2016-07-22T01:46:28+00:00\",\"dateModified\":\"2024-01-25T19:55:42+00:00\",\"breadcrumb\":{\"@id\":\"https:\\\/\\\/plasticatijuana.com\\\/es\\\/reconstruccion-del-cancer-de-piel\\\/#breadcrumb\"},\"inLanguage\":\"es\",\"potentialAction\":[{\"@type\":\"ReadAction\",\"target\":[\"https:\\\/\\\/plasticatijuana.com\\\/es\\\/reconstruccion-del-cancer-de-piel\\\/\"]}]},{\"@type\":\"ImageObject\",\"inLanguage\":\"es\",\"@id\":\"https:\\\/\\\/plasticatijuana.com\\\/es\\\/reconstruccion-del-cancer-de-piel\\\/#primaryimage\",\"url\":\"https:\\\/\\\/plasticatijuana.com\\\/wp-content\\\/uploads\\\/2016\\\/07\\\/skinCancer54ef.jpg\",\"contentUrl\":\"https:\\\/\\\/plasticatijuana.com\\\/wp-content\\\/uploads\\\/2016\\\/07\\\/skinCancer54ef.jpg\"},{\"@type\":\"BreadcrumbList\",\"@id\":\"https:\\\/\\\/plasticatijuana.com\\\/es\\\/reconstruccion-del-cancer-de-piel\\\/#breadcrumb\",\"itemListElement\":[{\"@type\":\"ListItem\",\"position\":1,\"name\":\"Inicio\",\"item\":\"https:\\\/\\\/plasticatijuana.com\\\/es\\\/home-2024\\\/\"},{\"@type\":\"ListItem\",\"position\":2,\"name\":\"Reconstrucci\u00f3n del c\u00e1ncer de piel\"}]},{\"@type\":\"WebSite\",\"@id\":\"https:\\\/\\\/plasticatijuana.com\\\/es\\\/#website\",\"url\":\"https:\\\/\\\/plasticatijuana.com\\\/es\\\/\",\"name\":\"Plastica Tijuana\",\"description\":\"Because your beauty is unique\",\"potentialAction\":[{\"@type\":\"SearchAction\",\"target\":{\"@type\":\"EntryPoint\",\"urlTemplate\":\"https:\\\/\\\/plasticatijuana.com\\\/es\\\/?s={search_term_string}\"},\"query-input\":{\"@type\":\"PropertyValueSpecification\",\"valueRequired\":true,\"valueName\":\"search_term_string\"}}],\"inLanguage\":\"es\"}]}<\/script>\n<!-- \/ Yoast SEO plugin. -->","yoast_head_json":{"title":"Reconstrucci\u00f3n del c\u00e1ncer de piel - Plastica Tijuana","robots":{"index":"index","follow":"follow","max-snippet":"max-snippet:-1","max-image-preview":"max-image-preview:large","max-video-preview":"max-video-preview:-1"},"canonical":"https:\/\/plasticatijuana.com\/es\/reconstruccion-del-cancer-de-piel\/","og_locale":"es_ES","og_type":"article","og_title":"Reconstrucci\u00f3n del c\u00e1ncer de piel - Plastica Tijuana","og_description":"RECONSTRUCCI\u00d3N DEL C\u00c1NCER DE PIEL NUESTROS CIRUJANOS CERTIFICADOS TOMAN UN ENFOQUE H\u00c1BIL Y ART\u00cdSTICO EN LA CIRUG\u00cdA PL\u00c1STICA. Procedimientos de Reconstrucci\u00f3n de C\u00e1ncer de Piel en Cirug\u00eda Pl\u00e1stica Tijuana RECONSTRUCCI\u00d3N DEL C\u00c1NCER DE PIEL Con el aumento constante de la incidencia del c\u00e1ncer de piel, la cirug\u00eda pl\u00e1stica reconstructiva ha asumido un papel m\u00e1s destacado [&hellip;]","og_url":"https:\/\/plasticatijuana.com\/es\/reconstruccion-del-cancer-de-piel\/","og_site_name":"Plastica Tijuana","article_publisher":"https:\/\/www.facebook.com\/cervantesaragonplasticsurgery\/","article_modified_time":"2024-01-25T19:55:42+00:00","og_image":[{"url":"https:\/\/plasticatijuana.com\/wp-content\/uploads\/2016\/07\/skinCancer54ef.jpg","type":"","width":"","height":""}],"twitter_card":"summary_large_image","twitter_site":"@plasticatijuana","twitter_misc":{"Tiempo de lectura":"2 minutos"},"schema":{"@context":"https:\/\/schema.org","@graph":[{"@type":"WebPage","@id":"https:\/\/plasticatijuana.com\/es\/reconstruccion-del-cancer-de-piel\/","url":"https:\/\/plasticatijuana.com\/es\/reconstruccion-del-cancer-de-piel\/","name":"Reconstrucci\u00f3n del c\u00e1ncer de piel - Plastica Tijuana","isPartOf":{"@id":"https:\/\/plasticatijuana.com\/es\/#website"},"primaryImageOfPage":{"@id":"https:\/\/plasticatijuana.com\/es\/reconstruccion-del-cancer-de-piel\/#primaryimage"},"image":{"@id":"https:\/\/plasticatijuana.com\/es\/reconstruccion-del-cancer-de-piel\/#primaryimage"},"thumbnailUrl":"https:\/\/plasticatijuana.com\/wp-content\/uploads\/2016\/07\/skinCancer54ef.jpg","datePublished":"2016-07-22T01:46:28+00:00","dateModified":"2024-01-25T19:55:42+00:00","breadcrumb":{"@id":"https:\/\/plasticatijuana.com\/es\/reconstruccion-del-cancer-de-piel\/#breadcrumb"},"inLanguage":"es","potentialAction":[{"@type":"ReadAction","target":["https:\/\/plasticatijuana.com\/es\/reconstruccion-del-cancer-de-piel\/"]}]},{"@type":"ImageObject","inLanguage":"es","@id":"https:\/\/plasticatijuana.com\/es\/reconstruccion-del-cancer-de-piel\/#primaryimage","url":"https:\/\/plasticatijuana.com\/wp-content\/uploads\/2016\/07\/skinCancer54ef.jpg","contentUrl":"https:\/\/plasticatijuana.com\/wp-content\/uploads\/2016\/07\/skinCancer54ef.jpg"},{"@type":"BreadcrumbList","@id":"https:\/\/plasticatijuana.com\/es\/reconstruccion-del-cancer-de-piel\/#breadcrumb","itemListElement":[{"@type":"ListItem","position":1,"name":"Inicio","item":"https:\/\/plasticatijuana.com\/es\/home-2024\/"},{"@type":"ListItem","position":2,"name":"Reconstrucci\u00f3n del c\u00e1ncer de piel"}]},{"@type":"WebSite","@id":"https:\/\/plasticatijuana.com\/es\/#website","url":"https:\/\/plasticatijuana.com\/es\/","name":"Plastica Tijuana","description":"Because your beauty is unique","potentialAction":[{"@type":"SearchAction","target":{"@type":"EntryPoint","urlTemplate":"https:\/\/plasticatijuana.com\/es\/?s={search_term_string}"},"query-input":{"@type":"PropertyValueSpecification","valueRequired":true,"valueName":"search_term_string"}}],"inLanguage":"es"}]}},"_links":{"self":[{"href":"https:\/\/plasticatijuana.com\/es\/wp-json\/wp\/v2\/pages\/8658","targetHints":{"allow":["GET"]}}],"collection":[{"href":"https:\/\/plasticatijuana.com\/es\/wp-json\/wp\/v2\/pages"}],"about":[{"href":"https:\/\/plasticatijuana.com\/es\/wp-json\/wp\/v2\/types\/page"}],"author":[{"embeddable":true,"href":"https:\/\/plasticatijuana.com\/es\/wp-json\/wp\/v2\/users\/1"}],"replies":[{"embeddable":true,"href":"https:\/\/plasticatijuana.com\/es\/wp-json\/wp\/v2\/comments?post=8658"}],"version-history":[{"count":0,"href":"https:\/\/plasticatijuana.com\/es\/wp-json\/wp\/v2\/pages\/8658\/revisions"}],"wp:attachment":[{"href":"https:\/\/plasticatijuana.com\/es\/wp-json\/wp\/v2\/media?parent=8658"}],"curies":[{"name":"wp","href":"https:\/\/api.w.org\/{rel}","templated":true}]}}