{"id":8694,"date":"2016-07-21T12:11:09","date_gmt":"2016-07-21T19:11:09","guid":{"rendered":"https:\/\/plasticatijuana.com\/cirugia-de-aumento-mamario\/"},"modified":"2024-01-26T17:12:04","modified_gmt":"2024-01-26T16:12:04","slug":"cirugia-de-aumento-mamario","status":"publish","type":"page","link":"https:\/\/plasticatijuana.com\/es\/cirugia-de-aumento-mamario\/","title":{"rendered":"Cirug\u00eda de aumento mamario"},"content":{"rendered":"\t\t<div data-elementor-type=\"wp-page\" data-elementor-id=\"8694\" class=\"elementor elementor-8694 elementor-1777\" data-elementor-settings=\"{&quot;element_pack_global_tooltip_width&quot;:{&quot;unit&quot;:&quot;px&quot;,&quot;size&quot;:&quot;&quot;,&quot;sizes&quot;:[]},&quot;element_pack_global_tooltip_width_tablet&quot;:{&quot;unit&quot;:&quot;px&quot;,&quot;size&quot;:&quot;&quot;,&quot;sizes&quot;:[]},&quot;element_pack_global_tooltip_width_mobile&quot;:{&quot;unit&quot;:&quot;px&quot;,&quot;size&quot;:&quot;&quot;,&quot;sizes&quot;:[]},&quot;element_pack_global_tooltip_padding&quot;:{&quot;unit&quot;:&quot;px&quot;,&quot;top&quot;:&quot;&quot;,&quot;right&quot;:&quot;&quot;,&quot;bottom&quot;:&quot;&quot;,&quot;left&quot;:&quot;&quot;,&quot;isLinked&quot;:true},&quot;element_pack_global_tooltip_padding_tablet&quot;:{&quot;unit&quot;:&quot;px&quot;,&quot;top&quot;:&quot;&quot;,&quot;right&quot;:&quot;&quot;,&quot;bottom&quot;:&quot;&quot;,&quot;left&quot;:&quot;&quot;,&quot;isLinked&quot;:true},&quot;element_pack_global_tooltip_padding_mobile&quot;:{&quot;unit&quot;:&quot;px&quot;,&quot;top&quot;:&quot;&quot;,&quot;right&quot;:&quot;&quot;,&quot;bottom&quot;:&quot;&quot;,&quot;left&quot;:&quot;&quot;,&quot;isLinked&quot;:true},&quot;element_pack_global_tooltip_border_radius&quot;:{&quot;unit&quot;:&quot;px&quot;,&quot;top&quot;:&quot;&quot;,&quot;right&quot;:&quot;&quot;,&quot;bottom&quot;:&quot;&quot;,&quot;left&quot;:&quot;&quot;,&quot;isLinked&quot;:true},&quot;element_pack_global_tooltip_border_radius_tablet&quot;:{&quot;unit&quot;:&quot;px&quot;,&quot;top&quot;:&quot;&quot;,&quot;right&quot;:&quot;&quot;,&quot;bottom&quot;:&quot;&quot;,&quot;left&quot;:&quot;&quot;,&quot;isLinked&quot;:true},&quot;element_pack_global_tooltip_border_radius_mobile&quot;:{&quot;unit&quot;:&quot;px&quot;,&quot;top&quot;:&quot;&quot;,&quot;right&quot;:&quot;&quot;,&quot;bottom&quot;:&quot;&quot;,&quot;left&quot;:&quot;&quot;,&quot;isLinked&quot;:true}}\" data-elementor-post-type=\"page\">\n\t\t\t\t<div class=\"elementor-element elementor-element-1232a932 e-flex e-con-boxed e-con e-parent\" data-id=\"1232a932\" data-element_type=\"container\" data-e-type=\"container\" data-settings=\"{&quot;background_background&quot;:&quot;classic&quot;,&quot;shape_divider_bottom&quot;:&quot;triangle&quot;}\">\n\t\t\t\t\t<div class=\"e-con-inner\">\n\t\t\t\t<div class=\"elementor-shape elementor-shape-bottom\" aria-hidden=\"true\" data-negative=\"false\">\n\t\t\t<svg xmlns=\"http:\/\/www.w3.org\/2000\/svg\" viewBox=\"0 0 1000 100\" preserveAspectRatio=\"none\">\n\t<path class=\"elementor-shape-fill\" d=\"M500,98.9L0,6.1V0h1000v6.1L500,98.9z\"\/>\n<\/svg>\t\t<\/div>\n\t\t<div class=\"elementor-element elementor-element-555786d1 e-con-full e-flex e-con e-child\" data-id=\"555786d1\" data-element_type=\"container\" data-e-type=\"container\">\n\t\t\t\t<div class=\"elementor-element elementor-element-3f037d67 elementor-widget elementor-widget-text-editor\" data-id=\"3f037d67\" data-element_type=\"widget\" data-e-type=\"widget\" data-widget_type=\"text-editor.default\">\n\t\t\t\t<div class=\"elementor-widget-container\">\n\t\t\t\t\t\t\t\t\t<p><span style=\"color: #e3b17b;\"><strong>CIRUG\u00cdA<\/strong><\/span> DE AUMENTO MAMARIO<\/p>\n\t\t\t\t\t\t\t\t<\/div>\n\t\t\t\t<\/div>\n\t\t\t\t<div class=\"elementor-element elementor-element-47f4745e animated-slow elementor-invisible elementor-widget elementor-widget-heading\" data-id=\"47f4745e\" data-element_type=\"widget\" data-e-type=\"widget\" data-settings=\"{&quot;_animation&quot;:&quot;fadeInLeft&quot;}\" data-widget_type=\"heading.default\">\n\t\t\t\t<div class=\"elementor-widget-container\">\n\t\t\t\t\t<h5 class=\"elementor-heading-title elementor-size-default\">NUESTROS CIRUJANOS CERTIFICADOS <span>ADOPTAN UN ENFOQUE H\u00c1BIL Y ART\u00cdSTICO <br>DE LA CIRUG\u00cdA PL\u00c1STICA<\/span> <\/h5>\t\t\t\t<\/div>\n\t\t\t\t<\/div>\n\t\t\t\t<\/div>\n\t\t<div class=\"elementor-element elementor-element-13a077ed e-flex e-con-boxed e-con e-child\" data-id=\"13a077ed\" data-element_type=\"container\" data-e-type=\"container\">\n\t\t\t\t\t<div class=\"e-con-inner\">\n\t\t\t\t\t<\/div>\n\t\t\t\t<\/div>\n\t\t\t\t\t<\/div>\n\t\t\t\t<\/div>\n\t\t<div class=\"elementor-element elementor-element-6a7fcbf e-flex e-con-boxed e-con e-parent\" data-id=\"6a7fcbf\" data-element_type=\"container\" data-e-type=\"container\" data-settings=\"{&quot;background_background&quot;:&quot;classic&quot;}\">\n\t\t\t\t\t<div class=\"e-con-inner\">\n\t\t<div class=\"elementor-element elementor-element-5f156c0 e-con-full e-flex e-con e-child\" data-id=\"5f156c0\" data-element_type=\"container\" data-e-type=\"container\">\n\t\t\t\t<div class=\"elementor-element elementor-element-e7f8783 elementor-widget elementor-widget-text-editor\" data-id=\"e7f8783\" data-element_type=\"widget\" data-e-type=\"widget\" data-widget_type=\"text-editor.default\">\n\t\t\t\t<div class=\"elementor-widget-container\">\n\t\t\t\t\t\t\t\t\t<p>A&nbsp;La cirug\u00eda de <a class=\"cambiar-aa\" href=\"https:\/\/plasticatijuana.com\/breast-augmentation-2\/\">aumento mamario <\/a> &nbsp;o \u00abaumento de pecho\u00bb (mamoplastia de aumento) tiene la capacidad de aumentar la plenitud de sus pechos y mejorar su forma La cirug\u00eda de aumento mamario tambi\u00e9n se utiliza para equilibrar las asimetr\u00edas mamarias y muy a menudo ayuda a renovar la confianza en uno mismo.<\/p>\n<p>Los procedimientos de <strong>aumento mamario<\/strong> &nbsp;utilizan implantes mamarios para ayudar a aumentar el volumen de los senos y refinar las proporciones pecho-cuerpo. Se trata de un procedimiento habitual que tambi\u00e9n se utiliza para mejorar la p\u00e9rdida de volumen mamario tras un embarazo o una reducci\u00f3n de peso. Los implantes mamarios tambi\u00e9n se utilizan para ayudar a reconstruir un pecho tras una mastectom\u00eda o una lesi\u00f3n.<\/p>\n<p>Si busca unos&nbsp; p<strong>echos m\u00e1s grandes y con mejor forma<\/strong>, la cirug\u00eda de aumento mamario (aumento de mamas) puede ser el procedimiento adecuado para usted.<\/p>\t\t\t\t\t\t\t\t<\/div>\n\t\t\t\t<\/div>\n\t\t\t\t<\/div>\n\t\t<div class=\"elementor-element elementor-element-4d07929 e-con-full e-flex e-con e-child\" data-id=\"4d07929\" data-element_type=\"container\" data-e-type=\"container\">\n\t\t\t\t<div class=\"elementor-element elementor-element-1022efa elementor-widget elementor-widget-image\" data-id=\"1022efa\" data-element_type=\"widget\" data-e-type=\"widget\" data-widget_type=\"image.default\">\n\t\t\t\t<div class=\"elementor-widget-container\">\n\t\t\t\t\t\t\t\t\t\t\t\t\t\t\t<img fetchpriority=\"high\" decoding=\"async\" width=\"637\" height=\"425\" src=\"https:\/\/plasticatijuana.com\/wp-content\/uploads\/2023\/12\/breastSurgery54ef.jpg\" class=\"attachment-large size-large wp-image-8109\" alt=\"Breast Augmentation Surgery\" srcset=\"https:\/\/plasticatijuana.com\/wp-content\/uploads\/2023\/12\/breastSurgery54ef.jpg 637w, https:\/\/plasticatijuana.com\/wp-content\/uploads\/2023\/12\/breastSurgery54ef-300x200.jpg 300w\" sizes=\"(max-width: 637px) 100vw, 637px\" \/>\t\t\t\t\t\t\t\t\t\t\t\t\t\t\t<\/div>\n\t\t\t\t<\/div>\n\t\t\t\t<\/div>\n\t\t\t\t\t<\/div>\n\t\t\t\t<\/div>\n\t\t\t\t<section class=\"elementor-section elementor-top-section elementor-element elementor-element-4456503b elementor-section-boxed elementor-section-height-default elementor-section-height-default\" data-id=\"4456503b\" data-element_type=\"section\" data-e-type=\"section\" data-settings=\"{&quot;background_background&quot;:&quot;classic&quot;}\">\n\t\t\t\t\t\t\t<div class=\"elementor-background-overlay\"><\/div>\n\t\t\t\t\t\t\t<div class=\"elementor-container elementor-column-gap-default\">\n\t\t\t\t\t<div class=\"elementor-column elementor-col-100 elementor-top-column elementor-element elementor-element-6e6c0a25\" data-id=\"6e6c0a25\" data-element_type=\"column\" data-e-type=\"column\">\n\t\t\t<div class=\"elementor-widget-wrap elementor-element-populated\">\n\t\t\t\t\t\t<div class=\"elementor-element elementor-element-f1db89d elementor-widget elementor-widget-text-editor\" data-id=\"f1db89d\" data-element_type=\"widget\" data-e-type=\"widget\" data-widget_type=\"text-editor.default\">\n\t\t\t\t<div class=\"elementor-widget-container\">\n\t\t\t\t\t\t\t\t\t<p><span class=\"col-orange\"><strong>\u00bfQu\u00e9 discutir con su cirujano?<\/strong><\/span> Cuando se piensa en el Aumento de Senos o \u00abAgrandamiento\u00bb de Senos, es importante tener expectativas realistas y discutir cualquier pregunta o preocupaci\u00f3n con su m\u00e9dico durante la consulta en P<a class=\"cambiar-a\" href=\"https:\/\/plasticatijuana.com\/\">l\u00e1stica Tijuana Surgery.<\/a><\/p>\n\t\t\t\t\t\t\t\t<\/div>\n\t\t\t\t<\/div>\n\t\t\t\t<div class=\"elementor-element elementor-element-56cc0c0b elementor-widget elementor-widget-heading\" data-id=\"56cc0c0b\" data-element_type=\"widget\" data-e-type=\"widget\" data-widget_type=\"heading.default\">\n\t\t\t\t<div class=\"elementor-widget-container\">\n\t\t\t\t\t<h2 class=\"elementor-heading-title elementor-size-default\">Candidata ideal para un aumento de pecho:\n<\/h2>\t\t\t\t<\/div>\n\t\t\t\t<\/div>\n\t\t\t\t<div class=\"elementor-element elementor-element-d08de47 elementor-icon-list--layout-traditional elementor-list-item-link-full_width elementor-widget elementor-widget-icon-list\" data-id=\"d08de47\" data-element_type=\"widget\" data-e-type=\"widget\" data-widget_type=\"icon-list.default\">\n\t\t\t\t<div class=\"elementor-widget-container\">\n\t\t\t\t\t\t\t<ul class=\"elementor-icon-list-items\">\n\t\t\t\t\t\t\t<li class=\"elementor-icon-list-item\">\n\t\t\t\t\t\t\t\t\t\t\t<span class=\"elementor-icon-list-icon\">\n\t\t\t\t\t\t\t<i aria-hidden=\"true\" class=\"jki jki-right-arrow-7\"><\/i>\t\t\t\t\t\t<\/span>\n\t\t\t\t\t\t\t\t\t\t<span class=\"elementor-icon-list-text\">Sano, no fumador y sin problemas m\u00e9dicos que puedan afectar a la cicatrizaci\u00f3n de la herida.<\/span>\n\t\t\t\t\t\t\t\t\t<\/li>\n\t\t\t\t\t\t\t\t<li class=\"elementor-icon-list-item\">\n\t\t\t\t\t\t\t\t\t\t\t<span class=\"elementor-icon-list-icon\">\n\t\t\t\t\t\t\t<i aria-hidden=\"true\" class=\"jki jki-right-arrow-7\"><\/i>\t\t\t\t\t\t<\/span>\n\t\t\t\t\t\t\t\t\t\t<span class=\"elementor-icon-list-text\">En relativamente buena forma f\u00edsica y salud<\/span>\n\t\t\t\t\t\t\t\t\t<\/li>\n\t\t\t\t\t\t\t\t<li class=\"elementor-icon-list-item\">\n\t\t\t\t\t\t\t\t\t\t\t<span class=\"elementor-icon-list-icon\">\n\t\t\t\t\t\t\t<i aria-hidden=\"true\" class=\"jki jki-right-arrow-7\"><\/i>\t\t\t\t\t\t<\/span>\n\t\t\t\t\t\t\t\t\t\t<span class=\"elementor-icon-list-text\">No est\u00e1 embarazada ni en per\u00edodo de lactancia<\/span>\n\t\t\t\t\t\t\t\t\t<\/li>\n\t\t\t\t\t\t\t\t<li class=\"elementor-icon-list-item\">\n\t\t\t\t\t\t\t\t\t\t\t<span class=\"elementor-icon-list-icon\">\n\t\t\t\t\t\t\t<i aria-hidden=\"true\" class=\"jki jki-right-arrow-7\"><\/i>\t\t\t\t\t\t<\/span>\n\t\t\t\t\t\t\t\t\t\t<span class=\"elementor-icon-list-text\">Tener objetivos y expectativas realistas<\/span>\n\t\t\t\t\t\t\t\t\t<\/li>\n\t\t\t\t\t\t<\/ul>\n\t\t\t\t\t\t<\/div>\n\t\t\t\t<\/div>\n\t\t\t\t<div class=\"elementor-element elementor-element-9433f87 elementor-widget elementor-widget-text-editor\" data-id=\"9433f87\" data-element_type=\"widget\" data-e-type=\"widget\" data-widget_type=\"text-editor.default\">\n\t\t\t\t<div class=\"elementor-widget-container\">\n\t\t\t\t\t\t\t\t\t<div class=\"wpb_text_column wpb_content_element bs-vc-block\">\n<div class=\"wpb_wrapper\">\n<p>Debe comentar por qu\u00e9 desea someterse a una cirug\u00eda de aumento o \u00abalargamiento\u00bb de mamas y su historial m\u00e9dico, incluidos los antecedentes familiares de c\u00e1ncer de mama, diabetes, trastornos tiroideos, hipertensi\u00f3n arterial y trastornos cardiovasculares o circulatorios. Tambi\u00e9n debe comentar sus antecedentes quir\u00fargicos, los resultados de cualquier mamograf\u00eda reciente y el consumo de medicamentos con o sin receta, suplementos, vitaminas, alcohol, tabaco y\/o drogas. Todos estos factores pueden afectar a la cirug\u00eda de aumento mamario, a la cicatrizaci\u00f3n postoperatoria y, en \u00faltima instancia, a los resultados de la intervenci\u00f3n.<\/p>\n<p>Decidir renovar su aspecto es una gran decisi\u00f3n. Y encontrar el cirujano pl\u00e1stico adecuado para realizar el procedimiento es importante. El <a class=\"cambiar-a\" href=\"https:\/\/plasticatijuana.com\/staff_trusted\/dr-juan-pablo-cervantes\/\">Dr. Juan Pablo Cervantes<\/a> le explicar\u00e1 el procedimiento, los beneficios, los posibles riesgos y complicaciones, y responder\u00e1 a todas sus preguntas, para que pueda decidir si un procedimiento es adecuado para usted.<\/p>\n<\/div>\n<\/div>\n\t\t\t\t\t\t\t\t<\/div>\n\t\t\t\t<\/div>\n\t\t\t\t\t<\/div>\n\t\t<\/div>\n\t\t\t\t\t<\/div>\n\t\t<\/section>\n\t\t\t\t<\/div>\n\t\t","protected":false},"excerpt":{"rendered":"<p>CIRUG\u00cdA DE AUMENTO MAMARIO NUESTROS CIRUJANOS CERTIFICADOS ADOPTAN UN ENFOQUE H\u00c1BIL Y ART\u00cdSTICO DE LA CIRUG\u00cdA PL\u00c1STICA A&nbsp;La cirug\u00eda de aumento mamario &nbsp;o \u00abaumento de pecho\u00bb (mamoplastia de aumento) tiene la capacidad de aumentar la plenitud de sus pechos y mejorar su forma La cirug\u00eda de aumento mamario tambi\u00e9n se utiliza para equilibrar las asimetr\u00edas [&hellip;]<\/p>\n","protected":false},"author":1,"featured_media":8109,"parent":0,"menu_order":0,"comment_status":"closed","ping_status":"closed","template":"","meta":{"footnotes":""},"class_list":["post-8694","page","type-page","status-publish","has-post-thumbnail","hentry"],"yoast_head":"<!-- This site is optimized with the Yoast SEO plugin v27.4 - https:\/\/yoast.com\/product\/yoast-seo-wordpress\/ -->\n<title>Aumento de Senos | Pl\u00e1stica Tijuana, Cirug\u00eda Pl\u00e1stica y Reconstructiva<\/title>\n<meta name=\"description\" content=\"En Pl\u00e1stica Tijuana Surgery, el cirujano pl\u00e1stico certificado Dr. Juan Pablo Cervantes se centra en el aspecto m\u00e1s importante de su aumento de senos: Usted.\" \/>\n<meta name=\"robots\" content=\"index, follow, max-snippet:-1, max-image-preview:large, max-video-preview:-1\" \/>\n<link rel=\"canonical\" href=\"https:\/\/plasticatijuana.com\/es\/cirugia-de-aumento-mamario\/\" \/>\n<meta property=\"og:locale\" content=\"es_ES\" \/>\n<meta property=\"og:type\" content=\"article\" \/>\n<meta property=\"og:title\" content=\"Aumento de Senos | Pl\u00e1stica Tijuana, Cirug\u00eda Pl\u00e1stica y Reconstructiva\" \/>\n<meta property=\"og:description\" content=\"En Pl\u00e1stica Tijuana Surgery, el cirujano pl\u00e1stico certificado Dr. Juan Pablo Cervantes se centra en el aspecto m\u00e1s importante de su aumento de senos: Usted.\" \/>\n<meta property=\"og:url\" content=\"https:\/\/plasticatijuana.com\/es\/cirugia-de-aumento-mamario\/\" \/>\n<meta property=\"og:site_name\" content=\"Plastica Tijuana\" \/>\n<meta property=\"article:publisher\" content=\"https:\/\/www.facebook.com\/cervantesaragonplasticsurgery\/\" \/>\n<meta property=\"article:modified_time\" content=\"2024-01-26T16:12:04+00:00\" \/>\n<meta property=\"og:image\" content=\"https:\/\/plasticatijuana.com\/wp-content\/uploads\/2023\/12\/breastSurgery54ef.jpg\" \/>\n<meta name=\"twitter:card\" content=\"summary_large_image\" \/>\n<meta name=\"twitter:site\" content=\"@plasticatijuana\" \/>\n<meta name=\"twitter:label1\" content=\"Tiempo de lectura\" \/>\n\t<meta name=\"twitter:data1\" content=\"2 minutos\" \/>\n<script type=\"application\/ld+json\" class=\"yoast-schema-graph\">{\"@context\":\"https:\\\/\\\/schema.org\",\"@graph\":[{\"@type\":\"WebPage\",\"@id\":\"https:\\\/\\\/plasticatijuana.com\\\/es\\\/cirugia-de-aumento-mamario\\\/\",\"url\":\"https:\\\/\\\/plasticatijuana.com\\\/es\\\/cirugia-de-aumento-mamario\\\/\",\"name\":\"Aumento de Senos | Pl\u00e1stica Tijuana, Cirug\u00eda Pl\u00e1stica y Reconstructiva\",\"isPartOf\":{\"@id\":\"https:\\\/\\\/plasticatijuana.com\\\/es\\\/#website\"},\"primaryImageOfPage\":{\"@id\":\"https:\\\/\\\/plasticatijuana.com\\\/es\\\/cirugia-de-aumento-mamario\\\/#primaryimage\"},\"image\":{\"@id\":\"https:\\\/\\\/plasticatijuana.com\\\/es\\\/cirugia-de-aumento-mamario\\\/#primaryimage\"},\"thumbnailUrl\":\"https:\\\/\\\/plasticatijuana.com\\\/wp-content\\\/uploads\\\/2023\\\/12\\\/breastSurgery54ef.jpg\",\"datePublished\":\"2016-07-21T19:11:09+00:00\",\"dateModified\":\"2024-01-26T16:12:04+00:00\",\"description\":\"En Pl\u00e1stica Tijuana Surgery, el cirujano pl\u00e1stico certificado Dr. Juan Pablo Cervantes se centra en el aspecto m\u00e1s importante de su aumento de senos: Usted.\",\"breadcrumb\":{\"@id\":\"https:\\\/\\\/plasticatijuana.com\\\/es\\\/cirugia-de-aumento-mamario\\\/#breadcrumb\"},\"inLanguage\":\"es\",\"potentialAction\":[{\"@type\":\"ReadAction\",\"target\":[\"https:\\\/\\\/plasticatijuana.com\\\/es\\\/cirugia-de-aumento-mamario\\\/\"]}]},{\"@type\":\"ImageObject\",\"inLanguage\":\"es\",\"@id\":\"https:\\\/\\\/plasticatijuana.com\\\/es\\\/cirugia-de-aumento-mamario\\\/#primaryimage\",\"url\":\"https:\\\/\\\/plasticatijuana.com\\\/wp-content\\\/uploads\\\/2023\\\/12\\\/breastSurgery54ef.jpg\",\"contentUrl\":\"https:\\\/\\\/plasticatijuana.com\\\/wp-content\\\/uploads\\\/2023\\\/12\\\/breastSurgery54ef.jpg\",\"width\":637,\"height\":425,\"caption\":\"Breast Augmentation Surgery\"},{\"@type\":\"BreadcrumbList\",\"@id\":\"https:\\\/\\\/plasticatijuana.com\\\/es\\\/cirugia-de-aumento-mamario\\\/#breadcrumb\",\"itemListElement\":[{\"@type\":\"ListItem\",\"position\":1,\"name\":\"Inicio\",\"item\":\"https:\\\/\\\/plasticatijuana.com\\\/es\\\/home-2024\\\/\"},{\"@type\":\"ListItem\",\"position\":2,\"name\":\"Cirug\u00eda de aumento mamario\"}]},{\"@type\":\"WebSite\",\"@id\":\"https:\\\/\\\/plasticatijuana.com\\\/es\\\/#website\",\"url\":\"https:\\\/\\\/plasticatijuana.com\\\/es\\\/\",\"name\":\"Plastica Tijuana\",\"description\":\"Because your beauty is unique\",\"potentialAction\":[{\"@type\":\"SearchAction\",\"target\":{\"@type\":\"EntryPoint\",\"urlTemplate\":\"https:\\\/\\\/plasticatijuana.com\\\/es\\\/?s={search_term_string}\"},\"query-input\":{\"@type\":\"PropertyValueSpecification\",\"valueRequired\":true,\"valueName\":\"search_term_string\"}}],\"inLanguage\":\"es\"}]}<\/script>\n<!-- \/ Yoast SEO plugin. -->","yoast_head_json":{"title":"Aumento de Senos | Pl\u00e1stica Tijuana, Cirug\u00eda Pl\u00e1stica y Reconstructiva","description":"En Pl\u00e1stica Tijuana Surgery, el cirujano pl\u00e1stico certificado Dr. Juan Pablo Cervantes se centra en el aspecto m\u00e1s importante de su aumento de senos: Usted.","robots":{"index":"index","follow":"follow","max-snippet":"max-snippet:-1","max-image-preview":"max-image-preview:large","max-video-preview":"max-video-preview:-1"},"canonical":"https:\/\/plasticatijuana.com\/es\/cirugia-de-aumento-mamario\/","og_locale":"es_ES","og_type":"article","og_title":"Aumento de Senos | Pl\u00e1stica Tijuana, Cirug\u00eda Pl\u00e1stica y Reconstructiva","og_description":"En Pl\u00e1stica Tijuana Surgery, el cirujano pl\u00e1stico certificado Dr. Juan Pablo Cervantes se centra en el aspecto m\u00e1s importante de su aumento de senos: Usted.","og_url":"https:\/\/plasticatijuana.com\/es\/cirugia-de-aumento-mamario\/","og_site_name":"Plastica Tijuana","article_publisher":"https:\/\/www.facebook.com\/cervantesaragonplasticsurgery\/","article_modified_time":"2024-01-26T16:12:04+00:00","og_image":[{"url":"https:\/\/plasticatijuana.com\/wp-content\/uploads\/2023\/12\/breastSurgery54ef.jpg","type":"","width":"","height":""}],"twitter_card":"summary_large_image","twitter_site":"@plasticatijuana","twitter_misc":{"Tiempo de lectura":"2 minutos"},"schema":{"@context":"https:\/\/schema.org","@graph":[{"@type":"WebPage","@id":"https:\/\/plasticatijuana.com\/es\/cirugia-de-aumento-mamario\/","url":"https:\/\/plasticatijuana.com\/es\/cirugia-de-aumento-mamario\/","name":"Aumento de Senos | Pl\u00e1stica Tijuana, Cirug\u00eda Pl\u00e1stica y Reconstructiva","isPartOf":{"@id":"https:\/\/plasticatijuana.com\/es\/#website"},"primaryImageOfPage":{"@id":"https:\/\/plasticatijuana.com\/es\/cirugia-de-aumento-mamario\/#primaryimage"},"image":{"@id":"https:\/\/plasticatijuana.com\/es\/cirugia-de-aumento-mamario\/#primaryimage"},"thumbnailUrl":"https:\/\/plasticatijuana.com\/wp-content\/uploads\/2023\/12\/breastSurgery54ef.jpg","datePublished":"2016-07-21T19:11:09+00:00","dateModified":"2024-01-26T16:12:04+00:00","description":"En Pl\u00e1stica Tijuana Surgery, el cirujano pl\u00e1stico certificado Dr. Juan Pablo Cervantes se centra en el aspecto m\u00e1s importante de su aumento de senos: Usted.","breadcrumb":{"@id":"https:\/\/plasticatijuana.com\/es\/cirugia-de-aumento-mamario\/#breadcrumb"},"inLanguage":"es","potentialAction":[{"@type":"ReadAction","target":["https:\/\/plasticatijuana.com\/es\/cirugia-de-aumento-mamario\/"]}]},{"@type":"ImageObject","inLanguage":"es","@id":"https:\/\/plasticatijuana.com\/es\/cirugia-de-aumento-mamario\/#primaryimage","url":"https:\/\/plasticatijuana.com\/wp-content\/uploads\/2023\/12\/breastSurgery54ef.jpg","contentUrl":"https:\/\/plasticatijuana.com\/wp-content\/uploads\/2023\/12\/breastSurgery54ef.jpg","width":637,"height":425,"caption":"Breast Augmentation Surgery"},{"@type":"BreadcrumbList","@id":"https:\/\/plasticatijuana.com\/es\/cirugia-de-aumento-mamario\/#breadcrumb","itemListElement":[{"@type":"ListItem","position":1,"name":"Inicio","item":"https:\/\/plasticatijuana.com\/es\/home-2024\/"},{"@type":"ListItem","position":2,"name":"Cirug\u00eda de aumento mamario"}]},{"@type":"WebSite","@id":"https:\/\/plasticatijuana.com\/es\/#website","url":"https:\/\/plasticatijuana.com\/es\/","name":"Plastica Tijuana","description":"Because your beauty is unique","potentialAction":[{"@type":"SearchAction","target":{"@type":"EntryPoint","urlTemplate":"https:\/\/plasticatijuana.com\/es\/?s={search_term_string}"},"query-input":{"@type":"PropertyValueSpecification","valueRequired":true,"valueName":"search_term_string"}}],"inLanguage":"es"}]}},"_links":{"self":[{"href":"https:\/\/plasticatijuana.com\/es\/wp-json\/wp\/v2\/pages\/8694","targetHints":{"allow":["GET"]}}],"collection":[{"href":"https:\/\/plasticatijuana.com\/es\/wp-json\/wp\/v2\/pages"}],"about":[{"href":"https:\/\/plasticatijuana.com\/es\/wp-json\/wp\/v2\/types\/page"}],"author":[{"embeddable":true,"href":"https:\/\/plasticatijuana.com\/es\/wp-json\/wp\/v2\/users\/1"}],"replies":[{"embeddable":true,"href":"https:\/\/plasticatijuana.com\/es\/wp-json\/wp\/v2\/comments?post=8694"}],"version-history":[{"count":0,"href":"https:\/\/plasticatijuana.com\/es\/wp-json\/wp\/v2\/pages\/8694\/revisions"}],"wp:featuredmedia":[{"embeddable":true,"href":"https:\/\/plasticatijuana.com\/es\/wp-json\/wp\/v2\/media\/8109"}],"wp:attachment":[{"href":"https:\/\/plasticatijuana.com\/es\/wp-json\/wp\/v2\/media?parent=8694"}],"curies":[{"name":"wp","href":"https:\/\/api.w.org\/{rel}","templated":true}]}}